{"id":7222,"date":"2026-03-13T22:50:52","date_gmt":"2026-03-13T22:50:52","guid":{"rendered":"https:\/\/master.birthday-gifts-her.com\/?page_id=7222"},"modified":"2026-04-04T03:15:33","modified_gmt":"2026-04-04T03:15:33","slug":"terms-and-conditions","status":"publish","type":"page","link":"https:\/\/wireless-carplay-box.com\/de\/terms-and-conditions\/","title":{"rendered":"Allgemeine Gesch\u00e4ftsbedingungen"},"content":{"rendered":"\n<p>Willkommen bei <strong>Wireless CarPlay Solutions<\/strong>. Diese Allgemeinen Gesch\u00e4ftsbedingungen regeln Ihre Nutzung unserer Website und den Kauf von <strong>carplay-box<\/strong> Produkten in unserem Online-Shop. Durch den Zugriff auf unsere Website oder das Aufgeben einer Bestellung erkl\u00e4ren Sie sich mit diesen Allgemeinen Gesch\u00e4ftsbedingungen einverstanden.<\/p>\n\n\n\n<p>Wenn Sie mit diesen Bedingungen nicht einverstanden sind, verwenden Sie bitte unsere Website nicht.<\/p>\n\n\n\n<p>Bei Fragen zu diesen Bedingungen kontaktieren Sie uns bitte unter:<br><strong>E-Mail:<\/strong> contact@wireless-carplay-box.com<\/p>\n\n\n\n<hr class=\"wp-block-separator has-alpha-channel-opacity\"\/>\n\n\n\n<h1 class=\"wp-block-heading\">1. Unternehmensinformationen<\/h1>\n\n\n\n<p>Diese Website wird betrieben von <strong>Wireless CarPlay Solutions<\/strong>. Auf der gesamten Website beziehen sich die Begriffe \u201ewir\u201c, \u201euns\u201c und \u201eunser\u201c auf <strong>Wireless CarPlay Solutions<\/strong>.<\/p>\n\n\n\n<p>Durch den Besuch unserer Website und\/oder den Kauf von etwas bei uns nehmen Sie unseren Service in Anspruch und erkl\u00e4ren sich mit diesen Allgemeinen Gesch\u00e4ftsbedingungen einverstanden.<\/p>\n\n\n\n<hr class=\"wp-block-separator has-alpha-channel-opacity\"\/>\n\n\n\n<h1 class=\"wp-block-heading\">2. Nutzung der Website<\/h1>\n\n\n\n<p>Durch die Nutzung dieser Website best\u00e4tigen Sie, dass:<\/p>\n\n\n\n<ul class=\"wp-block-list\">\n<li>Sie mindestens das gesetzliche Mindestalter in Ihrem Wohnsitzland erreicht haben<\/li>\n\n\n\n<li>Sie unsere Produkte nicht f\u00fcr illegale oder unbefugte Zwecke verwenden werden<\/li>\n\n\n\n<li>Sie keine geltenden Gesetze in Ihrer Gerichtsbarkeit verletzen werden<\/li>\n\n\n\n<li>Sie keine Viren oder sch\u00e4dlichen Code \u00fcbertragen werden<\/li>\n<\/ul>\n\n\n\n<p>Ein Versto\u00df gegen diese Bedingungen kann zur Beendigung Ihres Zugangs zu unseren Dienstleistungen f\u00fchren.<\/p>\n\n\n\n<hr class=\"wp-block-separator has-alpha-channel-opacity\"\/>\n\n\n\n<h1 class=\"wp-block-heading\">3. Produkte und Dienstleistungen<\/h1>\n\n\n\n<p><strong>Wireless CarPlay Solutions<\/strong> verkauft <strong>carplay-box<\/strong> Produkte \u00fcber ein Dropshipping-Gesch\u00e4ftsmodell.<\/p>\n\n\n\n<p>Da die Produkte von Drittanbietern und Lieferanten bereitgestellt werden:<\/p>\n\n\n\n<ul class=\"wp-block-list\">\n<li>Die Verf\u00fcgbarkeit von Produkten kann sich ohne Vorank\u00fcndigung \u00e4ndern<\/li>\n\n\n\n<li>Produktbeschreibungen und Bilder k\u00f6nnen geringf\u00fcgig vom tats\u00e4chlichen Produkt abweichen<\/li>\n\n\n\n<li>Wir behalten uns das Recht vor, die Mengen beliebiger Produkte zu begrenzen<\/li>\n<\/ul>\n\n\n\n<p>Wir bem\u00fchen uns, genaue Produktinformationen anzuzeigen, k\u00f6nnen jedoch nicht garantieren, dass alle Details immer vollst\u00e4ndig oder fehlerfrei sind.<\/p>\n\n\n\n<hr class=\"wp-block-separator has-alpha-channel-opacity\"\/>\n\n\n\n<h1 class=\"wp-block-heading\">4. Bestellprozess<\/h1>\n\n\n\n<p>Wenn Sie eine Bestellung \u00fcber unsere Website aufgeben:<\/p>\n\n\n\n<ol class=\"wp-block-list\">\n<li>W\u00e4hlen Sie Produkte aus und f\u00fcgen Sie sie Ihrem Warenkorb hinzu<\/li>\n\n\n\n<li>Geben Sie Versand- und Zahlungsinformationen an<\/li>\n\n\n\n<li>Best\u00e4tigen und senden Sie Ihre Bestellung<\/li>\n<\/ol>\n\n\n\n<p>Nach der Aufgabe einer Bestellung:<\/p>\n\n\n\n<ul class=\"wp-block-list\">\n<li>Sie erhalten eine Bestellbest\u00e4tigungs-E-Mail<\/li>\n\n\n\n<li>Bestellungen werden bearbeitet, nachdem die Zahlung erfolgreich abgeschlossen wurde<\/li>\n\n\n\n<li>Wir behalten uns das Recht vor, jede Bestellung bei Bedarf abzulehnen oder zu stornieren<\/li>\n<\/ul>\n\n\n\n<p>Gr\u00fcnde f\u00fcr eine Stornierung k\u00f6nnen sein:<\/p>\n\n\n\n<ul class=\"wp-block-list\">\n<li>Probleme mit der Produktverf\u00fcgbarkeit<\/li>\n\n\n\n<li>Fehler bei der Zahlungsautorisierung<\/li>\n\n\n\n<li>Verdacht auf Betrug<\/li>\n\n\n\n<li>Fehler bei Produkt- oder Preisinformationen<\/li>\n<\/ul>\n\n\n\n<p>Wenn eine Bestellung nach der Zahlung storniert wird, erfolgt eine vollst\u00e4ndige R\u00fcckerstattung.<\/p>\n\n\n\n<hr class=\"wp-block-separator has-alpha-channel-opacity\"\/>\n\n\n\n<h1 class=\"wp-block-heading\">5. Preise und Zahlungen<\/h1>\n\n\n\n<p>Alle auf der Website angezeigten Preise sind in der geltenden W\u00e4hrung angegeben und k\u00f6nnen jederzeit ohne vorherige Ank\u00fcndigung ge\u00e4ndert werden.<\/p>\n\n\n\n<p>Wir akzeptieren Zahlungen \u00fcber sichere Drittanbieter-Zahlungsdienstleister.<\/p>\n\n\n\n<p>Durch die \u00dcbermittlung von Zahlungsinformationen erkl\u00e4ren Sie, dass:<\/p>\n\n\n\n<ul class=\"wp-block-list\">\n<li>Sie zur Nutzung der Zahlungsmethode autorisiert sind<\/li>\n\n\n\n<li>Die bereitgestellten Informationen genau und vollst\u00e4ndig sind<\/li>\n<\/ul>\n\n\n\n<p>Wir sind nicht verantwortlich f\u00fcr Zahlungsbearbeitungsfehler, die durch Drittanbieter verursacht werden.<\/p>\n\n\n\n<hr class=\"wp-block-separator has-alpha-channel-opacity\"\/>\n\n\n\n<h1 class=\"wp-block-heading\">6. Versand und Lieferung<\/h1>\n\n\n\n<p><strong>Wireless CarPlay Solutions<\/strong> versendet <strong>carplay-box<\/strong> Produkte weltweit.<\/p>\n\n\n\n<p>Die Versandzeiten k\u00f6nnen je nach:<\/p>\n\n\n\n<ul class=\"wp-block-list\">\n<li>Bestimmungsland<\/li>\n\n\n\n<li>Bearbeitungszeiten des Lieferanten<\/li>\n\n\n\n<li>Zollverfahren<\/li>\n\n\n\n<li>Lokalen Postdiensten<\/li>\n<\/ul>\n\n\n\n<p>Gesch\u00e4tzte Lieferzeiten werden nur zur Orientierung angegeben und sind nicht garantiert.<\/p>\n\n\n\n<p>Kunden sind verantwortlich f\u00fcr:<\/p>\n\n\n\n<ul class=\"wp-block-list\">\n<li>Bereitstellung genauer Versandinformationen<\/li>\n\n\n\n<li>Zahlung von Zollgeb\u00fchren oder Einfuhrsteuern, die von ihrem Land verlangt werden<\/li>\n<\/ul>\n\n\n\n<p>Wir sind nicht verantwortlich f\u00fcr Verz\u00f6gerungen, die durch Zoll, Spediteure oder unvorhergesehene logistische Probleme verursacht werden.<\/p>\n\n\n\n<hr class=\"wp-block-separator has-alpha-channel-opacity\"\/>\n\n\n\n<h1 class=\"wp-block-heading\">7. R\u00fccksendungen und R\u00fcckerstattungen<\/h1>\n\n\n\n<p>Die Zufriedenheit unserer Kunden ist uns wichtig. Wenn Sie mit Ihrem Kauf nicht zufrieden sind, kontaktieren Sie uns bitte unter <strong>contact@wireless-carplay-box.com<\/strong>.<\/p>\n\n\n\n<p>Die R\u00fcckgabeberechtigung kann von Folgendem abh\u00e4ngen:<\/p>\n\n\n\n<ul class=\"wp-block-list\">\n<li>Produktzustand<\/li>\n\n\n\n<li>Frist f\u00fcr R\u00fccksendeantr\u00e4ge<\/li>\n\n\n\n<li>Richtlinien des Lieferanten<\/li>\n<\/ul>\n\n\n\n<p>Artikel sind m\u00f6glicherweise nicht f\u00fcr eine R\u00fccksendung berechtigt, wenn sie:<\/p>\n\n\n\n<ul class=\"wp-block-list\">\n<li>Vom Kunden benutzt oder besch\u00e4digt wurden<\/li>\n\n\n\n<li>Au\u00dferhalb des erlaubten Zeitrahmens zur\u00fcckgegeben werden<\/li>\n\n\n\n<li>Nicht r\u00fcckgabef\u00e4hige Produkte wie bestimmte Hygiene- oder pers\u00f6nliche Artikel sind<\/li>\n<\/ul>\n\n\n\n<p>R\u00fcckerstattungen, sofern genehmigt, werden \u00fcber die urspr\u00fcngliche Zahlungsmethode bearbeitet.<\/p>\n\n\n\n<p>Die Bearbeitungszeiten f\u00fcr R\u00fcckerstattungen k\u00f6nnen je nach Zahlungsanbieter variieren.<\/p>\n\n\n\n<hr class=\"wp-block-separator has-alpha-channel-opacity\"\/>\n\n\n\n<h1 class=\"wp-block-heading\">8. Bestell\u00e4nderungen und Stornierungen<\/h1>\n\n\n\n<p>Bestellungen k\u00f6nnen nur innerhalb eines begrenzten Zeitraums nach der Aufgabe ge\u00e4ndert oder storniert werden.<\/p>\n\n\n\n<p>Nachdem eine Bestellung bearbeitet oder versendet wurde, kann eine Stornierung m\u00f6glicherweise nicht mehr m\u00f6glich sein.<\/p>\n\n\n\n<p>Kunden sollten <strong>contact@wireless-carplay-box.com<\/strong> sofort kontaktieren, wenn sie Hilfe bei \u00c4nderungen an der Bestellung ben\u00f6tigen.<\/p>\n\n\n\n<hr class=\"wp-block-separator has-alpha-channel-opacity\"\/>\n\n\n\n<h1 class=\"wp-block-heading\">9. Geistiges Eigentum<\/h1>\n\n\n\n<p>Alle Inhalte auf dieser Website sind Eigentum von <strong>Wireless CarPlay Solutions<\/strong>, einschlie\u00dflich, aber nicht beschr\u00e4nkt auf:<\/p>\n\n\n\n<ul class=\"wp-block-list\">\n<li>Logos<\/li>\n\n\n\n<li>Text<\/li>\n\n\n\n<li>Grafiken<\/li>\n\n\n\n<li>Websitedesign<\/li>\n\n\n\n<li>Produktlisten<\/li>\n\n\n\n<li>Bilder<\/li>\n<\/ul>\n\n\n\n<p>Dieser Inhalt ist durch Gesetze zum geistigen Eigentum gesch\u00fctzt.<\/p>\n\n\n\n<p>Sie d\u00fcrfen keinen Inhalt ohne vorherige schriftliche Genehmigung von <strong>Wireless CarPlay Solutions<\/strong> reproduzieren, verteilen, \u00e4ndern oder verwenden.<\/p>\n\n\n\n<hr class=\"wp-block-separator has-alpha-channel-opacity\"\/>\n\n\n\n<h1 class=\"wp-block-heading\">10. Haftungsbeschr\u00e4nkung<\/h1>\n\n\n\n<p>Im gr\u00f6\u00dftm\u00f6glichen gesetzlich zul\u00e4ssigen Umfang haftet <strong>Wireless CarPlay Solutions<\/strong> nicht f\u00fcr:<\/p>\n\n\n\n<ul class=\"wp-block-list\">\n<li>Indirekte oder Folgesch\u00e4den<\/li>\n\n\n\n<li>Verlust von Gewinnen oder Gesch\u00e4ftsm\u00f6glichkeiten<\/li>\n\n\n\n<li>Lieferverz\u00f6gerungen, die durch Dritte verursacht werden<\/li>\n\n\n\n<li>Fehlgebrauch von Produkten durch Kunden<\/li>\n\n\n\n<li>Unterbrechungen der Website oder technische Probleme<\/li>\n<\/ul>\n\n\n\n<p>Unsere Haftung \u00fcbersteigt nicht den Betrag, der f\u00fcr das gekaufte Produkt bezahlt wurde.<\/p>\n\n\n\n<hr class=\"wp-block-separator has-alpha-channel-opacity\"\/>\n\n\n\n<h1 class=\"wp-block-heading\">11. Dienstleistungen Dritter<\/h1>\n\n\n\n<p>Unsere Website kann Drittanbieterdienste nutzen oder darauf verlinken, einschlie\u00dflich:<\/p>\n\n\n\n<ul class=\"wp-block-list\">\n<li>Zahlungsabwickler<\/li>\n\n\n\n<li>Versanddienstleister<\/li>\n\n\n\n<li>Analysetools<\/li>\n\n\n\n<li>Marketingplattformen<\/li>\n<\/ul>\n\n\n\n<p>Wir sind nicht verantwortlich f\u00fcr die Richtlinien oder Praktiken von Drittanbieterdiensten.<\/p>\n\n\n\n<p>Benutzer sollten die Bedingungen und Richtlinien dieser Anbieter separat \u00fcberpr\u00fcfen.<\/p>\n\n\n\n<hr class=\"wp-block-separator has-alpha-channel-opacity\"\/>\n\n\n\n<h1 class=\"wp-block-heading\">12. Datenschutz<\/h1>\n\n\n\n<p>Ihre Nutzung unserer Website unterliegt auch unserer <strong>Datenschutzrichtlinie<\/strong>, die erkl\u00e4rt, wie wir personenbezogene Daten sammeln, verwenden und sch\u00fctzen.<\/p>\n\n\n\n<hr class=\"wp-block-separator has-alpha-channel-opacity\"\/>\n\n\n\n<h1 class=\"wp-block-heading\">13. \u00c4nderungen dieser Bedingungen<\/h1>\n\n\n\n<p>Wir behalten uns das Recht vor, diese Allgemeinen Gesch\u00e4ftsbedingungen jederzeit zu aktualisieren oder zu \u00e4ndern.<\/p>\n\n\n\n<p>\u00c4nderungen treten sofort in Kraft, sobald sie auf der Website ver\u00f6ffentlicht werden.<\/p>\n\n\n\n<p>Ihre fortgesetzte Nutzung der Website stellt die Akzeptanz der aktualisierten Bedingungen dar.<\/p>\n\n\n\n<hr class=\"wp-block-separator has-alpha-channel-opacity\"\/>\n\n\n\n<h1 class=\"wp-block-heading\">14. Anwendbares Recht<\/h1>\n\n\n\n<p>Diese Allgemeinen Gesch\u00e4ftsbedingungen unterliegen den geltenden internationalen E-Commerce-Gesetzen und Verbraucherschutzvorschriften und sind entsprechend auszulegen.<\/p>\n\n\n\n<hr class=\"wp-block-separator has-alpha-channel-opacity\"\/>\n\n\n\n<h1 class=\"wp-block-heading\">15. Kontaktinformationen<\/h1>\n\n\n\n<p>Wenn Sie Fragen zu diesen Allgemeinen Gesch\u00e4ftsbedingungen haben, kontaktieren Sie uns bitte:<\/p>\n\n\n\n<p><strong>Firmenname:<\/strong> Wireless CarPlay Solutions<br><strong>E-Mail:<\/strong> contact@wireless-carplay-box.com<\/p>\n","protected":false},"excerpt":{"rendered":"<p>Willkommen bei Wireless CarPlay Solutions. Diese Allgemeinen Gesch\u00e4ftsbedingungen regeln Ihre Nutzung unserer Website und den Kauf von carplay-box Produkten in unserem Online-Shop. Durch den Zugriff auf unsere Website oder das Aufgeben einer Bestellung erkl\u00e4ren Sie sich mit diesen Allgemeinen Gesch\u00e4ftsbedingungen einverstanden. Wenn Sie mit diesen Bedingungen nicht einverstanden sind, verwenden Sie bitte unsere Website nicht. [&hellip;]<\/p>\n","protected":false},"author":1,"featured_media":0,"parent":0,"menu_order":0,"comment_status":"closed","ping_status":"closed","template":"","meta":{"footnotes":""},"class_list":["post-7222","page","type-page","status-publish","hentry"],"_links":{"self":[{"href":"https:\/\/wireless-carplay-box.com\/de\/wp-json\/wp\/v2\/pages\/7222","targetHints":{"allow":["GET"]}}],"collection":[{"href":"https:\/\/wireless-carplay-box.com\/de\/wp-json\/wp\/v2\/pages"}],"about":[{"href":"https:\/\/wireless-carplay-box.com\/de\/wp-json\/wp\/v2\/types\/page"}],"author":[{"embeddable":true,"href":"https:\/\/wireless-carplay-box.com\/de\/wp-json\/wp\/v2\/users\/1"}],"replies":[{"embeddable":true,"href":"https:\/\/wireless-carplay-box.com\/de\/wp-json\/wp\/v2\/comments?post=7222"}],"version-history":[{"count":3,"href":"https:\/\/wireless-carplay-box.com\/de\/wp-json\/wp\/v2\/pages\/7222\/revisions"}],"predecessor-version":[{"id":8137,"href":"https:\/\/wireless-carplay-box.com\/de\/wp-json\/wp\/v2\/pages\/7222\/revisions\/8137"}],"wp:attachment":[{"href":"https:\/\/wireless-carplay-box.com\/de\/wp-json\/wp\/v2\/media?parent=7222"}],"curies":[{"name":"wp","href":"https:\/\/api.w.org\/{rel}","templated":true}]}}