{"id":7224,"date":"2026-03-13T22:52:42","date_gmt":"2026-03-13T22:52:42","guid":{"rendered":"https:\/\/master.birthday-gifts-her.com\/?page_id=7224"},"modified":"2026-04-04T03:15:39","modified_gmt":"2026-04-04T03:15:39","slug":"return-refund-policy","status":"publish","type":"page","link":"https:\/\/wireless-carplay-box.com\/de\/return-refund-policy\/","title":{"rendered":"R\u00fcckgabe- und R\u00fcckerstattungsrichtlinie"},"content":{"rendered":"\n<p>Bei <strong>Wireless CarPlay Solutions<\/strong> m\u00f6chten wir, dass Sie sich beim Einkaufen bei uns sicher f\u00fchlen. Wenn Sie mit Ihrem Kauf nicht vollst\u00e4ndig zufrieden sind, bieten wir eine <strong>30-t\u00e4gige R\u00fcckgaberecht<\/strong> an, um den Prozess einfach und fair zu gestalten.<\/p>\n\n\n\n<p>Wenn Sie Fragen haben, kontaktieren Sie uns bitte unter:<br><strong>E-Mail:<\/strong> contact@wireless-carplay-box.com<\/p>\n\n\n\n<hr class=\"wp-block-separator has-alpha-channel-opacity\"\/>\n\n\n\n<h1 class=\"wp-block-heading\">1. R\u00fcckgabefenster<\/h1>\n\n\n\n<p>Sie haben <strong>30 Tage ab dem Datum, an dem Sie Ihre Bestellung erhalten<\/strong>, um eine R\u00fcckgabe anzufordern.<\/p>\n\n\n\n<p>Um f\u00fcr eine R\u00fcckgabe berechtigt zu sein, m\u00fcssen die Artikel:<\/p>\n\n\n\n<ul class=\"wp-block-list\">\n<li>Unbenutzt und in ihrem urspr\u00fcnglichen Zustand sein<\/li>\n\n\n\n<li>Wenn m\u00f6glich in der Originalverpackung zur\u00fcckgegeben werden<\/li>\n\n\n\n<li>Ein Kaufnachweis (Bestellnummer oder Quittung) enthalten<\/li>\n<\/ul>\n\n\n\n<p>Artikel, die ohne vorherige Genehmigung zur\u00fcckgesendet werden, k\u00f6nnen m\u00f6glicherweise nicht akzeptiert werden.<\/p>\n\n\n\n<hr class=\"wp-block-separator has-alpha-channel-opacity\"\/>\n\n\n\n<h1 class=\"wp-block-heading\">2. So beantragen Sie eine R\u00fcckgabe<\/h1>\n\n\n\n<p>Die R\u00fcckgabe eines Artikels ist einfach. Befolgen Sie diese Schritte:<\/p>\n\n\n\n<p><strong>Schritt 1 \u2014 Kontaktieren Sie uns<\/strong><br>Schreiben Sie uns eine E-Mail an <strong>contact@wireless-carplay-box.com<\/strong> mit:<\/p>\n\n\n\n<ul class=\"wp-block-list\">\n<li>Ihre Bestellnummer<\/li>\n\n\n\n<li>Den Artikel, den Sie zur\u00fcckgeben m\u00f6chten<\/li>\n\n\n\n<li>Den Grund f\u00fcr die R\u00fcckgabe (optional, aber hilfreich)<\/li>\n<\/ul>\n\n\n\n<p><strong>Schritt 2 \u2014 R\u00fcckgabeanweisungen<\/strong><br>Unser Support-Team wird Ihre Anfrage pr\u00fcfen und R\u00fcckgabeanweisungen bereitstellen.<\/p>\n\n\n\n<p><strong>Schritt 3 \u2014 Senden Sie den Artikel zur\u00fcck<\/strong><br>Nach Genehmigung senden Sie den Artikel an die in unserer E-Mail angegebene R\u00fccksendeadresse.<\/p>\n\n\n\n<hr class=\"wp-block-separator has-alpha-channel-opacity\"\/>\n\n\n\n<h1 class=\"wp-block-heading\">3. R\u00fcckerstattungen<\/h1>\n\n\n\n<p>Sobald wir Ihren zur\u00fcckgesendeten Artikel erhalten und gepr\u00fcft haben:<\/p>\n\n\n\n<ul class=\"wp-block-list\">\n<li>Werden wir Sie \u00fcber die Genehmigung oder Ablehnung Ihrer R\u00fcckerstattung informieren.<\/li>\n\n\n\n<li>Wenn genehmigt, wird Ihre R\u00fcckerstattung auf Ihre <strong>urspr\u00fcngliche Zahlungsmethode<\/strong> bearbeitet.<\/li>\n<\/ul>\n\n\n\n<p>Bitte erlauben Sie <strong>5\u201310 Werktage<\/strong>, bis die R\u00fcckerstattung auf Ihrem Konto erscheint, abh\u00e4ngig von Ihrem Zahlungsanbieter.<\/p>\n\n\n\n<hr class=\"wp-block-separator has-alpha-channel-opacity\"\/>\n\n\n\n<h1 class=\"wp-block-heading\">4. Besch\u00e4digte oder falsche Artikel<\/h1>\n\n\n\n<p>Wenn Ihre Bestellung <strong>besch\u00e4digt, defekt oder falsch<\/strong> ankommt, kontaktieren Sie uns bitte innerhalb von <strong>7 Tagen nach Lieferung<\/strong>.<\/p>\n\n\n\n<p>F\u00fcgen Sie Folgendes bei:<\/p>\n\n\n\n<ul class=\"wp-block-list\">\n<li>Ihre Bestellnummer<\/li>\n\n\n\n<li>Eine Beschreibung des Problems<\/li>\n\n\n\n<li>Fotos des Artikels und der Verpackung<\/li>\n<\/ul>\n\n\n\n<p>Wir werden so schnell wie m\u00f6glich einen <strong>Ersatz oder eine vollst\u00e4ndige R\u00fcckerstattung<\/strong> arrangieren.<\/p>\n\n\n\n<hr class=\"wp-block-separator has-alpha-channel-opacity\"\/>\n\n\n\n<h1 class=\"wp-block-heading\">5. Nicht r\u00fcckgabef\u00e4hige Artikel<\/h1>\n\n\n\n<p>Einige Produkte sind m\u00f6glicherweise nicht f\u00fcr eine R\u00fcckgabe berechtigt, einschlie\u00dflich:<\/p>\n\n\n\n<ul class=\"wp-block-list\">\n<li>Artikel, die benutzt oder getragen wurden<\/li>\n\n\n\n<li>Artikel, die nach der Lieferung besch\u00e4digt wurden<\/li>\n\n\n\n<li>Pers\u00f6nliche oder hygienebezogene Artikel (sofern zutreffend)<\/li>\n<\/ul>\n\n\n\n<p>Wenn Sie sich nicht sicher sind, ob Ihr Artikel f\u00fcr eine R\u00fcckgabe in Frage kommt, kontaktieren Sie uns bitte.<\/p>\n\n\n\n<hr class=\"wp-block-separator has-alpha-channel-opacity\"\/>\n\n\n\n<h1 class=\"wp-block-heading\">6. R\u00fccksendekosten<\/h1>\n\n\n\n<p>Kunden sind f\u00fcr die R\u00fccksendekosten verantwortlich, es sei denn:<\/p>\n\n\n\n<ul class=\"wp-block-list\">\n<li>Der Artikel kam besch\u00e4digt an<\/li>\n\n\n\n<li>Der Artikel ist defekt<\/li>\n\n\n\n<li>Der falsche Artikel wurde geliefert<\/li>\n<\/ul>\n\n\n\n<p>Die Versandkosten der urspr\u00fcnglichen Bestellung sind <strong>nicht erstattungsf\u00e4hig<\/strong>, es sei denn, die R\u00fcckgabe erfolgt aufgrund eines Fehlers unsererseits.<\/p>\n\n\n\n<hr class=\"wp-block-separator has-alpha-channel-opacity\"\/>\n\n\n\n<h1 class=\"wp-block-heading\">7. Bestellstornierungen<\/h1>\n\n\n\n<p>Bestellungen k\u00f6nnen <strong>innerhalb von 12 Stunden nach dem Kauf<\/strong> storniert werden. Nach diesem Zeitraum kann die Bestellung bereits bearbeitet und f\u00fcr den Versand vorbereitet sein.<\/p>\n\n\n\n<p>Um eine Stornierung zu beantragen, kontaktieren Sie uns bitte umgehend unter <strong>contact@wireless-carplay-box.com<\/strong>.<\/p>\n\n\n\n<hr class=\"wp-block-separator has-alpha-channel-opacity\"\/>\n\n\n\n<h1 class=\"wp-block-heading\">8. Weltweite R\u00fcckgaben<\/h1>\n\n\n\n<p>Da <strong>Wireless CarPlay Solutions<\/strong> weltweit versendet, k\u00f6nnen die R\u00fccksendzeiten je nach Standort variieren. Wir empfehlen, einen <strong>verfolgbaren Versanddienst<\/strong> zu nutzen, wenn Sie Artikel zur\u00fccksenden.<\/p>\n\n\n\n<hr class=\"wp-block-separator has-alpha-channel-opacity\"\/>\n\n\n\n<h1 class=\"wp-block-heading\">9. Kontaktieren Sie uns<\/h1>\n\n\n\n<p>Wenn Sie Fragen zu R\u00fcckgaben oder R\u00fcckerstattungen haben, wenden Sie sich bitte an unser Support-Team.<\/p>\n\n\n\n<p><strong>Firmenname:<\/strong> Wireless CarPlay Solutions<br><strong>E-Mail:<\/strong> contact@wireless-carplay-box.com<\/p>\n\n\n\n<p>Wir sind hier, um zu helfen und werden unser Bestes tun, um alle Probleme schnell zu l\u00f6sen.<\/p>\n","protected":false},"excerpt":{"rendered":"<p>Bei Wireless CarPlay Solutions m\u00f6chten wir, dass Sie sich beim Einkaufen bei uns sicher f\u00fchlen. Wenn Sie mit Ihrem Kauf nicht vollst\u00e4ndig zufrieden sind, bieten wir eine 30-t\u00e4gige R\u00fcckgaberecht an, um den Prozess einfach und fair zu gestalten. Wenn Sie Fragen haben, kontaktieren Sie uns bitte unter:E-Mail: contact@wireless-carplay-box.com 1. R\u00fcckgabefenster Sie haben 30 Tage ab [&hellip;]<\/p>\n","protected":false},"author":1,"featured_media":0,"parent":0,"menu_order":0,"comment_status":"closed","ping_status":"closed","template":"","meta":{"footnotes":""},"class_list":["post-7224","page","type-page","status-publish","hentry"],"_links":{"self":[{"href":"https:\/\/wireless-carplay-box.com\/de\/wp-json\/wp\/v2\/pages\/7224","targetHints":{"allow":["GET"]}}],"collection":[{"href":"https:\/\/wireless-carplay-box.com\/de\/wp-json\/wp\/v2\/pages"}],"about":[{"href":"https:\/\/wireless-carplay-box.com\/de\/wp-json\/wp\/v2\/types\/page"}],"author":[{"embeddable":true,"href":"https:\/\/wireless-carplay-box.com\/de\/wp-json\/wp\/v2\/users\/1"}],"replies":[{"embeddable":true,"href":"https:\/\/wireless-carplay-box.com\/de\/wp-json\/wp\/v2\/comments?post=7224"}],"version-history":[{"count":2,"href":"https:\/\/wireless-carplay-box.com\/de\/wp-json\/wp\/v2\/pages\/7224\/revisions"}],"predecessor-version":[{"id":8138,"href":"https:\/\/wireless-carplay-box.com\/de\/wp-json\/wp\/v2\/pages\/7224\/revisions\/8138"}],"wp:attachment":[{"href":"https:\/\/wireless-carplay-box.com\/de\/wp-json\/wp\/v2\/media?parent=7224"}],"curies":[{"name":"wp","href":"https:\/\/api.w.org\/{rel}","templated":true}]}}