{"id":7222,"date":"2026-03-13T22:50:52","date_gmt":"2026-03-13T22:50:52","guid":{"rendered":"https:\/\/master.birthday-gifts-her.com\/?page_id=7222"},"modified":"2026-04-04T03:12:52","modified_gmt":"2026-04-04T03:12:52","slug":"terms-and-conditions","status":"publish","type":"page","link":"https:\/\/wireless-carplay-box.com\/hr\/terms-and-conditions\/","title":{"rendered":"Uvjeti i Odredbe"},"content":{"rendered":"\n<p>Dobrodo\u0161li u <strong>Wireless CarPlay Solutions<\/strong>. Ovi Uvjeti i odredbe reguliraju va\u0161u upotrebu na\u0161e web stranice i kupnju <strong>carplay-box<\/strong> proizvoda iz na\u0161e online trgovine. Pristupanjem na\u0161oj web stranici ili naru\u010divanjem, sla\u017eete se da \u0107ete biti vezani ovim Uvjetima i odredbama.<\/p>\n\n\n\n<p>Ako se ne sla\u017eete s ovim Uvjetima, molimo vas da ne koristite na\u0161u web stranicu.<\/p>\n\n\n\n<p>Za bilo kakva pitanja u vezi s ovim Uvjetima, molimo kontaktirajte nas na:<br><strong>Email:<\/strong> contact@wireless-carplay-box.com<\/p>\n\n\n\n<hr class=\"wp-block-separator has-alpha-channel-opacity\"\/>\n\n\n\n<h1 class=\"wp-block-heading\">1. Informacije o tvrtki<\/h1>\n\n\n\n<p>Ovu web stranicu upravlja <strong>Wireless CarPlay Solutions<\/strong>. Kroz cijelu stranicu, izrazi &#8220;mi&#8221;, &#8220;nas&#8221; i &#8220;na\u0161&#8221; odnose se na <strong>Wireless CarPlay Solutions<\/strong>.<\/p>\n\n\n\n<p>Posjetom na\u0161oj stranici i\/ili kupnjom ne\u010dega od nas, uklju\u010dujete se u na\u0161u uslugu i sla\u017eete se da \u0107ete biti vezani ovim Uvjetima i odredbama.<\/p>\n\n\n\n<hr class=\"wp-block-separator has-alpha-channel-opacity\"\/>\n\n\n\n<h1 class=\"wp-block-heading\">2. Kori\u0161tenje web stranice<\/h1>\n\n\n\n<p>Kori\u0161tenjem ove web stranice potvr\u0111ujete da:<\/p>\n\n\n\n<ul class=\"wp-block-list\">\n<li>Imate najmanje punoljetstvo u svojoj zemlji prebivali\u0161ta<\/li>\n\n\n\n<li>Ne\u0107ete koristiti na\u0161e proizvode u bilo koju ilegalnu ili neovla\u0161tenu svrhu<\/li>\n\n\n\n<li>Ne\u0107ete kr\u0161iti bilo koje va\u017ee\u0107e zakone u va\u0161oj jurisdikciji<\/li>\n\n\n\n<li>Ne\u0107ete prenositi viruse ili zlo\u0107udni kod<\/li>\n<\/ul>\n\n\n\n<p>Kr\u0161enje ovih uvjeta mo\u017ee rezultirati prekidom va\u0161eg pristupa na\u0161im uslugama.<\/p>\n\n\n\n<hr class=\"wp-block-separator has-alpha-channel-opacity\"\/>\n\n\n\n<h1 class=\"wp-block-heading\">3. Proizvodi i usluge<\/h1>\n\n\n\n<p><strong>Wireless CarPlay Solutions<\/strong> prodaje <strong>carplay-box<\/strong> proizvode putem dropshipping poslovnog modela.<\/p>\n\n\n\n<p>Budu\u0107i da proizvode isporu\u010duju tre\u0107i proizvo\u0111a\u010di i dobavlja\u010di:<\/p>\n\n\n\n<ul class=\"wp-block-list\">\n<li>Dostupnost proizvoda mo\u017ee se promijeniti bez prethodne obavijesti<\/li>\n\n\n\n<li>Opis i slike proizvoda mogu se malo razlikovati od stvarnog proizvoda<\/li>\n\n\n\n<li>Zadr\u017eavamo pravo ograni\u010diti koli\u010dine bilo kojih proizvoda<\/li>\n<\/ul>\n\n\n\n<p>Trudimo se prikazati to\u010dne informacije o proizvodima, ali ne mo\u017eemo jam\u010diti da su svi detalji uvijek potpuni ili bez gre\u0161aka.<\/p>\n\n\n\n<hr class=\"wp-block-separator has-alpha-channel-opacity\"\/>\n\n\n\n<h1 class=\"wp-block-heading\">4. Proces naru\u010divanja<\/h1>\n\n\n\n<p>Kada naru\u010dite putem na\u0161e web stranice:<\/p>\n\n\n\n<ol class=\"wp-block-list\">\n<li>Odabirete proizvode i dodajete ih u svoju ko\u0161aricu<\/li>\n\n\n\n<li>Osiguravate informacije o dostavi i pla\u0107anju<\/li>\n\n\n\n<li>Potvr\u0111ujete i \u0161aljete svoju narud\u017ebu<\/li>\n<\/ol>\n\n\n\n<p>Nakon \u0161to izvr\u0161ite narud\u017ebu:<\/p>\n\n\n\n<ul class=\"wp-block-list\">\n<li>Primite e-mail potvrde narud\u017ebe<\/li>\n\n\n\n<li>Narud\u017ebe se obra\u0111uju nakon \u0161to je uplata uspje\u0161no izvr\u0161ena<\/li>\n\n\n\n<li>Zadr\u017eavamo pravo odbiti ili otkazati bilo koju narud\u017ebu ako je to potrebno<\/li>\n<\/ul>\n\n\n\n<p>Razlozi za otkazivanje mogu uklju\u010divati:<\/p>\n\n\n\n<ul class=\"wp-block-list\">\n<li>Problemi s dostupno\u0161\u0107u proizvoda<\/li>\n\n\n\n<li>Neuspjeh autorizacije pla\u0107anja<\/li>\n\n\n\n<li>Sumnja na prijevaru<\/li>\n\n\n\n<li>Gre\u0161ke u informacijama o proizvodu ili cijenama<\/li>\n<\/ul>\n\n\n\n<p>Ako je narud\u017eba otkazana nakon pla\u0107anja, bit \u0107e izvr\u0161ena potpuna povratna uplata.<\/p>\n\n\n\n<hr class=\"wp-block-separator has-alpha-channel-opacity\"\/>\n\n\n\n<h1 class=\"wp-block-heading\">5. Cijene i pla\u0107anje<\/h1>\n\n\n\n<p>Sve cijene prikazane na web stranici navedene su u odgovaraju\u0107oj valuti i mogu se mijenjati u bilo kojem trenutku bez prethodne obavijesti.<\/p>\n\n\n\n<p>Prihva\u0107amo uplate putem sigurnih pru\u017eatelja usluga pla\u0107anja tre\u0107ih strana.<\/p>\n\n\n\n<p>Podno\u0161enjem informacija o pla\u0107anju, izjavljujete i jam\u010dite da:<\/p>\n\n\n\n<ul class=\"wp-block-list\">\n<li>Imate ovla\u0161tenje koristiti metodu pla\u0107anja<\/li>\n\n\n\n<li>Informacije koje ste pru\u017eili su to\u010dne i potpune<\/li>\n<\/ul>\n\n\n\n<p>Nismo odgovorni za gre\u0161ke u obradi pla\u0107anja uzrokovane pru\u017eateljima usluga tre\u0107ih strana.<\/p>\n\n\n\n<hr class=\"wp-block-separator has-alpha-channel-opacity\"\/>\n\n\n\n<h1 class=\"wp-block-heading\">6. Dostava i isporuka<\/h1>\n\n\n\n<p><strong>Wireless CarPlay Solutions<\/strong> isporu\u010duje <strong>carplay-box<\/strong> proizvode \u0161irom svijeta.<\/p>\n\n\n\n<p>Vremena dostave mogu varirati ovisno o:<\/p>\n\n\n\n<ul class=\"wp-block-list\">\n<li>Dr\u017eavi odredi\u0161ta<\/li>\n\n\n\n<li>Vremenima obrade dobavlja\u010da<\/li>\n\n\n\n<li>Carinskim postupcima<\/li>\n\n\n\n<li>Lokanim po\u0161tanskim uslugama<\/li>\n<\/ul>\n\n\n\n<p>Procijenjena vremena isporuke pru\u017eaju se samo kao referenca i nisu zajam\u010dena.<\/p>\n\n\n\n<p>Kupci su odgovorni za:<\/p>\n\n\n\n<ul class=\"wp-block-list\">\n<li>Pru\u017eanje to\u010dnih informacija o dostavi<\/li>\n\n\n\n<li>Pla\u0107anje svih carinskih pristojbi ili uvoznih poreza koje zahtijeva njihova zemlja<\/li>\n<\/ul>\n\n\n\n<p>Nismo odgovorni za ka\u0161njenja uzrokovana carinom, prijevoznicima ili nepredvi\u0111enim logisti\u010dkim problemima.<\/p>\n\n\n\n<hr class=\"wp-block-separator has-alpha-channel-opacity\"\/>\n\n\n\n<h1 class=\"wp-block-heading\">7. Povrati i povrati novca<\/h1>\n\n\n\n<p>Zadovoljstvo kupaca nam je va\u017eno. Ako niste zadovoljni svojom kupnjom, molimo kontaktirajte nas na <strong>contact@wireless-carplay-box.com<\/strong>.<\/p>\n\n\n\n<p>Pravo na povrat mo\u017ee ovisiti o:<\/p>\n\n\n\n<ul class=\"wp-block-list\">\n<li>Stanju proizvoda<\/li>\n\n\n\n<li>Vremenskom okviru zahtjeva za povrat<\/li>\n\n\n\n<li>Politikama dobavlja\u010da<\/li>\n<\/ul>\n\n\n\n<p>Predmeti mo\u017eda ne\u0107e biti podobni za povrat ako:<\/p>\n\n\n\n<ul class=\"wp-block-list\">\n<li>Su kori\u0161teni ili o\u0161te\u0107eni od strane kupca<\/li>\n\n\n\n<li>Su vra\u0107eni izvan dopu\u0161tenog vremenskog okvira<\/li>\n\n\n\n<li>Su ne-povratni proizvodi kao \u0161to su odre\u0111eni higijenski ili osobni predmeti<\/li>\n<\/ul>\n\n\n\n<p>Povrati novca, ako budu odobreni, bit \u0107e obra\u0111eni putem izvorne metode pla\u0107anja.<\/p>\n\n\n\n<p>Vremena obrade povrata novca mogu varirati ovisno o pru\u017eatelju usluga pla\u0107anja.<\/p>\n\n\n\n<hr class=\"wp-block-separator has-alpha-channel-opacity\"\/>\n\n\n\n<h1 class=\"wp-block-heading\">8. Modifikacije i otkazivanja narud\u017ebi<\/h1>\n\n\n\n<p>Narud\u017ebe se mogu mijenjati ili otkazivati samo unutar ograni\u010denog vremena nakon \u0161to su postavljene.<\/p>\n\n\n\n<p>Jednom kada je narud\u017eba obra\u0111ena ili otpremljena, otkazivanje mo\u017eda vi\u0161e ne\u0107e biti mogu\u0107e.<\/p>\n\n\n\n<p>Kupci bi trebali odmah kontaktirati <strong>contact@wireless-carplay-box.com<\/strong> ako im je potrebna pomo\u0107 oko promjena narud\u017ebe.<\/p>\n\n\n\n<hr class=\"wp-block-separator has-alpha-channel-opacity\"\/>\n\n\n\n<h1 class=\"wp-block-heading\">9. Intelektualno vlasni\u0161tvo<\/h1>\n\n\n\n<p>Sav sadr\u017eaj na ovoj web stranici je vlasni\u0161tvo <strong>Wireless CarPlay Solutions<\/strong>, uklju\u010duju\u0107i, ali ne ograni\u010davaju\u0107i se na:<\/p>\n\n\n\n<ul class=\"wp-block-list\">\n<li>Logotipi<\/li>\n\n\n\n<li>Tekst<\/li>\n\n\n\n<li>Grafika<\/li>\n\n\n\n<li>Dizajn web stranice<\/li>\n\n\n\n<li>Popisi proizvoda<\/li>\n\n\n\n<li>Slike<\/li>\n<\/ul>\n\n\n\n<p>Ovaj sadr\u017eaj je za\u0161ti\u0107en zakonima o intelektualnom vlasni\u0161tvu.<\/p>\n\n\n\n<p>Ne smijete reproducirati, distribuirati, modificirati ili koristiti bilo koji sadr\u017eaj bez prethodne pisane dozvole <strong>Wireless CarPlay Solutions<\/strong>.<\/p>\n\n\n\n<hr class=\"wp-block-separator has-alpha-channel-opacity\"\/>\n\n\n\n<h1 class=\"wp-block-heading\">10. Ograni\u010denje odgovornosti<\/h1>\n\n\n\n<p>U najve\u0107oj mjeri dopu\u0161tenoj zakonom, <strong>Wireless CarPlay Solutions<\/strong> ne\u0107e biti odgovoran za:<\/p>\n\n\n\n<ul class=\"wp-block-list\">\n<li>Neizravne ili posljedi\u010dne \u0161tete<\/li>\n\n\n\n<li>Gubitak profita ili poslovnih prilika<\/li>\n\n\n\n<li>Ka\u0161njenja u isporuci uzrokovana tre\u0107im stranama<\/li>\n\n\n\n<li>Pogre\u0161no kori\u0161tenje proizvoda od strane kupaca<\/li>\n\n\n\n<li>Prekid web stranice ili tehni\u010dki problemi<\/li>\n<\/ul>\n\n\n\n<p>Na\u0161a odgovornost ne\u0107e prema\u0161iti iznos pla\u0107en za kupljeni proizvod.<\/p>\n\n\n\n<hr class=\"wp-block-separator has-alpha-channel-opacity\"\/>\n\n\n\n<h1 class=\"wp-block-heading\">11. Usluge tre\u0107ih strana<\/h1>\n\n\n\n<p>Na\u0161a web stranica mo\u017ee koristiti ili povezivati se s uslugama tre\u0107ih strana uklju\u010duju\u0107i:<\/p>\n\n\n\n<ul class=\"wp-block-list\">\n<li>Pru\u017eatelje usluga pla\u0107anja<\/li>\n\n\n\n<li>Pru\u017eatelje usluga dostave<\/li>\n\n\n\n<li>Alate za analizu<\/li>\n\n\n\n<li>Marketin\u0161ke platforme<\/li>\n<\/ul>\n\n\n\n<p>Nismo odgovorni za politike ili prakse usluga tre\u0107ih strana.<\/p>\n\n\n\n<p>Korisnici bi trebali zasebno pregledati uvjete i politike tih pru\u017eatelja.<\/p>\n\n\n\n<hr class=\"wp-block-separator has-alpha-channel-opacity\"\/>\n\n\n\n<h1 class=\"wp-block-heading\">12. Privatnost<\/h1>\n\n\n\n<p>Va\u0161a upotreba na\u0161e web stranice tako\u0111er je regulirana na\u0161om <strong>Politikom privatnosti<\/strong>, koja obja\u0161njava kako prikupljamo, koristimo i \u0161titimo osobne podatke.<\/p>\n\n\n\n<hr class=\"wp-block-separator has-alpha-channel-opacity\"\/>\n\n\n\n<h1 class=\"wp-block-heading\">13. Promjene ovih uvjeta<\/h1>\n\n\n\n<p>Zadr\u017eavamo pravo a\u017eurirati ili modificirati ove Uvjete i odredbe u bilo kojem trenutku.<\/p>\n\n\n\n<p>Promjene \u0107e stupiti na snagu odmah nakon objavljivanja na web stranici.<\/p>\n\n\n\n<p>Va\u0161a daljnja upotreba web stranice predstavlja prihva\u0107anje a\u017euriranih Uvjeta.<\/p>\n\n\n\n<hr class=\"wp-block-separator has-alpha-channel-opacity\"\/>\n\n\n\n<h1 class=\"wp-block-heading\">14. Mjerodavno pravo<\/h1>\n\n\n\n<p>Ovi Uvjeti i odredbe bit \u0107e regulirani i tuma\u010deni u skladu s va\u017ee\u0107im me\u0111unarodnim zakonima o e-trgovini i propisima o za\u0161titi potro\u0161a\u010da.<\/p>\n\n\n\n<hr class=\"wp-block-separator has-alpha-channel-opacity\"\/>\n\n\n\n<h1 class=\"wp-block-heading\">15. Kontakt informacije<\/h1>\n\n\n\n<p>Ako imate pitanja o ovim Uvjetima i odredbama, molimo kontaktirajte nas:<\/p>\n\n\n\n<p><strong>Naziv tvrtke:<\/strong> Wireless CarPlay Solutions<br><strong>Email:<\/strong> contact@wireless-carplay-box.com<\/p>\n","protected":false},"excerpt":{"rendered":"<p>Dobrodo\u0161li u Wireless CarPlay Solutions. Ovi Uvjeti i odredbe reguliraju va\u0161u upotrebu na\u0161e web stranice i kupnju carplay-box proizvoda iz na\u0161e online trgovine. Pristupanjem na\u0161oj web stranici ili naru\u010divanjem, sla\u017eete se da \u0107ete biti vezani ovim Uvjetima i odredbama. Ako se ne sla\u017eete s ovim Uvjetima, molimo vas da ne koristite na\u0161u web stranicu. Za [&hellip;]<\/p>\n","protected":false},"author":1,"featured_media":0,"parent":0,"menu_order":0,"comment_status":"closed","ping_status":"closed","template":"","meta":{"footnotes":""},"class_list":["post-7222","page","type-page","status-publish","hentry"],"_links":{"self":[{"href":"https:\/\/wireless-carplay-box.com\/hr\/wp-json\/wp\/v2\/pages\/7222","targetHints":{"allow":["GET"]}}],"collection":[{"href":"https:\/\/wireless-carplay-box.com\/hr\/wp-json\/wp\/v2\/pages"}],"about":[{"href":"https:\/\/wireless-carplay-box.com\/hr\/wp-json\/wp\/v2\/types\/page"}],"author":[{"embeddable":true,"href":"https:\/\/wireless-carplay-box.com\/hr\/wp-json\/wp\/v2\/users\/1"}],"replies":[{"embeddable":true,"href":"https:\/\/wireless-carplay-box.com\/hr\/wp-json\/wp\/v2\/comments?post=7222"}],"version-history":[{"count":3,"href":"https:\/\/wireless-carplay-box.com\/hr\/wp-json\/wp\/v2\/pages\/7222\/revisions"}],"predecessor-version":[{"id":8137,"href":"https:\/\/wireless-carplay-box.com\/hr\/wp-json\/wp\/v2\/pages\/7222\/revisions\/8137"}],"wp:attachment":[{"href":"https:\/\/wireless-carplay-box.com\/hr\/wp-json\/wp\/v2\/media?parent=7222"}],"curies":[{"name":"wp","href":"https:\/\/api.w.org\/{rel}","templated":true}]}}