{"id":7231,"date":"2026-03-14T00:06:26","date_gmt":"2026-03-14T00:06:26","guid":{"rendered":"https:\/\/master.birthday-gifts-her.com\/?page_id=7231"},"modified":"2026-04-04T03:13:16","modified_gmt":"2026-04-04T03:13:16","slug":"frequently-asked-questions-faq","status":"publish","type":"page","link":"https:\/\/wireless-carplay-box.com\/hr\/frequently-asked-questions-faq\/","title":{"rendered":"\u010cesto Postavljana Pitanja (FAQ)"},"content":{"rendered":"\n<p>Dobrodo\u0161li na FAQ stranicu <strong>Wireless CarPlay Solutions<\/strong>. Ovdje \u0107ete prona\u0107i odgovore na \u010desto postavljana pitanja o naru\u010divanju, dostavi, povratima i jo\u0161 mnogo toga. Ako ne mo\u017eete prona\u0107i odgovor koji tra\u017eite, slobodno kontaktirajte na\u0161 tim za podr\u0161ku na <strong>contact@wireless-carplay-box.com<\/strong>.<\/p>\n\n\n\n<h1 class=\"wp-block-heading\">1. Koliko traje dostava?<\/h1>\n\n\n\n<p>Budu\u0107i da <strong>Wireless CarPlay Solutions<\/strong> \u0161alje proizvode \u0161irom svijeta putem pouzdanih dobavlja\u010da, vrijeme isporuke mo\u017ee varirati ovisno o va\u0161oj lokaciji. U <strong>Wireless CarPlay Solutions<\/strong> trenutno \u0161aljemo \u0161irom <strong>Europe<\/strong> putem na\u0161ih pouzdanih logisti\u010dkih partnera.<\/p>\n\n\n\n<p>Isporuka obi\u010dno traje <strong>5\u201310 radnih dana<\/strong>, ovisno o va\u0161oj zemlji i lokalnim uvjetima dostave.<\/p>\n\n\n\n<p>Jednom kada va\u0161a narud\u017eba bude poslana, primit \u0107ete <strong>potvrdu putem e-po\u0161te s brojem za pra\u0107enje<\/strong> kako biste mogli pratiti svoj paket.<\/p>\n\n\n\n<p>Imajte na umu da povremena ka\u0161njenja mogu nastati zbog problema s prijevoznikom ili razdoblja velike potra\u017enje.<\/p>\n\n\n\n<hr class=\"wp-block-separator has-alpha-channel-opacity\"\/>\n\n\n\n<h1 class=\"wp-block-heading\">2. Koliko ko\u0161ta dostava?<\/h1>\n\n\n\n<p>Tro\u0161kovi dostave ovise o va\u0161oj lokaciji i stavkama koje naru\u010dujete.<\/p>\n\n\n\n<p>Vidjet \u0107ete <strong>to\u010dan tro\u0161ak dostave na blagajni<\/strong> prije nego \u0161to zavr\u0161ite svoju kupnju. Povremeno, <strong>Wireless CarPlay Solutions<\/strong> mo\u017ee ponuditi promocije besplatne dostave.<\/p>\n\n\n\n<hr class=\"wp-block-separator has-alpha-channel-opacity\"\/>\n\n\n\n<h1 class=\"wp-block-heading\">3. Kako mogu pratiti svoju narud\u017ebu?<\/h1>\n\n\n\n<p>Jednom kada va\u0161a narud\u017eba bude obra\u0111ena i poslana, primit \u0107ete <strong>potvrdu o dostavi putem e-po\u0161te<\/strong> s brojem za pra\u0107enje.<\/p>\n\n\n\n<p>Mo\u017eete koristiti ovaj broj za pra\u0107enje kako biste pratili napredak svog paketa putem web stranice prijevoznika.<\/p>\n\n\n\n<p>Ako trebate pomo\u0107 u pronala\u017eenju informacija o pra\u0107enju, kontaktirajte nas na <strong>contact@wireless-carplay-box.com<\/strong>.<\/p>\n\n\n\n<hr class=\"wp-block-separator has-alpha-channel-opacity\"\/>\n\n\n\n<h1 class=\"wp-block-heading\">4. Koje metode pla\u0107anja prihva\u0107ate?<\/h1>\n\n\n\n<p><strong>Wireless CarPlay Solutions<\/strong> prihva\u0107a nekoliko sigurnih metoda pla\u0107anja, uklju\u010duju\u0107i:<\/p>\n\n\n\n<ul class=\"wp-block-list\">\n<li>Kreditne kartice (Visa, Mastercard, American Express)<\/li>\n\n\n\n<li>Debitne kartice<\/li>\n\n\n\n<li>Sigurne online usluge pla\u0107anja (ovisno o opcijama na blagajni)<\/li>\n<\/ul>\n\n\n\n<p>Sva pla\u0107anja obra\u0111uju se putem sigurnih pru\u017eatelja usluga pla\u0107anja kako bi se osiguralo da va\u0161e informacije ostanu za\u0161ti\u0107ene.<\/p>\n\n\n\n<hr class=\"wp-block-separator has-alpha-channel-opacity\"\/>\n\n\n\n<h1 class=\"wp-block-heading\">5. Koja je va\u0161a politika povrata i povrata novca?<\/h1>\n\n\n\n<p>Nudimo <strong>30-dnevnu politiku povrata<\/strong> za ve\u0107inu proizvoda.<\/p>\n\n\n\n<p>Ako niste zadovoljni svojom kupnjom, mo\u017eete zatra\u017eiti povrat unutar <strong>30 dana od primitka va\u0161e narud\u017ebe<\/strong>. Stavke moraju biti neiskori\u0161tene i u izvornom stanju.<\/p>\n\n\n\n<p>Da biste zapo\u010deli povrat, kontaktirajte nas na <strong>contact@wireless-carplay-box.com<\/strong> s va\u0161im brojem narud\u017ebe.<\/p>\n\n\n\n<hr class=\"wp-block-separator has-alpha-channel-opacity\"\/>\n\n\n\n<h1 class=\"wp-block-heading\">6. \u0160to trebam u\u010diniti ako moj predmet stigne o\u0161te\u0107en?<\/h1>\n\n\n\n<p>\u017dao nam je ako se to dogodi. Ako va\u0161 proizvod stigne <strong>o\u0161te\u0107en ili neispravan<\/strong>, molimo kontaktirajte nas unutar <strong>7 dana od primitka va\u0161e narud\u017ebe<\/strong>.<\/p>\n\n\n\n<p>Uklju\u010dite:<\/p>\n\n\n\n<ul class=\"wp-block-list\">\n<li>Va\u0161 broj narud\u017ebe<\/li>\n\n\n\n<li>Fotografije o\u0161te\u0107enog predmeta<\/li>\n\n\n\n<li>Fotografije pakiranja<\/li>\n<\/ul>\n\n\n\n<p>Na\u0161 tim za podr\u0161ku organizirat \u0107e <strong>zamjenu ili povrat novca<\/strong> \u0161to je br\u017ee mogu\u0107e.<\/p>\n\n\n\n<hr class=\"wp-block-separator has-alpha-channel-opacity\"\/>\n\n\n\n<h1 class=\"wp-block-heading\">7. \u0160to ako primim pogre\u0161an predmet?<\/h1>\n\n\n\n<p>Ako primite pogre\u0161an proizvod, molimo kontaktirajte <strong>contact@wireless-carplay-box.com<\/strong> s:<\/p>\n\n\n\n<ul class=\"wp-block-list\">\n<li>Va\u0161 broj narud\u017ebe<\/li>\n\n\n\n<li>Fotografije primljenog predmeta<\/li>\n<\/ul>\n\n\n\n<p>Pregledat \u0107emo problem i poslati ispravan predmet ili pru\u017eiti odgovaraju\u0107e rje\u0161enje.<\/p>\n\n\n\n<hr class=\"wp-block-separator has-alpha-channel-opacity\"\/>\n\n\n\n<h1 class=\"wp-block-heading\">8. Mogu li otkazati svoju narud\u017ebu?<\/h1>\n\n\n\n<p>Da. Narud\u017ebe se obi\u010dno mogu otkazati <strong>unutar 12 sati od postavljanja<\/strong>.<\/p>\n\n\n\n<p>Nakon tog vremena, narud\u017eba mo\u017ee ve\u0107 biti obra\u0111ena i pripremljena za otpremu. Ako trebate otkazati svoju narud\u017ebu, odmah nas kontaktirajte na <strong>contact@wireless-carplay-box.com<\/strong>.<\/p>\n\n\n\n<hr class=\"wp-block-separator has-alpha-channel-opacity\"\/>\n\n\n\n<h1 class=\"wp-block-heading\">9. Nudite li kodove za popust?<\/h1>\n\n\n\n<p>Da! <strong>Wireless CarPlay Solutions<\/strong> povremeno nudi posebne promocije, popuste i ponude s ograni\u010denim vremenom.<\/p>\n\n\n\n<p>Mo\u017eete primijeniti kodove za popust tijekom blagajne u <strong>polju za promo kod<\/strong>. Obavezno se pretplatite na na\u0161 bilten ili pratite na\u0161e novosti kako biste bili informirani o nadolaze\u0107im ponudama.<\/p>\n\n\n\n<hr class=\"wp-block-separator has-alpha-channel-opacity\"\/>\n\n\n\n<h1 class=\"wp-block-heading\">10. Kako mogu kontaktirati korisni\u010dku podr\u0161ku?<\/h1>\n\n\n\n<p>Na\u0161 tim za korisni\u010dku podr\u0161ku je ovdje da pomogne.<\/p>\n\n\n\n<p>Ako imate bilo kakvih pitanja o narud\u017ebama, proizvodima, dostavi ili povratima, molimo kontaktirajte nas na:<\/p>\n\n\n\n<p><strong>Email:<\/strong> contact@wireless-carplay-box.com<\/p>\n\n\n\n<p>Nadamo se da \u0107emo odgovoriti na sve upite unutar <strong>24\u201348 sati<\/strong> tijekom radnih dana.<\/p>\n\n\n\n<hr class=\"wp-block-separator has-alpha-channel-opacity\"\/>\n\n\n\n<p>Hvala \u0161to ste kupovali s <strong>Wireless CarPlay Solutions<\/strong>! Cijenimo va\u0161e povjerenje i uvijek smo ovdje da pomognemo.<\/p>\n","protected":false},"excerpt":{"rendered":"<p>Dobrodo\u0161li na FAQ stranicu Wireless CarPlay Solutions. Ovdje \u0107ete prona\u0107i odgovore na \u010desto postavljana pitanja o naru\u010divanju, dostavi, povratima i jo\u0161 mnogo toga. Ako ne mo\u017eete prona\u0107i odgovor koji tra\u017eite, slobodno kontaktirajte na\u0161 tim za podr\u0161ku na contact@wireless-carplay-box.com. 1. Koliko traje dostava? Budu\u0107i da Wireless CarPlay Solutions \u0161alje proizvode \u0161irom svijeta putem pouzdanih dobavlja\u010da, vrijeme [&hellip;]<\/p>\n","protected":false},"author":1,"featured_media":0,"parent":0,"menu_order":0,"comment_status":"closed","ping_status":"closed","template":"","meta":{"footnotes":""},"class_list":["post-7231","page","type-page","status-publish","hentry"],"_links":{"self":[{"href":"https:\/\/wireless-carplay-box.com\/hr\/wp-json\/wp\/v2\/pages\/7231","targetHints":{"allow":["GET"]}}],"collection":[{"href":"https:\/\/wireless-carplay-box.com\/hr\/wp-json\/wp\/v2\/pages"}],"about":[{"href":"https:\/\/wireless-carplay-box.com\/hr\/wp-json\/wp\/v2\/types\/page"}],"author":[{"embeddable":true,"href":"https:\/\/wireless-carplay-box.com\/hr\/wp-json\/wp\/v2\/users\/1"}],"replies":[{"embeddable":true,"href":"https:\/\/wireless-carplay-box.com\/hr\/wp-json\/wp\/v2\/comments?post=7231"}],"version-history":[{"count":2,"href":"https:\/\/wireless-carplay-box.com\/hr\/wp-json\/wp\/v2\/pages\/7231\/revisions"}],"predecessor-version":[{"id":8141,"href":"https:\/\/wireless-carplay-box.com\/hr\/wp-json\/wp\/v2\/pages\/7231\/revisions\/8141"}],"wp:attachment":[{"href":"https:\/\/wireless-carplay-box.com\/hr\/wp-json\/wp\/v2\/media?parent=7231"}],"curies":[{"name":"wp","href":"https:\/\/api.w.org\/{rel}","templated":true}]}}