{"id":7226,"date":"2026-03-13T22:54:40","date_gmt":"2026-03-13T22:54:40","guid":{"rendered":"https:\/\/master.birthday-gifts-her.com\/?page_id=7226"},"modified":"2026-04-04T03:17:52","modified_gmt":"2026-04-04T03:17:52","slug":"cookie-policy","status":"publish","type":"page","link":"https:\/\/wireless-carplay-box.com\/pl\/cookie-policy\/","title":{"rendered":"Polityka Cookies"},"content":{"rendered":"\n<p>Polityka dotycz\u0105ca plik\u00f3w cookie wyja\u015bnia, w jaki spos\u00f3b <strong>Wireless CarPlay Solutions<\/strong> wykorzystuje pliki cookie i podobne technologie podczas odwiedzania naszej strony internetowej. Wyja\u015bnia, czym s\u0105 pliki cookie, jak je wykorzystujemy i jak mo\u017cesz je kontrolowa\u0107.<\/p>\n\n\n\n<p>Kontynuuj\u0105c korzystanie z naszej strony internetowej, zgadzasz si\u0119 na u\u017cycie plik\u00f3w cookie zgodnie z t\u0105 polityk\u0105, chyba \u017ce wy\u0142\u0105czysz je w ustawieniach przegl\u0105darki lub plik\u00f3w cookie.<\/p>\n\n\n\n<hr class=\"wp-block-separator has-alpha-channel-opacity\"\/>\n\n\n\n<h1 class=\"wp-block-heading\">1. Czym s\u0105 pliki cookie<\/h1>\n\n\n\n<p>Pliki cookie to ma\u0142e pliki tekstowe, kt\u00f3re s\u0105 przechowywane na Twoim urz\u0105dzeniu (komputerze, tablecie lub smartfonie) podczas odwiedzania strony internetowej. Pomagaj\u0105 stronom internetowym zapami\u0119ta\u0107 informacje o Twojej wizycie, takie jak preferowany j\u0119zyk, status logowania lub przedmioty w koszyku.<\/p>\n\n\n\n<p>Pliki cookie pomagaj\u0105 poprawi\u0107 funkcjonalno\u015b\u0107, wydajno\u015b\u0107 i do\u015bwiadczenie u\u017cytkownika na stronie internetowej.<\/p>\n\n\n\n<p>Pliki cookie mog\u0105 by\u0107:<\/p>\n\n\n\n<p><strong>Pliki cookie sesyjne<\/strong><br>To tymczasowe pliki cookie, kt\u00f3re s\u0105 usuwane po zamkni\u0119ciu przegl\u0105darki.<\/p>\n\n\n\n<p><strong>Trwa\u0142e pliki cookie<\/strong><br>Te pozostaj\u0105 na Twoim urz\u0105dzeniu przez okre\u015blony czas lub do momentu ich usuni\u0119cia.<\/p>\n\n\n\n<hr class=\"wp-block-separator has-alpha-channel-opacity\"\/>\n\n\n\n<h1 class=\"wp-block-heading\">2. Jak u\u017cywamy plik\u00f3w cookie<\/h1>\n\n\n\n<p><strong>Wireless CarPlay Solutions<\/strong> u\u017cywa plik\u00f3w cookie, aby:<\/p>\n\n\n\n<ul class=\"wp-block-list\">\n<li>Zapewni\u0107 prawid\u0142owe dzia\u0142anie strony internetowej<\/li>\n\n\n\n<li>Zapami\u0119ta\u0107 Tw\u00f3j koszyk zakupowy i preferencje<\/li>\n\n\n\n<li>Poprawi\u0107 wydajno\u015b\u0107 i u\u017cyteczno\u015b\u0107 strony internetowej<\/li>\n\n\n\n<li>Analizowa\u0107 ruch na stronie i zachowanie odwiedzaj\u0105cych<\/li>\n\n\n\n<li>Zapewni\u0107 odpowiednie reklamy i marketing<\/li>\n<\/ul>\n\n\n\n<hr class=\"wp-block-separator has-alpha-channel-opacity\"\/>\n\n\n\n<h1 class=\"wp-block-heading\">3. Rodzaje plik\u00f3w cookie, kt\u00f3re u\u017cywamy<\/h1>\n\n\n\n<h2 class=\"wp-block-heading\">Niezb\u0119dne pliki cookie<\/h2>\n\n\n\n<p>Te pliki cookie s\u0105 niezb\u0119dne do podstawowego dzia\u0142ania strony internetowej.<\/p>\n\n\n\n<p>Umo\u017cliwiaj\u0105 funkcje takie jak:<\/p>\n\n\n\n<ul class=\"wp-block-list\">\n<li>Funkcjonalno\u015b\u0107 koszyka zakupowego<\/li>\n\n\n\n<li>Bezpieczne zakupy<\/li>\n\n\n\n<li>Logowanie do konta<\/li>\n\n\n\n<li>Nawigacja po stronie<\/li>\n<\/ul>\n\n\n\n<p>Bez tych plik\u00f3w cookie strona internetowa nie mo\u017ce dzia\u0142a\u0107 prawid\u0142owo.<\/p>\n\n\n\n<hr class=\"wp-block-separator has-alpha-channel-opacity\"\/>\n\n\n\n<h2 class=\"wp-block-heading\">Pliki cookie wydajno\u015bci i analizy<\/h2>\n\n\n\n<p>Te pliki cookie pomagaj\u0105 nam zrozumie\u0107, jak odwiedzaj\u0105cy wchodz\u0105 w interakcje z nasz\u0105 stron\u0105 internetow\u0105.<\/p>\n\n\n\n<p>Zbieraj\u0105 informacje takie jak:<\/p>\n\n\n\n<ul class=\"wp-block-list\">\n<li>Odwiedzone strony<\/li>\n\n\n\n<li>Czas sp\u0119dzony na stronie<\/li>\n\n\n\n<li>B\u0142\u0119dy na stronie<\/li>\n\n\n\n<li>\u0179r\u00f3d\u0142a ruchu<\/li>\n<\/ul>\n\n\n\n<p>Te informacje pomagaj\u0105 nam poprawi\u0107 nasz\u0105 stron\u0119 internetow\u0105 i do\u015bwiadczenie u\u017cytkownika.<\/p>\n\n\n\n<hr class=\"wp-block-separator has-alpha-channel-opacity\"\/>\n\n\n\n<h2 class=\"wp-block-heading\">Funkcjonalne pliki cookie<\/h2>\n\n\n\n<p>Funkcjonalne pliki cookie pozwalaj\u0105 stronie internetowej zapami\u0119ta\u0107 Twoje preferencje i ustawienia.<\/p>\n\n\n\n<p>Przyk\u0142ady obejmuj\u0105:<\/p>\n\n\n\n<ul class=\"wp-block-list\">\n<li>Preferencje j\u0119zykowe<\/li>\n\n\n\n<li>Ustawienia regionu lub lokalizacji<\/li>\n\n\n\n<li>Produkty wcze\u015bniej przegl\u0105dane<\/li>\n<\/ul>\n\n\n\n<p>Te pliki cookie poprawiaj\u0105 Twoje do\u015bwiadczenie przegl\u0105dania.<\/p>\n\n\n\n<hr class=\"wp-block-separator has-alpha-channel-opacity\"\/>\n\n\n\n<h2 class=\"wp-block-heading\">Pliki cookie marketingowe i reklamowe<\/h2>\n\n\n\n<p>Pliki cookie marketingowe s\u0105 u\u017cywane do wy\u015bwietlania reklam, kt\u00f3re s\u0105 odpowiednie dla Twoich zainteresowa\u0144.<\/p>\n\n\n\n<p>Mog\u0105 by\u0107 u\u017cywane do:<\/p>\n\n\n\n<ul class=\"wp-block-list\">\n<li>Pomiar skuteczno\u015bci reklam<\/li>\n\n\n\n<li>Ograniczenie liczby wy\u015bwietle\u0144 reklamy<\/li>\n\n\n\n<li>Dostarczanie spersonalizowanych tre\u015bci marketingowych<\/li>\n<\/ul>\n\n\n\n<p>Te pliki cookie mog\u0105 by\u0107 ustawiane przez nas lub przez zewn\u0119trznych partner\u00f3w reklamowych.<\/p>\n\n\n\n<hr class=\"wp-block-separator has-alpha-channel-opacity\"\/>\n\n\n\n<h1 class=\"wp-block-heading\">4. Pliki cookie os\u00f3b trzecich<\/h1>\n\n\n\n<p>Niekt\u00f3re pliki cookie mog\u0105 by\u0107 umieszczane przez us\u0142ugi os\u00f3b trzecich zintegrowane z nasz\u0105 stron\u0105 internetow\u0105, takie jak:<\/p>\n\n\n\n<ul class=\"wp-block-list\">\n<li>Procesory p\u0142atno\u015bci<\/li>\n\n\n\n<li>Dostawcy analizy strony internetowej<\/li>\n\n\n\n<li>Platformy marketingowe i reklamowe<\/li>\n\n\n\n<li>Integracje z mediami spo\u0142eczno\u015bciowymi<\/li>\n<\/ul>\n\n\n\n<p>Ci zewn\u0119trzni dostawcy mog\u0105 zbiera\u0107 informacje o Twoich dzia\u0142aniach online na r\u00f3\u017cnych stronach internetowych.<\/p>\n\n\n\n<p>Zach\u0119camy do zapoznania si\u0119 z ich politykami prywatno\u015bci, aby uzyska\u0107 wi\u0119cej informacji na temat tego, jak u\u017cywaj\u0105 plik\u00f3w cookie.<\/p>\n\n\n\n<hr class=\"wp-block-separator has-alpha-channel-opacity\"\/>\n\n\n\n<h1 class=\"wp-block-heading\">5. Zarz\u0105dzanie i kontrolowanie plik\u00f3w cookie<\/h1>\n\n\n\n<p>Masz prawo akceptowa\u0107 lub odrzuca\u0107 pliki cookie.<\/p>\n\n\n\n<p>Mo\u017cesz zarz\u0105dza\u0107 plikami cookie na kilka sposob\u00f3w:<\/p>\n\n\n\n<h3 class=\"wp-block-heading\">Ustawienia przegl\u0105darki<\/h3>\n\n\n\n<p>Wi\u0119kszo\u015b\u0107 przegl\u0105darek internetowych pozwala na:<\/p>\n\n\n\n<ul class=\"wp-block-list\">\n<li>Wy\u015bwietlanie przechowywanych plik\u00f3w cookie<\/li>\n\n\n\n<li>Usuwanie plik\u00f3w cookie<\/li>\n\n\n\n<li>Ca\u0142kowite blokowanie plik\u00f3w cookie<\/li>\n\n\n\n<li>Blokowanie plik\u00f3w cookie z okre\u015blonych stron internetowych<\/li>\n<\/ul>\n\n\n\n<p>Prosz\u0119 pami\u0119ta\u0107, \u017ce wy\u0142\u0105czenie niekt\u00f3rych plik\u00f3w cookie mo\u017ce wp\u0142yn\u0105\u0107 na funkcjonalno\u015b\u0107 strony internetowej.<\/p>\n\n\n\n<hr class=\"wp-block-separator has-alpha-channel-opacity\"\/>\n\n\n\n<h3 class=\"wp-block-heading\">Narz\u0119dzia do zgody na pliki cookie<\/h3>\n\n\n\n<p>Podczas odwiedzania naszej strony internetowej mo\u017cesz zobaczy\u0107 baner zgody na pliki cookie, kt\u00f3ry pozwala Ci:<\/p>\n\n\n\n<ul class=\"wp-block-list\">\n<li>Akceptowa\u0107 wszystkie pliki cookie<\/li>\n\n\n\n<li>Odrzuca\u0107 pliki cookie, kt\u00f3re nie s\u0105 niezb\u0119dne<\/li>\n\n\n\n<li>Dostosowa\u0107 preferencje dotycz\u0105ce plik\u00f3w cookie<\/li>\n<\/ul>\n\n\n\n<hr class=\"wp-block-separator has-alpha-channel-opacity\"\/>\n\n\n\n<h1 class=\"wp-block-heading\">6. Zmiany w tej polityce dotycz\u0105cej plik\u00f3w cookie<\/h1>\n\n\n\n<p><strong>Wireless CarPlay Solutions<\/strong> mo\u017ce od czasu do czasu aktualizowa\u0107 t\u0119 polityk\u0119 dotycz\u0105c\u0105 plik\u00f3w cookie, aby odzwierciedli\u0107 zmiany w technologii, wymaganiach prawnych lub naszych praktykach.<\/p>\n\n\n\n<p>Wszelkie aktualizacje b\u0119d\u0105 publikowane na tej stronie z zaktualizowan\u0105 dat\u0105 <strong>Ostatnia aktualizacja<\/strong>.<\/p>\n\n\n\n<hr class=\"wp-block-separator has-alpha-channel-opacity\"\/>\n\n\n\n<h1 class=\"wp-block-heading\">7. Informacje kontaktowe<\/h1>\n\n\n\n<p>Je\u015bli masz jakiekolwiek pytania dotycz\u0105ce tej polityki dotycz\u0105cej plik\u00f3w cookie lub sposobu, w jaki pliki cookie s\u0105 u\u017cywane na naszej stronie internetowej, skontaktuj si\u0119 z nami:<\/p>\n\n\n\n<p><strong>Nazwa firmy:<\/strong> Wireless CarPlay Solutions<\/p>\n","protected":false},"excerpt":{"rendered":"<p>Polityka dotycz\u0105ca plik\u00f3w cookie wyja\u015bnia, w jaki spos\u00f3b Wireless CarPlay Solutions wykorzystuje pliki cookie i podobne technologie podczas odwiedzania naszej strony internetowej. Wyja\u015bnia, czym s\u0105 pliki cookie, jak je wykorzystujemy i jak mo\u017cesz je kontrolowa\u0107. Kontynuuj\u0105c korzystanie z naszej strony internetowej, zgadzasz si\u0119 na u\u017cycie plik\u00f3w cookie zgodnie z t\u0105 polityk\u0105, chyba \u017ce wy\u0142\u0105czysz je [&hellip;]<\/p>\n","protected":false},"author":1,"featured_media":0,"parent":0,"menu_order":0,"comment_status":"closed","ping_status":"closed","template":"","meta":{"footnotes":""},"class_list":["post-7226","page","type-page","status-publish","hentry"],"_links":{"self":[{"href":"https:\/\/wireless-carplay-box.com\/pl\/wp-json\/wp\/v2\/pages\/7226","targetHints":{"allow":["GET"]}}],"collection":[{"href":"https:\/\/wireless-carplay-box.com\/pl\/wp-json\/wp\/v2\/pages"}],"about":[{"href":"https:\/\/wireless-carplay-box.com\/pl\/wp-json\/wp\/v2\/types\/page"}],"author":[{"embeddable":true,"href":"https:\/\/wireless-carplay-box.com\/pl\/wp-json\/wp\/v2\/users\/1"}],"replies":[{"embeddable":true,"href":"https:\/\/wireless-carplay-box.com\/pl\/wp-json\/wp\/v2\/comments?post=7226"}],"version-history":[{"count":2,"href":"https:\/\/wireless-carplay-box.com\/pl\/wp-json\/wp\/v2\/pages\/7226\/revisions"}],"predecessor-version":[{"id":8139,"href":"https:\/\/wireless-carplay-box.com\/pl\/wp-json\/wp\/v2\/pages\/7226\/revisions\/8139"}],"wp:attachment":[{"href":"https:\/\/wireless-carplay-box.com\/pl\/wp-json\/wp\/v2\/media?parent=7226"}],"curies":[{"name":"wp","href":"https:\/\/api.w.org\/{rel}","templated":true}]}}