{"id":7229,"date":"2026-03-13T23:00:10","date_gmt":"2026-03-13T23:00:10","guid":{"rendered":"https:\/\/master.birthday-gifts-her.com\/?page_id=7229"},"modified":"2026-04-04T03:17:58","modified_gmt":"2026-04-04T03:17:58","slug":"legal-notice","status":"publish","type":"page","link":"https:\/\/wireless-carplay-box.com\/pl\/legal-notice\/","title":{"rendered":"Informacje Prawne"},"content":{"rendered":"\n<p>To Powiadomienie Prawne zawiera wa\u017cne informacje dotycz\u0105ce w\u0142asno\u015bci i dzia\u0142ania strony internetowej prowadzonej przez <strong>Wireless CarPlay Solutions<\/strong>. Korzystaj\u0105c z tej strony internetowej, zgadzasz si\u0119 przestrzega\u0107 warunk\u00f3w okre\u015blonych w tym powiadomieniu.<\/p>\n\n\n\n<p>W przypadku jakichkolwiek zapyta\u0144 dotycz\u0105cych tej strony internetowej lub tego Powiadomienia Prawnego, prosimy o kontakt z nami pod adresem:<\/p>\n\n\n\n<p><strong>Email:<\/strong> contact@wireless-carplay-box.com<\/p>\n\n\n\n<hr class=\"wp-block-separator has-alpha-channel-opacity\"\/>\n\n\n\n<h1 class=\"wp-block-heading\">1. Identyfikacja Firmy<\/h1>\n\n\n\n<p>Strona internetowa jest prowadzona przez:<\/p>\n\n\n\n<p><strong>Nazwa Firmy:<\/strong> Wireless CarPlay Solutions<br><strong>Rodzaj Dzia\u0142alno\u015bci:<\/strong> Sprzeda\u017c detaliczna produkt\u00f3w przez mi\u0119dzynarodow\u0105 platform\u0119 e-commerce<br><strong>Email Kontaktowy:<\/strong> contact@wireless-carplay-box.com<\/p>\n\n\n\n<p>Na ca\u0142ej stronie internetowej terminy \u201emy\u201d, \u201enas\u201d i \u201enasze\u201d odnosz\u0105 si\u0119 do <strong>Wireless CarPlay Solutions<\/strong>.<\/p>\n\n\n\n<hr class=\"wp-block-separator has-alpha-channel-opacity\"\/>\n\n\n\n<h1 class=\"wp-block-heading\">2. Informacje o Hostingu Strony<\/h1>\n\n\n\n<p>Ta strona internetowa jest hostowana przez zewn\u0119trznego dostawc\u0119 us\u0142ug hostingowych odpowiedzialnego za utrzymanie infrastruktury technicznej, kt\u00f3ra umo\u017cliwia dzia\u0142anie strony internetowej w sieci.<\/p>\n\n\n\n<p>Dostawca hostingu zapewnia bezpiecze\u0144stwo, dost\u0119pno\u015b\u0107 i wydajno\u015b\u0107 serwer\u00f3w strony internetowej.<\/p>\n\n\n\n<p>Je\u015bli wymaga tego obowi\u0105zuj\u0105ce prawo, szczeg\u00f3\u0142y dotycz\u0105ce dostawcy hostingu mo\u017cna uzyska\u0107 na \u017c\u0105danie, kontaktuj\u0105c si\u0119 z <strong>contact@wireless-carplay-box.com<\/strong>.<\/p>\n\n\n\n<hr class=\"wp-block-separator has-alpha-channel-opacity\"\/>\n\n\n\n<h1 class=\"wp-block-heading\">3. Prawa W\u0142asno\u015bci Intelektualnej<\/h1>\n\n\n\n<p>Wszystkie tre\u015bci na tej stronie internetowej s\u0105 w\u0142asno\u015bci\u0105 <strong>Wireless CarPlay Solutions<\/strong>, chyba \u017ce zaznaczone jest inaczej.<\/p>\n\n\n\n<p>Obejmuje to, ale nie ogranicza si\u0119 do:<\/p>\n\n\n\n<ul class=\"wp-block-list\">\n<li>Projekt i uk\u0142ad strony internetowej<\/li>\n\n\n\n<li>Tekst, opisy i tre\u015bci pisane<\/li>\n\n\n\n<li>Logotypy, elementy brandingowe i znaki towarowe<\/li>\n\n\n\n<li>Obrazy, grafiki i materia\u0142y wizualne<\/li>\n\n\n\n<li>Oferty produkt\u00f3w i zasoby cyfrowe<\/li>\n<\/ul>\n\n\n\n<p>Wszystkie prawa w\u0142asno\u015bci intelektualnej s\u0105 chronione przez obowi\u0105zuj\u0105ce przepisy prawa autorskiego, prawa znak\u00f3w towarowych i prawa w\u0142asno\u015bci intelektualnej.<\/p>\n\n\n\n<p>\u017badna cz\u0119\u015b\u0107 tej strony internetowej nie mo\u017ce by\u0107 kopiowana, reprodukowana, dystrybuowana, modyfikowana ani wykorzystywana do cel\u00f3w komercyjnych bez uprzedniej pisemnej zgody <strong>Wireless CarPlay Solutions<\/strong>.<\/p>\n\n\n\n<p>Nieautoryzowane u\u017cycie jakiejkolwiek tre\u015bci na stronie internetowej mo\u017ce skutkowa\u0107 dzia\u0142aniami prawnymi.<\/p>\n\n\n\n<hr class=\"wp-block-separator has-alpha-channel-opacity\"\/>\n\n\n\n<h1 class=\"wp-block-heading\">4. U\u017cytkowanie Strony<\/h1>\n\n\n\n<p>U\u017cytkownicy tej strony internetowej zgadzaj\u0105 si\u0119 korzysta\u0107 z niej wy\u0142\u0105cznie w celach zgodnych z prawem.<\/p>\n\n\n\n<p>Zgadzasz si\u0119 nie:<\/p>\n\n\n\n<ul class=\"wp-block-list\">\n<li>Korzysta\u0107 ze strony w spos\u00f3b naruszaj\u0105cy obowi\u0105zuj\u0105ce przepisy prawa lub regulacje<\/li>\n\n\n\n<li>Pr\u00f3bowa\u0107 uzyska\u0107 nieautoryzowany dost\u0119p do strony lub jej system\u00f3w<\/li>\n\n\n\n<li>Wprowadza\u0107 z\u0142o\u015bliwego oprogramowania, wirus\u00f3w lub szkodliwego kodu<\/li>\n\n\n\n<li>Korzysta\u0107 z system\u00f3w automatycznych do wydobywania danych ze strony bez zgody<\/li>\n<\/ul>\n\n\n\n<p><strong>Wireless CarPlay Solutions<\/strong> zastrzega sobie prawo do zawieszenia lub zako\u0144czenia dost\u0119pu do strony internetowej dla u\u017cytkownik\u00f3w, kt\u00f3rzy naruszaj\u0105 te warunki.<\/p>\n\n\n\n<hr class=\"wp-block-separator has-alpha-channel-opacity\"\/>\n\n\n\n<h1 class=\"wp-block-heading\">5. Zrzeczenie si\u0119 Odpowiedzialno\u015bci<\/h1>\n\n\n\n<p>Chocia\u017c <strong>Wireless CarPlay Solutions<\/strong> stara si\u0119 zapewni\u0107 dok\u0142adno\u015b\u0107 i wiarygodno\u015b\u0107 informacji na tej stronie internetowej, nie gwarantujemy, \u017ce wszystkie tre\u015bci s\u0105 kompletne, dok\u0142adne lub aktualne w ka\u017cdym momencie.<\/p>\n\n\n\n<p>W najszerszym zakresie dozwolonym przez prawo, <strong>Wireless CarPlay Solutions<\/strong> nie ponosi odpowiedzialno\u015bci za:<\/p>\n\n\n\n<ul class=\"wp-block-list\">\n<li>B\u0142\u0119dy lub pomini\u0119cia w tre\u015bci strony internetowej<\/li>\n\n\n\n<li>Przejrzysto\u015b\u0107 strony internetowej<\/li>\n\n\n\n<li>Przerwy techniczne lub awarie systemu<\/li>\n\n\n\n<li>Straty wynikaj\u0105ce z polegania na informacjach ze strony internetowej<\/li>\n\n\n\n<li>Szkody spowodowane przez us\u0142ugi os\u00f3b trzecich powi\u0105zane ze stron\u0105 internetow\u0105<\/li>\n<\/ul>\n\n\n\n<p>U\u017cytkownicy uzyskuj\u0105 dost\u0119p do strony i korzystaj\u0105 z niej na w\u0142asne ryzyko.<\/p>\n\n\n\n<hr class=\"wp-block-separator has-alpha-channel-opacity\"\/>\n\n\n\n<h1 class=\"wp-block-heading\">6. Linki Zewn\u0119trzne<\/h1>\n\n\n\n<p>Ta strona internetowa mo\u017ce zawiera\u0107 linki do zewn\u0119trznych stron internetowych lub us\u0142ug os\u00f3b trzecich.<\/p>\n\n\n\n<p>Linki te s\u0105 udost\u0119pniane wy\u0142\u0105cznie w celach informacyjnych.<\/p>\n\n\n\n<p><strong>Wireless CarPlay Solutions<\/strong> nie kontroluje i nie ponosi odpowiedzialno\u015bci za:<\/p>\n\n\n\n<ul class=\"wp-block-list\">\n<li>Tre\u015b\u0107 zewn\u0119trznych stron internetowych<\/li>\n\n\n\n<li>Ich polityki prywatno\u015bci lub praktyki<\/li>\n\n\n\n<li>Jakiekolwiek produkty lub us\u0142ugi oferowane przez osoby trzecie<\/li>\n<\/ul>\n\n\n\n<p>U\u017cytkownicy powinni zapozna\u0107 si\u0119 z politykami wszelkich zewn\u0119trznych stron internetowych, kt\u00f3re odwiedzaj\u0105.<\/p>\n\n\n\n<hr class=\"wp-block-separator has-alpha-channel-opacity\"\/>\n\n\n\n<h1 class=\"wp-block-heading\">7. Ochrona Danych i Prywatno\u015b\u0107<\/h1>\n\n\n\n<p>Dane osobowe zbierane za po\u015brednictwem tej strony internetowej s\u0105 przetwarzane zgodnie z obowi\u0105zuj\u0105cymi przepisami o ochronie danych.<\/p>\n\n\n\n<p>Szczeg\u00f3\u0142y dotycz\u0105ce sposobu zbierania, wykorzystywania i ochrony danych osobowych s\u0105 wyja\u015bnione w naszej <strong>Polityce Prywatno\u015bci<\/strong>.<\/p>\n\n\n\n<p>U\u017cytkownicy s\u0105 zach\u0119cani do zapoznania si\u0119 z t\u0105 polityk\u0105 w celu uzyskania dodatkowych informacji.<\/p>\n\n\n\n<hr class=\"wp-block-separator has-alpha-channel-opacity\"\/>\n\n\n\n<h1 class=\"wp-block-heading\">8. Obowi\u0105zuj\u0105ce Prawo i Jurysdykcja<\/h1>\n\n\n\n<p>To Powiadomienie Prawne oraz korzystanie z tej strony internetowej podlega obowi\u0105zuj\u0105cym mi\u0119dzynarodowym przepisom prawa e-commerce oraz regulacjom ochrony konsument\u00f3w.<\/p>\n\n\n\n<p>Wszelkie spory wynikaj\u0105ce z korzystania z tej strony b\u0119d\u0105 podlega\u0142y jurysdykcji w\u0142a\u015bciwych s\u0105d\u00f3w zgodnie z obowi\u0105zuj\u0105cymi przepisami.<\/p>\n\n\n\n<hr class=\"wp-block-separator has-alpha-channel-opacity\"\/>\n\n\n\n<h1 class=\"wp-block-heading\">9. Zmiany w Tym Powiadomieniu Prawnym<\/h1>\n\n\n\n<p><strong>Wireless CarPlay Solutions<\/strong> zastrzega sobie prawo do aktualizacji lub modyfikacji tego Powiadomienia Prawnego w dowolnym momencie.<\/p>\n\n\n\n<p>Wszelkie aktualizacje b\u0119d\u0105 publikowane na tej stronie z zaktualizowan\u0105 dat\u0105 <strong>Ostatniej Aktualizacji<\/strong>.<\/p>\n\n\n\n<p>Kontynuowanie korzystania z tej strony po opublikowaniu zmian stanowi akceptacj\u0119 zaktualizowanych warunk\u00f3w.<\/p>\n\n\n\n<hr class=\"wp-block-separator has-alpha-channel-opacity\"\/>\n\n\n\n<h1 class=\"wp-block-heading\">10. Informacje Kontaktowe<\/h1>\n\n\n\n<p>W przypadku pyta\u0144 lub w\u0105tpliwo\u015bci dotycz\u0105cych tego Powiadomienia Prawnego, prosimy o kontakt z nami:<\/p>\n\n\n\n<p><strong>Nazwa Firmy:<\/strong> Wireless CarPlay Solutions<br><strong>Email:<\/strong> contact@wireless-carplay-box.com<\/p>\n","protected":false},"excerpt":{"rendered":"<p>To Powiadomienie Prawne zawiera wa\u017cne informacje dotycz\u0105ce w\u0142asno\u015bci i dzia\u0142ania strony internetowej prowadzonej przez Wireless CarPlay Solutions. Korzystaj\u0105c z tej strony internetowej, zgadzasz si\u0119 przestrzega\u0107 warunk\u00f3w okre\u015blonych w tym powiadomieniu. W przypadku jakichkolwiek zapyta\u0144 dotycz\u0105cych tej strony internetowej lub tego Powiadomienia Prawnego, prosimy o kontakt z nami pod adresem: Email: contact@wireless-carplay-box.com 1. Identyfikacja Firmy Strona [&hellip;]<\/p>\n","protected":false},"author":1,"featured_media":0,"parent":0,"menu_order":0,"comment_status":"closed","ping_status":"closed","template":"","meta":{"footnotes":""},"class_list":["post-7229","page","type-page","status-publish","hentry"],"_links":{"self":[{"href":"https:\/\/wireless-carplay-box.com\/pl\/wp-json\/wp\/v2\/pages\/7229","targetHints":{"allow":["GET"]}}],"collection":[{"href":"https:\/\/wireless-carplay-box.com\/pl\/wp-json\/wp\/v2\/pages"}],"about":[{"href":"https:\/\/wireless-carplay-box.com\/pl\/wp-json\/wp\/v2\/types\/page"}],"author":[{"embeddable":true,"href":"https:\/\/wireless-carplay-box.com\/pl\/wp-json\/wp\/v2\/users\/1"}],"replies":[{"embeddable":true,"href":"https:\/\/wireless-carplay-box.com\/pl\/wp-json\/wp\/v2\/comments?post=7229"}],"version-history":[{"count":3,"href":"https:\/\/wireless-carplay-box.com\/pl\/wp-json\/wp\/v2\/pages\/7229\/revisions"}],"predecessor-version":[{"id":8140,"href":"https:\/\/wireless-carplay-box.com\/pl\/wp-json\/wp\/v2\/pages\/7229\/revisions\/8140"}],"wp:attachment":[{"href":"https:\/\/wireless-carplay-box.com\/pl\/wp-json\/wp\/v2\/media?parent=7229"}],"curies":[{"name":"wp","href":"https:\/\/api.w.org\/{rel}","templated":true}]}}