{"id":7231,"date":"2026-03-14T00:06:26","date_gmt":"2026-03-14T00:06:26","guid":{"rendered":"https:\/\/master.birthday-gifts-her.com\/?page_id=7231"},"modified":"2026-04-04T03:18:04","modified_gmt":"2026-04-04T03:18:04","slug":"frequently-asked-questions-faq","status":"publish","type":"page","link":"https:\/\/wireless-carplay-box.com\/pl\/frequently-asked-questions-faq\/","title":{"rendered":"Cz\u0119sto Zadawane Pytania (FAQ)"},"content":{"rendered":"\n<p>Witamy na stronie FAQ <strong>Wireless CarPlay Solutions<\/strong>. Tutaj znajdziesz odpowiedzi na najcz\u0119\u015bciej zadawane pytania dotycz\u0105ce zam\u00f3wie\u0144, wysy\u0142ki, zwrot\u00f3w i nie tylko. Je\u015bli nie mo\u017cesz znale\u017a\u0107 odpowiedzi, kt\u00f3rej szukasz, skontaktuj si\u0119 z naszym zespo\u0142em wsparcia pod adresem <strong>contact@wireless-carplay-box.com<\/strong>.<\/p>\n\n\n\n<h1 class=\"wp-block-heading\">1. Jak d\u0142ugo trwa wysy\u0142ka?<\/h1>\n\n\n\n<p>Poniewa\u017c <strong>Wireless CarPlay Solutions<\/strong> wysy\u0142a produkty na ca\u0142ym \u015bwiecie za po\u015brednictwem zaufanych dostawc\u00f3w, czasy dostawy mog\u0105 si\u0119 r\u00f3\u017cni\u0107 w zale\u017cno\u015bci od Twojej lokalizacji. W <strong>Wireless CarPlay Solutions<\/strong> obecnie wysy\u0142amy do <strong>Europy<\/strong> za po\u015brednictwem naszych zaufanych partner\u00f3w logistycznych.<\/p>\n\n\n\n<p>Dostawa zazwyczaj trwa <strong>5\u201310 dni roboczych<\/strong>, w zale\u017cno\u015bci od Twojego kraju i lokalnych warunk\u00f3w dostawy.<\/p>\n\n\n\n<p>Po wys\u0142aniu zam\u00f3wienia otrzymasz <strong>email potwierdzaj\u0105cy z numerem \u015bledzenia<\/strong>, aby\u015b m\u00f3g\u0142 \u015bledzi\u0107 swoj\u0105 paczk\u0119.<\/p>\n\n\n\n<p>Prosz\u0119 pami\u0119ta\u0107, \u017ce mog\u0105 wyst\u0105pi\u0107 sporadyczne op\u00f3\u017anienia z powodu problem\u00f3w z przewo\u017anikiem lub okres\u00f3w du\u017cego popytu.<\/p>\n\n\n\n<hr class=\"wp-block-separator has-alpha-channel-opacity\"\/>\n\n\n\n<h1 class=\"wp-block-heading\">2. Ile kosztuje wysy\u0142ka?<\/h1>\n\n\n\n<p>Koszty wysy\u0142ki zale\u017c\u0105 od Twojej lokalizacji i zam\u00f3wionych przedmiot\u00f3w.<\/p>\n\n\n\n<p>Zobaczysz <strong>dok\u0142adny koszt wysy\u0142ki przy kasie<\/strong> przed zako\u0144czeniem zakupu. Czasami <strong>Wireless CarPlay Solutions<\/strong> mo\u017ce oferowa\u0107 promocje na darmow\u0105 wysy\u0142k\u0119.<\/p>\n\n\n\n<hr class=\"wp-block-separator has-alpha-channel-opacity\"\/>\n\n\n\n<h1 class=\"wp-block-heading\">3. Jak mog\u0119 \u015bledzi\u0107 moje zam\u00f3wienie?<\/h1>\n\n\n\n<p>Po przetworzeniu i wys\u0142aniu zam\u00f3wienia otrzymasz <strong>email potwierdzaj\u0105cy wysy\u0142k\u0119<\/strong> z numerem \u015bledzenia.<\/p>\n\n\n\n<p>Mo\u017cesz u\u017cy\u0107 tego numeru \u015bledzenia, aby monitorowa\u0107 post\u0119p swojej paczki na stronie przewo\u017anika.<\/p>\n\n\n\n<p>Je\u015bli potrzebujesz pomocy w znalezieniu informacji o \u015bledzeniu, skontaktuj si\u0119 z nami pod adresem <strong>contact@wireless-carplay-box.com<\/strong>.<\/p>\n\n\n\n<hr class=\"wp-block-separator has-alpha-channel-opacity\"\/>\n\n\n\n<h1 class=\"wp-block-heading\">4. Jakie metody p\u0142atno\u015bci akceptujecie?<\/h1>\n\n\n\n<p><strong>Wireless CarPlay Solutions<\/strong> akceptuje kilka bezpiecznych metod p\u0142atno\u015bci, w tym:<\/p>\n\n\n\n<ul class=\"wp-block-list\">\n<li>Karty kredytowe (Visa, Mastercard, American Express)<\/li>\n\n\n\n<li>Karty debetowe<\/li>\n\n\n\n<li>Bezpieczne us\u0142ugi p\u0142atno\u015bci online (w zale\u017cno\u015bci od opcji przy kasie)<\/li>\n<\/ul>\n\n\n\n<p>Wszystkie p\u0142atno\u015bci s\u0105 przetwarzane przez bezpiecznych dostawc\u00f3w p\u0142atno\u015bci, aby zapewni\u0107 ochron\u0119 Twoich informacji.<\/p>\n\n\n\n<hr class=\"wp-block-separator has-alpha-channel-opacity\"\/>\n\n\n\n<h1 class=\"wp-block-heading\">5. Jaka jest wasza polityka zwrot\u00f3w i refundacji?<\/h1>\n\n\n\n<p>Oferujemy <strong>30-dniow\u0105 polityk\u0119 zwrot\u00f3w<\/strong> dla wi\u0119kszo\u015bci produkt\u00f3w.<\/p>\n\n\n\n<p>Je\u015bli nie jeste\u015b zadowolony z zakupu, mo\u017cesz poprosi\u0107 o zwrot w ci\u0105gu <strong>30 dni od otrzymania zam\u00f3wienia<\/strong>. Przedmioty musz\u0105 by\u0107 nieu\u017cywane i w oryginalnym stanie.<\/p>\n\n\n\n<p>Aby rozpocz\u0105\u0107 zwrot, skontaktuj si\u0119 z nami pod adresem <strong>contact@wireless-carplay-box.com<\/strong> z numerem zam\u00f3wienia.<\/p>\n\n\n\n<hr class=\"wp-block-separator has-alpha-channel-opacity\"\/>\n\n\n\n<h1 class=\"wp-block-heading\">6. Co powinienem zrobi\u0107, je\u015bli m\u00f3j przedmiot przyjdzie uszkodzony?<\/h1>\n\n\n\n<p>Przykro nam, je\u015bli to si\u0119 zdarzy. Je\u015bli Tw\u00f3j produkt przyjdzie <strong>uszkodzony lub wadliwy<\/strong>, skontaktuj si\u0119 z nami w ci\u0105gu <strong>7 dni od otrzymania zam\u00f3wienia<\/strong>.<\/p>\n\n\n\n<p>Do\u0142\u0105cz:<\/p>\n\n\n\n<ul class=\"wp-block-list\">\n<li>Numer zam\u00f3wienia<\/li>\n\n\n\n<li>Zdj\u0119cia uszkodzonego przedmiotu<\/li>\n\n\n\n<li>Zdj\u0119cia opakowania<\/li>\n<\/ul>\n\n\n\n<p>Nasz zesp\u00f3\u0142 wsparcia zorganizuje <strong>wymian\u0119 lub zwrot pieni\u0119dzy<\/strong> tak szybko, jak to mo\u017cliwe.<\/p>\n\n\n\n<hr class=\"wp-block-separator has-alpha-channel-opacity\"\/>\n\n\n\n<h1 class=\"wp-block-heading\">7. Co je\u015bli otrzymam niew\u0142a\u015bciwy przedmiot?<\/h1>\n\n\n\n<p>Je\u015bli otrzymasz niew\u0142a\u015bciwy produkt, skontaktuj si\u0119 z <strong>contact@wireless-carplay-box.com<\/strong> z:<\/p>\n\n\n\n<ul class=\"wp-block-list\">\n<li>Numer zam\u00f3wienia<\/li>\n\n\n\n<li>Zdj\u0119cia otrzymanego przedmiotu<\/li>\n<\/ul>\n\n\n\n<p>Przejrzymy problem i wy\u015blemy w\u0142a\u015bciwy przedmiot lub zaproponujemy odpowiednie rozwi\u0105zanie.<\/p>\n\n\n\n<hr class=\"wp-block-separator has-alpha-channel-opacity\"\/>\n\n\n\n<h1 class=\"wp-block-heading\">8. Czy mog\u0119 anulowa\u0107 moje zam\u00f3wienie?<\/h1>\n\n\n\n<p>Tak. Zam\u00f3wienia mo\u017cna zazwyczaj anulowa\u0107 <strong>w ci\u0105gu 12 godzin od z\u0142o\u017cenia<\/strong>.<\/p>\n\n\n\n<p>Po tym czasie zam\u00f3wienie mo\u017ce by\u0107 ju\u017c przetwarzane i przygotowane do wysy\u0142ki. Je\u015bli musisz anulowa\u0107 swoje zam\u00f3wienie, skontaktuj si\u0119 z nami natychmiast pod adresem <strong>contact@wireless-carplay-box.com<\/strong>.<\/p>\n\n\n\n<hr class=\"wp-block-separator has-alpha-channel-opacity\"\/>\n\n\n\n<h1 class=\"wp-block-heading\">9. Czy oferujecie kody rabatowe?<\/h1>\n\n\n\n<p>Tak! <strong>Wireless CarPlay Solutions<\/strong> czasami oferuje specjalne promocje, zni\u017cki i oferty ograniczone czasowo.<\/p>\n\n\n\n<p>Mo\u017cesz zastosowa\u0107 kody rabatowe podczas kasowania w <strong>polu kodu promocyjnego<\/strong>. Upewnij si\u0119, \u017ce subskrybujesz nasz newsletter lub \u015bledzisz nasze aktualizacje, aby by\u0107 na bie\u017c\u0105co z nadchodz\u0105cymi ofertami.<\/p>\n\n\n\n<hr class=\"wp-block-separator has-alpha-channel-opacity\"\/>\n\n\n\n<h1 class=\"wp-block-heading\">10. Jak mog\u0119 skontaktowa\u0107 si\u0119 z obs\u0142ug\u0105 klienta?<\/h1>\n\n\n\n<p>Nasz zesp\u00f3\u0142 wsparcia klienta jest tutaj, aby pom\u00f3c.<\/p>\n\n\n\n<p>Je\u015bli masz jakiekolwiek pytania dotycz\u0105ce zam\u00f3wie\u0144, produkt\u00f3w, wysy\u0142ki lub zwrot\u00f3w, skontaktuj si\u0119 z nami pod adresem:<\/p>\n\n\n\n<p><strong>Email:<\/strong> contact@wireless-carplay-box.com<\/p>\n\n\n\n<p>Staramy si\u0119 odpowiada\u0107 na wszystkie zapytania w ci\u0105gu <strong>24\u201348 godzin<\/strong> w dni robocze.<\/p>\n\n\n\n<hr class=\"wp-block-separator has-alpha-channel-opacity\"\/>\n\n\n\n<p>Dzi\u0119kujemy za zakupy w <strong>Wireless CarPlay Solutions<\/strong>! Doceniamy Twoje zaufanie i zawsze jeste\u015bmy tutaj, aby pom\u00f3c.<\/p>\n","protected":false},"excerpt":{"rendered":"<p>Witamy na stronie FAQ Wireless CarPlay Solutions. Tutaj znajdziesz odpowiedzi na najcz\u0119\u015bciej zadawane pytania dotycz\u0105ce zam\u00f3wie\u0144, wysy\u0142ki, zwrot\u00f3w i nie tylko. Je\u015bli nie mo\u017cesz znale\u017a\u0107 odpowiedzi, kt\u00f3rej szukasz, skontaktuj si\u0119 z naszym zespo\u0142em wsparcia pod adresem contact@wireless-carplay-box.com. 1. Jak d\u0142ugo trwa wysy\u0142ka? Poniewa\u017c Wireless CarPlay Solutions wysy\u0142a produkty na ca\u0142ym \u015bwiecie za po\u015brednictwem zaufanych dostawc\u00f3w, [&hellip;]<\/p>\n","protected":false},"author":1,"featured_media":0,"parent":0,"menu_order":0,"comment_status":"closed","ping_status":"closed","template":"","meta":{"footnotes":""},"class_list":["post-7231","page","type-page","status-publish","hentry"],"_links":{"self":[{"href":"https:\/\/wireless-carplay-box.com\/pl\/wp-json\/wp\/v2\/pages\/7231","targetHints":{"allow":["GET"]}}],"collection":[{"href":"https:\/\/wireless-carplay-box.com\/pl\/wp-json\/wp\/v2\/pages"}],"about":[{"href":"https:\/\/wireless-carplay-box.com\/pl\/wp-json\/wp\/v2\/types\/page"}],"author":[{"embeddable":true,"href":"https:\/\/wireless-carplay-box.com\/pl\/wp-json\/wp\/v2\/users\/1"}],"replies":[{"embeddable":true,"href":"https:\/\/wireless-carplay-box.com\/pl\/wp-json\/wp\/v2\/comments?post=7231"}],"version-history":[{"count":2,"href":"https:\/\/wireless-carplay-box.com\/pl\/wp-json\/wp\/v2\/pages\/7231\/revisions"}],"predecessor-version":[{"id":8141,"href":"https:\/\/wireless-carplay-box.com\/pl\/wp-json\/wp\/v2\/pages\/7231\/revisions\/8141"}],"wp:attachment":[{"href":"https:\/\/wireless-carplay-box.com\/pl\/wp-json\/wp\/v2\/media?parent=7231"}],"curies":[{"name":"wp","href":"https:\/\/api.w.org\/{rel}","templated":true}]}}