{"id":7224,"date":"2026-03-13T22:52:42","date_gmt":"2026-03-13T22:52:42","guid":{"rendered":"https:\/\/master.birthday-gifts-her.com\/?page_id=7224"},"modified":"2026-04-04T03:11:18","modified_gmt":"2026-04-04T03:11:18","slug":"return-refund-policy","status":"publish","type":"page","link":"https:\/\/wireless-carplay-box.com\/ro\/return-refund-policy\/","title":{"rendered":"Politic\u0103 de Retur \u0219i Rambursare"},"content":{"rendered":"\n<p>La <strong>Wireless CarPlay Solutions<\/strong>, dorim s\u0103 te sim\u021bi \u00eencrez\u0103tor c\u00e2nd faci cump\u0103r\u0103turi cu noi. Dac\u0103 nu e\u0219ti complet mul\u021bumit de achizi\u021bia ta, oferim o <strong>politic\u0103 de returnare de 30 de zile<\/strong> pentru a face procesul simplu \u0219i corect.<\/p>\n\n\n\n<p>Dac\u0103 ai \u00eentreb\u0103ri, te rug\u0103m s\u0103 ne contactezi la:<br><strong>Email:<\/strong> contact@wireless-carplay-box.com<\/p>\n\n\n\n<hr class=\"wp-block-separator has-alpha-channel-opacity\"\/>\n\n\n\n<h1 class=\"wp-block-heading\">1. Fereastra de Returnare<\/h1>\n\n\n\n<p>Ai <strong>30 de zile de la data primirii comenzii tale<\/strong> pentru a solicita o returnare.<\/p>\n\n\n\n<p>Pentru a fi eligibile pentru returnare, articolele trebuie s\u0103:<\/p>\n\n\n\n<ul class=\"wp-block-list\">\n<li>S\u0103 fie nefolosite \u0219i \u00een starea lor original\u0103<\/li>\n\n\n\n<li>S\u0103 fie returnate \u00een ambalajul original, atunci c\u00e2nd este posibil<\/li>\n\n\n\n<li>S\u0103 includ\u0103 dovada achizi\u021biei (num\u0103rul comenzii sau chitan\u021ba)<\/li>\n<\/ul>\n\n\n\n<p>Articolele returnate f\u0103r\u0103 aprobat\u0103 prealabil\u0103 pot s\u0103 nu fie acceptate.<\/p>\n\n\n\n<hr class=\"wp-block-separator has-alpha-channel-opacity\"\/>\n\n\n\n<h1 class=\"wp-block-heading\">2. Cum s\u0103 Solici\u021bi o Returnare<\/h1>\n\n\n\n<p>Returnarea unui articol este simpl\u0103. Urmeaz\u0103 ace\u0219ti pa\u0219i:<\/p>\n\n\n\n<p><strong>Pasul 1 \u2014 Contacteaz\u0103-ne<\/strong><br>Trimite-ne un email la <strong>contact@wireless-carplay-box.com<\/strong> cu:<\/p>\n\n\n\n<ul class=\"wp-block-list\">\n<li>Num\u0103rul t\u0103u de comand\u0103<\/li>\n\n\n\n<li>Articolul pe care vrei s\u0103-l returnezi<\/li>\n\n\n\n<li>Motivul return\u0103rii (op\u021bional, dar util)<\/li>\n<\/ul>\n\n\n\n<p><strong>Pasul 2 \u2014 Instruc\u021biuni de Returnare<\/strong><br>Echipa noastr\u0103 de suport va revizui cererea ta \u0219i \u00ee\u021bi va oferi instruc\u021biuni de returnare.<\/p>\n\n\n\n<p><strong>Pasul 3 \u2014 Trimite Articolul \u00cenapoi<\/strong><br>Odat\u0103 aprobat, trimite articolul la adresa de returnare furnizat\u0103 \u00een emailul nostru.<\/p>\n\n\n\n<hr class=\"wp-block-separator has-alpha-channel-opacity\"\/>\n\n\n\n<h1 class=\"wp-block-heading\">3. Ramburs\u0103ri<\/h1>\n\n\n\n<p>Odat\u0103 ce primim \u0219i inspect\u0103m articolul returnat:<\/p>\n\n\n\n<ul class=\"wp-block-list\">\n<li>Te vom notifica cu privire la aprobarea sau respingerea ramburs\u0103rii tale.<\/li>\n\n\n\n<li>Dac\u0103 este aprobat, rambursarea ta va fi procesat\u0103 pe <strong>metoda ta de plat\u0103 original\u0103<\/strong>.<\/li>\n<\/ul>\n\n\n\n<p>Te rug\u0103m s\u0103 a\u0219tep\u021bi <strong>5\u201310 zile lucr\u0103toare<\/strong> pentru ca rambursarea s\u0103 apar\u0103 \u00een contul t\u0103u, \u00een func\u021bie de furnizorul t\u0103u de plat\u0103.<\/p>\n\n\n\n<hr class=\"wp-block-separator has-alpha-channel-opacity\"\/>\n\n\n\n<h1 class=\"wp-block-heading\">4. Articole Deteriorate sau Incorecte<\/h1>\n\n\n\n<p>Dac\u0103 comanda ta ajunge <strong>deteriorat\u0103, defect\u0103 sau incorect\u0103<\/strong>, te rug\u0103m s\u0103 ne contactezi \u00een termen de <strong>7 zile de la livrare<\/strong>.<\/p>\n\n\n\n<p>Include:<\/p>\n\n\n\n<ul class=\"wp-block-list\">\n<li>Num\u0103rul t\u0103u de comand\u0103<\/li>\n\n\n\n<li>O descriere a problemei<\/li>\n\n\n\n<li>Fotografii ale articolului \u0219i ambalajului<\/li>\n<\/ul>\n\n\n\n<p>Vom aranja un <strong>\u00eenlocuitor sau o rambursare complet\u0103<\/strong> c\u00e2t mai repede posibil.<\/p>\n\n\n\n<hr class=\"wp-block-separator has-alpha-channel-opacity\"\/>\n\n\n\n<h1 class=\"wp-block-heading\">5. Articole Ne-returnabile<\/h1>\n\n\n\n<p>Unele produse pot s\u0103 nu fie eligibile pentru returnare, inclusiv:<\/p>\n\n\n\n<ul class=\"wp-block-list\">\n<li>Articole care au fost folosite sau purtate<\/li>\n\n\n\n<li>Articole deteriorate dup\u0103 livrare<\/li>\n\n\n\n<li>Articole personale sau legate de igien\u0103 (c\u00e2nd este cazul)<\/li>\n<\/ul>\n\n\n\n<p>Dac\u0103 nu e\u0219ti sigur dac\u0103 articolul t\u0103u se calific\u0103 pentru returnare, te rug\u0103m s\u0103 ne contactezi.<\/p>\n\n\n\n<hr class=\"wp-block-separator has-alpha-channel-opacity\"\/>\n\n\n\n<h1 class=\"wp-block-heading\">6. Transportul pentru Returnare<\/h1>\n\n\n\n<p>Clien\u021bii sunt responsabili pentru costurile de transport pentru returnare, cu excep\u021bia cazului \u00een care:<\/p>\n\n\n\n<ul class=\"wp-block-list\">\n<li>Articolul a sosit deteriorat<\/li>\n\n\n\n<li>Articolul este defect<\/li>\n\n\n\n<li>Articolul gre\u0219it a fost livrat<\/li>\n<\/ul>\n\n\n\n<p>Costurile de transport din comanda original\u0103 sunt <strong>ne-rambursabile<\/strong> dec\u00e2t dac\u0103 returnarea se datoreaz\u0103 unei erori din partea noastr\u0103.<\/p>\n\n\n\n<hr class=\"wp-block-separator has-alpha-channel-opacity\"\/>\n\n\n\n<h1 class=\"wp-block-heading\">7. Anul\u0103rile de Comand\u0103<\/h1>\n\n\n\n<p>Comenzile pot fi anulate <strong>\u00een termen de 12 ore de la achizi\u021bie<\/strong>. Dup\u0103 aceast\u0103 perioad\u0103, comanda poate fi deja procesat\u0103 \u0219i preg\u0103tit\u0103 pentru expediere.<\/p>\n\n\n\n<p>Pentru a solicita o anulare, contacteaz\u0103-ne imediat la <strong>contact@wireless-carplay-box.com<\/strong>.<\/p>\n\n\n\n<hr class=\"wp-block-separator has-alpha-channel-opacity\"\/>\n\n\n\n<h1 class=\"wp-block-heading\">8. Return\u0103ri la Nivel Mondial<\/h1>\n\n\n\n<p>Pentru c\u0103 <strong>Wireless CarPlay Solutions<\/strong> expediaz\u0103 la nivel mondial, timpii de transport pentru return\u0103ri pot varia \u00een func\u021bie de loca\u021bia ta. Recomand\u0103m utilizarea unui <strong>serviciu de transport cu urm\u0103rire<\/strong> atunci c\u00e2nd trimi\u021bi articole \u00eenapoi.<\/p>\n\n\n\n<hr class=\"wp-block-separator has-alpha-channel-opacity\"\/>\n\n\n\n<h1 class=\"wp-block-heading\">9. Contacteaz\u0103-ne<\/h1>\n\n\n\n<p>Dac\u0103 ai \u00eentreb\u0103ri despre return\u0103ri sau ramburs\u0103ri, te rug\u0103m s\u0103 contactezi echipa noastr\u0103 de suport.<\/p>\n\n\n\n<p><strong>Numele Companiei:<\/strong> Wireless CarPlay Solutions<br><strong>Email:<\/strong> contact@wireless-carplay-box.com<\/p>\n\n\n\n<p>Sunt aici s\u0103 te ajut \u0219i voi face tot posibilul pentru a rezolva rapid orice probleme.<\/p>\n<!-- \/wp:paragraph>","protected":false},"excerpt":{"rendered":"<p>La Wireless CarPlay Solutions, dorim s\u0103 te sim\u021bi \u00eencrez\u0103tor c\u00e2nd faci cump\u0103r\u0103turi cu noi. Dac\u0103 nu e\u0219ti complet mul\u021bumit de achizi\u021bia ta, oferim o politic\u0103 de returnare de 30 de zile pentru a face procesul simplu \u0219i corect. Dac\u0103 ai \u00eentreb\u0103ri, te rug\u0103m s\u0103 ne contactezi la:Email: contact@wireless-carplay-box.com 1. Fereastra de Returnare Ai 30 de [&hellip;]<\/p>\n","protected":false},"author":1,"featured_media":0,"parent":0,"menu_order":0,"comment_status":"closed","ping_status":"closed","template":"","meta":{"footnotes":""},"class_list":["post-7224","page","type-page","status-publish","hentry"],"_links":{"self":[{"href":"https:\/\/wireless-carplay-box.com\/ro\/wp-json\/wp\/v2\/pages\/7224","targetHints":{"allow":["GET"]}}],"collection":[{"href":"https:\/\/wireless-carplay-box.com\/ro\/wp-json\/wp\/v2\/pages"}],"about":[{"href":"https:\/\/wireless-carplay-box.com\/ro\/wp-json\/wp\/v2\/types\/page"}],"author":[{"embeddable":true,"href":"https:\/\/wireless-carplay-box.com\/ro\/wp-json\/wp\/v2\/users\/1"}],"replies":[{"embeddable":true,"href":"https:\/\/wireless-carplay-box.com\/ro\/wp-json\/wp\/v2\/comments?post=7224"}],"version-history":[{"count":2,"href":"https:\/\/wireless-carplay-box.com\/ro\/wp-json\/wp\/v2\/pages\/7224\/revisions"}],"predecessor-version":[{"id":8138,"href":"https:\/\/wireless-carplay-box.com\/ro\/wp-json\/wp\/v2\/pages\/7224\/revisions\/8138"}],"wp:attachment":[{"href":"https:\/\/wireless-carplay-box.com\/ro\/wp-json\/wp\/v2\/media?parent=7224"}],"curies":[{"name":"wp","href":"https:\/\/api.w.org\/{rel}","templated":true}]}}