{"id":3,"date":"2026-03-11T18:18:49","date_gmt":"2026-03-11T18:18:49","guid":{"rendered":"https:\/\/master.birthday-gifts-her.com\/?page_id=3"},"modified":"2026-04-04T03:10:15","modified_gmt":"2026-04-04T03:10:15","slug":"privacy-policy","status":"publish","type":"page","link":"https:\/\/wireless-carplay-box.com\/sk\/privacy-policy\/","title":{"rendered":"Ochrana Osobn\u00fdch \u00dadajov"},"content":{"rendered":"\n<h2 class=\"wp-block-heading\">1. \u00davod<\/h2>\n\n\n\n<p>Vitajte na <strong>Wireless CarPlay Solutions<\/strong>. Respektujeme va\u0161e s\u00fakromie a zav\u00e4zujeme sa chr\u00e1ni\u0165 va\u0161e osobn\u00e9 \u00fadaje. T\u00e1to politika ochrany osobn\u00fdch \u00fadajov vysvet\u013euje, ako zhroma\u017e\u010fujeme, pou\u017e\u00edvame, zverej\u0148ujeme a chr\u00e1nime va\u0161e inform\u00e1cie, ke\u010f nav\u0161t\u00edvite na\u0161u webov\u00fa str\u00e1nku a zak\u00fapite <strong>carplay-box<\/strong> produkty z n\u00e1\u0161ho obchodu.<\/p>\n\n\n\n<p>T\u00e1to politika je v s\u00falade s <strong>V\u0161eobecn\u00fdm nariaden\u00edm o ochrane \u00fadajov (GDPR)<\/strong> a in\u00fdmi platn\u00fdmi z\u00e1konmi o ochrane s\u00fakromia.<\/p>\n\n\n\n<p>Ak m\u00e1te ak\u00e9ko\u013evek ot\u00e1zky t\u00fdkaj\u00face sa tejto politiky ochrany osobn\u00fdch \u00fadajov alebo toho, ako zaobch\u00e1dzame s va\u0161imi osobn\u00fdmi \u00fadajmi, kontaktujte n\u00e1s pros\u00edm na:<\/p>\n\n\n\n<p><strong>Email:<\/strong> contact@wireless-carplay-box.com<\/p>\n\n\n\n<hr class=\"wp-block-separator has-alpha-channel-opacity\"\/>\n\n\n\n<h1 class=\"wp-block-heading\">2. \u00dadaje, ktor\u00e9 zhroma\u017e\u010fujeme<\/h1>\n\n\n\n<p>Ke\u010f interagujete s na\u0161ou webovou str\u00e1nkou, m\u00f4\u017eeme zhroma\u017e\u010fova\u0165 nasleduj\u00face typy osobn\u00fdch \u00fadajov:<\/p>\n\n\n\n<h3 class=\"wp-block-heading\">Osobn\u00e9 identifika\u010dn\u00e9 inform\u00e1cie<\/h3>\n\n\n\n<ul class=\"wp-block-list\">\n<li>Cel\u00e9 meno<\/li>\n\n\n\n<li>Emailov\u00e1 adresa<\/li>\n\n\n\n<li>Adresa na fakt\u00faru a dodanie<\/li>\n\n\n\n<li>Telef\u00f3nne \u010d\u00edslo<\/li>\n<\/ul>\n\n\n\n<h3 class=\"wp-block-heading\">\u00dadaje o objedn\u00e1vkach a transakci\u00e1ch<\/h3>\n\n\n\n<ul class=\"wp-block-list\">\n<li>Zak\u00fapen\u00e9 produkty<\/li>\n\n\n\n<li>Platobn\u00e9 \u00fadaje (spracovan\u00e9 bezpe\u010dne poskytovate\u013emi platieb)<\/li>\n\n\n\n<li>Hist\u00f3ria objedn\u00e1vok<\/li>\n<\/ul>\n\n\n\n<h3 class=\"wp-block-heading\">Technick\u00e9 \u00fadaje<\/h3>\n\n\n\n<ul class=\"wp-block-list\">\n<li>IP adresa<\/li>\n\n\n\n<li>Typ a verzia prehliada\u010da<\/li>\n\n\n\n<li>Typ zariadenia<\/li>\n\n\n\n<li>Opera\u010dn\u00fd syst\u00e9m<\/li>\n<\/ul>\n\n\n\n<h3 class=\"wp-block-heading\">\u00dadaje o pou\u017e\u00edvan\u00ed<\/h3>\n\n\n\n<ul class=\"wp-block-list\">\n<li>Nav\u0161t\u00edven\u00e9 str\u00e1nky<\/li>\n\n\n\n<li>\u010cas str\u00e1ven\u00fd na str\u00e1nkach<\/li>\n\n\n\n<li>Interakcia s webovou str\u00e1nkou<\/li>\n<\/ul>\n\n\n\n<h3 class=\"wp-block-heading\">\u00dadaje o marketingu a komunik\u00e1cii<\/h3>\n\n\n\n<ul class=\"wp-block-list\">\n<li>Preferencie emailu<\/li>\n\n\n\n<li>Vo\u013eby s\u00fahlasu s marketingom<\/li>\n<\/ul>\n\n\n\n<hr class=\"wp-block-separator has-alpha-channel-opacity\"\/>\n\n\n\n<h1 class=\"wp-block-heading\">3. Ako zhroma\u017e\u010fujeme va\u0161e \u00fadaje<\/h1>\n\n\n\n<p>Zhroma\u017e\u010fujeme \u00fadaje prostredn\u00edctvom:<\/p>\n\n\n\n<ul class=\"wp-block-list\">\n<li>Objedn\u00e1vok zadan\u00fdch na na\u0161ej webovej str\u00e1nke<\/li>\n\n\n\n<li>Registr\u00e1cie \u00fa\u010dtu<\/li>\n\n\n\n<li>Prihl\u00e1senia na newsletter<\/li>\n\n\n\n<li>Dotazov na z\u00e1kazn\u00edcku podporu<\/li>\n\n\n\n<li>Kola\u010dikov a technol\u00f3gi\u00ed sledovania<\/li>\n\n\n\n<li>Analytick\u00fdch n\u00e1strojov<\/li>\n<\/ul>\n\n\n\n<hr class=\"wp-block-separator has-alpha-channel-opacity\"\/>\n\n\n\n<h1 class=\"wp-block-heading\">4. Ako pou\u017e\u00edvame va\u0161e \u00fadaje<\/h1>\n\n\n\n<p>Va\u0161e osobn\u00e9 \u00fadaje pou\u017e\u00edvame na:<\/p>\n\n\n\n<ul class=\"wp-block-list\">\n<li>Spracovanie a splnenie objedn\u00e1vok<\/li>\n\n\n\n<li>Spravovanie platieb a prevencia podvodov<\/li>\n\n\n\n<li>Doru\u010dovanie produktov po celom svete<\/li>\n\n\n\n<li>Poskytovanie z\u00e1kazn\u00edckej podpory<\/li>\n\n\n\n<li>Zlep\u0161ovanie funk\u010dnosti webovej str\u00e1nky a pou\u017e\u00edvate\u013eskej sk\u00fasenosti<\/li>\n\n\n\n<li>Posielanie aktualiz\u00e1ci\u00ed objedn\u00e1vok a komunik\u00e1ci\u00ed o slu\u017eb\u00e1ch<\/li>\n\n\n\n<li>Posielanie marketingov\u00fdch komunik\u00e1ci\u00ed (iba ak s\u00fahlas\u00edte)<\/li>\n<\/ul>\n\n\n\n<hr class=\"wp-block-separator has-alpha-channel-opacity\"\/>\n\n\n\n<h1 class=\"wp-block-heading\">5. Pr\u00e1vny z\u00e1klad na spracovanie \u00fadajov (GDPR)<\/h1>\n\n\n\n<p>Pod\u013ea GDPR spracov\u00e1vame osobn\u00e9 \u00fadaje na z\u00e1klade nasleduj\u00facich pr\u00e1vnych d\u00f4vodov:<\/p>\n\n\n\n<ul class=\"wp-block-list\">\n<li><strong>Zmluvn\u00e1 nevyhnutnos\u0165:<\/strong> na spracovanie objedn\u00e1vok a dodanie produktov<\/li>\n\n\n\n<li><strong>Pr\u00e1vna povinnos\u0165:<\/strong> na da\u0148ov\u00fa a regula\u010dn\u00fa s\u00faladnos\u0165<\/li>\n\n\n\n<li><strong>Legit\u00edmne z\u00e1ujmy:<\/strong> zlep\u0161ovanie na\u0161ich slu\u017eieb a prevencia podvodov<\/li>\n\n\n\n<li><strong>S\u00fahlas:<\/strong> na marketingov\u00e9 komunik\u00e1cie a cookies<\/li>\n<\/ul>\n\n\n\n<p>S\u00fahlas m\u00f4\u017eete kedyko\u013evek odvola\u0165.<\/p>\n\n\n\n<hr class=\"wp-block-separator has-alpha-channel-opacity\"\/>\n\n\n\n<h1 class=\"wp-block-heading\">6. Cookies a technol\u00f3gie sledovania<\/h1>\n\n\n\n<p>Na\u0161a webov\u00e1 str\u00e1nka pou\u017e\u00edva cookies a podobn\u00e9 technol\u00f3gie na zlep\u0161enie pou\u017e\u00edvate\u013eskej sk\u00fasenosti a anal\u00fdzu v\u00fdkonu webovej str\u00e1nky.<\/p>\n\n\n\n<h3 class=\"wp-block-heading\">Typy cookies, ktor\u00e9 pou\u017e\u00edvame<\/h3>\n\n\n\n<p><strong>Nezbytn\u00e9 cookies<\/strong><\/p>\n\n\n\n<ul class=\"wp-block-list\">\n<li>Potrebn\u00e9 na funk\u010dnos\u0165 webovej str\u00e1nky (n\u00e1kupn\u00fd ko\u0161\u00edk, poklad\u0148a)<\/li>\n<\/ul>\n\n\n\n<p><strong>Analytick\u00e9 cookies<\/strong><\/p>\n\n\n\n<ul class=\"wp-block-list\">\n<li>Pom\u00e1haj\u00fa n\u00e1m pochopi\u0165, ako n\u00e1v\u0161tevn\u00edci pou\u017e\u00edvaj\u00fa na\u0161u webov\u00fa str\u00e1nku<\/li>\n<\/ul>\n\n\n\n<p><strong>Marketingov\u00e9 cookies<\/strong><\/p>\n\n\n\n<ul class=\"wp-block-list\">\n<li>Pou\u017e\u00edvaj\u00fa sa na doru\u010dovanie relevantnej reklamy a propag\u00e1cie<\/li>\n<\/ul>\n\n\n\n<p>Cookies m\u00f4\u017eete ovl\u00e1da\u0165 prostredn\u00edctvom nastaven\u00ed prehliada\u010da. Vypnutie cookies m\u00f4\u017ee ovplyvni\u0165 funk\u010dnos\u0165 webovej str\u00e1nky.<\/p>\n\n\n\n<hr class=\"wp-block-separator has-alpha-channel-opacity\"\/>\n\n\n\n<h1 class=\"wp-block-heading\">7. Slu\u017eby tret\u00edch str\u00e1n<\/h1>\n\n\n\n<p>M\u00f4\u017eeme zdie\u013ea\u0165 obmedzen\u00e9 \u00fadaje s d\u00f4veryhodn\u00fdmi tret\u00edmi stranami potrebn\u00fdmi na prev\u00e1dzku n\u00e1\u0161ho podnikania.<\/p>\n\n\n\n<p>Pr\u00edklady zah\u0155\u0148aj\u00fa:<\/p>\n\n\n\n<h3 class=\"wp-block-heading\">Poskytovatelia platieb<\/h3>\n\n\n\n<p>Na bezpe\u010dn\u00e9 spracovanie platieb.<\/p>\n\n\n\n<h3 class=\"wp-block-heading\">Poskytovatelia dopravy a logistiky<\/h3>\n\n\n\n<p>Na doru\u010dovanie produktov po celom svete.<\/p>\n\n\n\n<h3 class=\"wp-block-heading\">Poskytovatelia e-commerce platforiem<\/h3>\n\n\n\n<p>Na hostovanie a prev\u00e1dzkovanie obchodu.<\/p>\n\n\n\n<h3 class=\"wp-block-heading\">Analytick\u00e9 slu\u017eby<\/h3>\n\n\n\n<p>Na anal\u00fdzu n\u00e1v\u0161tevnosti webovej str\u00e1nky a zlep\u0161enie pou\u017e\u00edvate\u013eskej sk\u00fasenosti.<\/p>\n\n\n\n<h3 class=\"wp-block-heading\">Marketingov\u00e9 n\u00e1stroje<\/h3>\n\n\n\n<p>Na spr\u00e1vu newsletterov alebo reklamn\u00fdch kampan\u00ed.<\/p>\n\n\n\n<p>T\u00edto poskytovatelia spracov\u00e1vaj\u00fa \u00fadaje len v nevyhnutnom rozsahu a v s\u00falade so z\u00e1konmi o ochrane s\u00fakromia.<\/p>\n\n\n\n<hr class=\"wp-block-separator has-alpha-channel-opacity\"\/>\n\n\n\n<h1 class=\"wp-block-heading\">8. Medzin\u00e1rodn\u00e9 prenosy \u00fadajov<\/h1>\n\n\n\n<p>Preto\u017ee dod\u00e1vame produkty po celom svete, va\u0161e osobn\u00e9 \u00fadaje m\u00f4\u017eu by\u0165 spracovan\u00e9 mimo va\u0161ej krajiny bydliska.<\/p>\n\n\n\n<p>Ke\u010f sa \u00fadaje pren\u00e1\u0161aj\u00fa mimo Eur\u00f3pskeho hospod\u00e1rskeho priestoru (EHP), zabezpe\u010dujeme primeran\u00e9 ochrann\u00e9 opatrenia v s\u00falade s po\u017eiadavkami GDPR.<\/p>\n\n\n\n<hr class=\"wp-block-separator has-alpha-channel-opacity\"\/>\n\n\n\n<h1 class=\"wp-block-heading\">9. Uchov\u00e1vanie \u00fadajov<\/h1>\n\n\n\n<p>Osobn\u00e9 \u00fadaje uchov\u00e1vame len tak dlho, ako je to potrebn\u00e9 na:<\/p>\n\n\n\n<ul class=\"wp-block-list\">\n<li>Spracovanie a splnenie objedn\u00e1vok<\/li>\n\n\n\n<li>Pr\u00e1vne a \u00fa\u010dtovn\u00e9 povinnosti<\/li>\n\n\n\n<li>Z\u00e1kazn\u00edcku podporu a rie\u0161enie sporov<\/li>\n<\/ul>\n\n\n\n<p>Ke\u010f \u00fadaje u\u017e nie s\u00fa potrebn\u00e9, bezpe\u010dne sa vyma\u017e\u00fa alebo anonymizuj\u00fa.<\/p>\n\n\n\n<hr class=\"wp-block-separator has-alpha-channel-opacity\"\/>\n\n\n\n<h1 class=\"wp-block-heading\">10. Va\u0161e pr\u00e1va pod\u013ea GDPR<\/h1>\n\n\n\n<p>Ak sa nach\u00e1dzate v Eur\u00f3pskom hospod\u00e1rskom priestore, m\u00e1te nasleduj\u00face pr\u00e1va t\u00fdkaj\u00face sa va\u0161ich osobn\u00fdch \u00fadajov:<\/p>\n\n\n\n<h3 class=\"wp-block-heading\">Pr\u00e1vo na pr\u00edstup<\/h3>\n\n\n\n<p>M\u00f4\u017eete po\u017eiada\u0165 o k\u00f3piu osobn\u00fdch \u00fadajov, ktor\u00e9 o v\u00e1s m\u00e1me.<\/p>\n\n\n\n<h3 class=\"wp-block-heading\">Pr\u00e1vo na opravu<\/h3>\n\n\n\n<p>M\u00f4\u017eete po\u017eiada\u0165 o opravu nepresn\u00fdch alebo ne\u00fapln\u00fdch \u00fadajov.<\/p>\n\n\n\n<h3 class=\"wp-block-heading\">Pr\u00e1vo na vymazanie (&#8222;Pr\u00e1vo na zabudnutie&#8220;)<\/h3>\n\n\n\n<p>M\u00f4\u017eete po\u017eiada\u0165 o vymazanie va\u0161ich osobn\u00fdch \u00fadajov.<\/p>\n\n\n\n<h3 class=\"wp-block-heading\">Pr\u00e1vo na obmedzenie spracovania<\/h3>\n\n\n\n<p>M\u00f4\u017eete po\u017eiada\u0165 o obmedzen\u00e9 pou\u017eitie va\u0161ich \u00fadajov.<\/p>\n\n\n\n<h3 class=\"wp-block-heading\">Pr\u00e1vo na prenosnos\u0165 \u00fadajov<\/h3>\n\n\n\n<p>M\u00f4\u017eete po\u017eiada\u0165 o va\u0161e \u00fadaje v prenosnom form\u00e1te.<\/p>\n\n\n\n<h3 class=\"wp-block-heading\">Pr\u00e1vo na n\u00e1mietku<\/h3>\n\n\n\n<p>M\u00f4\u017eete namieta\u0165 proti ur\u010dit\u00fdm typom spracovania, vr\u00e1tane priameho marketingu.<\/p>\n\n\n\n<p>Na uplatnenie ktor\u00e9hoko\u013evek z t\u00fdchto pr\u00e1v n\u00e1s kontaktujte na <strong>contact@wireless-carplay-box.com<\/strong>.<\/p>\n\n\n\n<hr class=\"wp-block-separator has-alpha-channel-opacity\"\/>\n\n\n\n<h1 class=\"wp-block-heading\">11. Bezpe\u010dnos\u0165 \u00fadajov<\/h1>\n\n\n\n<p>Implementujeme vhodn\u00e9 technick\u00e9 a organiza\u010dn\u00e9 bezpe\u010dnostn\u00e9 opatrenia na ochranu va\u0161ich osobn\u00fdch \u00fadajov pred neopr\u00e1vnen\u00fdm pr\u00edstupom, zverejnen\u00edm, zmenou alebo zni\u010den\u00edm.<\/p>\n\n\n\n<p>Av\u0161ak \u017eiadny online syst\u00e9m nem\u00f4\u017ee zaru\u010di\u0165 absol\u00fatnu bezpe\u010dnos\u0165.<\/p>\n\n\n\n<hr class=\"wp-block-separator has-alpha-channel-opacity\"\/>\n\n\n\n<h1 class=\"wp-block-heading\">12. Ochrana s\u00fakromia det\u00ed<\/h1>\n\n\n\n<p>Na\u0161a webov\u00e1 str\u00e1nka nie je ur\u010den\u00e1 pre osoby mlad\u0161ie ako 16 rokov. Vedome nezbierame osobn\u00e9 \u00fadaje od det\u00ed.<\/p>\n\n\n\n<p>Ak sa dozvieme, \u017ee sme zhroma\u017edili \u00fadaje od die\u0165a\u0165a bez s\u00fahlasu rodi\u010da, tieto inform\u00e1cie vyma\u017eeme.<\/p>\n\n\n\n<hr class=\"wp-block-separator has-alpha-channel-opacity\"\/>\n\n\n\n<h1 class=\"wp-block-heading\">13. Zmeny v tejto politike ochrany osobn\u00fdch \u00fadajov<\/h1>\n\n\n\n<p>M\u00f4\u017eeme t\u00fato politiku ochrany osobn\u00fdch \u00fadajov ob\u010das aktualizova\u0165, aby sme odr\u00e1\u017eali zmeny v pr\u00e1vnych po\u017eiadavk\u00e1ch alebo na\u0161ich slu\u017eb\u00e1ch.<\/p>\n\n\n\n<p>Ak\u00e9ko\u013evek aktualiz\u00e1cie bud\u00fa zverejnen\u00e9 na tejto str\u00e1nke s revidovan\u00fdm <strong>D\u00e1tumom poslednej aktualiz\u00e1cie<\/strong>.<\/p>\n\n\n\n<hr class=\"wp-block-separator has-alpha-channel-opacity\"\/>\n\n\n\n<h1 class=\"wp-block-heading\">14. Kontaktn\u00e9 inform\u00e1cie<\/h1>\n\n\n\n<p>Ak m\u00e1te ak\u00e9ko\u013evek ot\u00e1zky t\u00fdkaj\u00face sa tejto politiky ochrany osobn\u00fdch \u00fadajov alebo va\u0161ich osobn\u00fdch \u00fadajov, kontaktujte n\u00e1s pros\u00edm:<\/p>\n\n\n\n<p><strong>N\u00e1zov spolo\u010dnosti:<\/strong> Wireless CarPlay Solutions<br><strong>Email:<\/strong> contact@wireless-carplay-box.com<\/p>\n\n","protected":false},"excerpt":{"rendered":"<p>1. \u00davod Vitajte na Wireless CarPlay Solutions. Respektujeme va\u0161e s\u00fakromie a zav\u00e4zujeme sa chr\u00e1ni\u0165 va\u0161e osobn\u00e9 \u00fadaje. T\u00e1to politika ochrany osobn\u00fdch \u00fadajov vysvet\u013euje, ako zhroma\u017e\u010fujeme, pou\u017e\u00edvame, zverej\u0148ujeme a chr\u00e1nime va\u0161e inform\u00e1cie, ke\u010f nav\u0161t\u00edvite na\u0161u webov\u00fa str\u00e1nku a zak\u00fapite carplay-box produkty z n\u00e1\u0161ho obchodu. T\u00e1to politika je v s\u00falade s V\u0161eobecn\u00fdm nariaden\u00edm o ochrane \u00fadajov (GDPR) [&hellip;]<\/p>\n","protected":false},"author":1,"featured_media":0,"parent":0,"menu_order":0,"comment_status":"closed","ping_status":"open","template":"","meta":{"footnotes":""},"class_list":["post-3","page","type-page","status-publish","hentry"],"_links":{"self":[{"href":"https:\/\/wireless-carplay-box.com\/sk\/wp-json\/wp\/v2\/pages\/3","targetHints":{"allow":["GET"]}}],"collection":[{"href":"https:\/\/wireless-carplay-box.com\/sk\/wp-json\/wp\/v2\/pages"}],"about":[{"href":"https:\/\/wireless-carplay-box.com\/sk\/wp-json\/wp\/v2\/types\/page"}],"author":[{"embeddable":true,"href":"https:\/\/wireless-carplay-box.com\/sk\/wp-json\/wp\/v2\/users\/1"}],"replies":[{"embeddable":true,"href":"https:\/\/wireless-carplay-box.com\/sk\/wp-json\/wp\/v2\/comments?post=3"}],"version-history":[{"count":3,"href":"https:\/\/wireless-carplay-box.com\/sk\/wp-json\/wp\/v2\/pages\/3\/revisions"}],"predecessor-version":[{"id":8136,"href":"https:\/\/wireless-carplay-box.com\/sk\/wp-json\/wp\/v2\/pages\/3\/revisions\/8136"}],"wp:attachment":[{"href":"https:\/\/wireless-carplay-box.com\/sk\/wp-json\/wp\/v2\/media?parent=3"}],"curies":[{"name":"wp","href":"https:\/\/api.w.org\/{rel}","templated":true}]}}