{"id":7222,"date":"2026-03-13T22:50:52","date_gmt":"2026-03-13T22:50:52","guid":{"rendered":"https:\/\/master.birthday-gifts-her.com\/?page_id=7222"},"modified":"2026-04-04T03:10:21","modified_gmt":"2026-04-04T03:10:21","slug":"terms-and-conditions","status":"publish","type":"page","link":"https:\/\/wireless-carplay-box.com\/sk\/terms-and-conditions\/","title":{"rendered":"Obchodn\u00e9 Podmienky"},"content":{"rendered":"\n<p>Vitajte na <strong>Wireless CarPlay Solutions<\/strong>. Tieto podmienky a ustanovenia upravuj\u00fa va\u0161e pou\u017e\u00edvanie na\u0161ej webovej str\u00e1nky a n\u00e1kup <strong>carplay-box<\/strong> produktov z n\u00e1\u0161ho online obchodu. Pr\u00edstupom na na\u0161u webov\u00fa str\u00e1nku alebo zadan\u00edm objedn\u00e1vky s\u00fahlas\u00edte s t\u00fdm, \u017ee sa budete riadi\u0165 t\u00fdmito podmienkami a ustanoveniami.<\/p>\n\n\n\n<p>Ak nes\u00fahlas\u00edte s t\u00fdmito podmienkami, pros\u00edm, nepou\u017e\u00edvajte na\u0161u webov\u00fa str\u00e1nku.<\/p>\n\n\n\n<p>Pre ak\u00e9ko\u013evek ot\u00e1zky t\u00fdkaj\u00face sa t\u00fdchto podmienok n\u00e1s pros\u00edm kontaktujte na:<br><strong>Email:<\/strong> contact@wireless-carplay-box.com<\/p>\n\n\n\n<hr class=\"wp-block-separator has-alpha-channel-opacity\"\/>\n\n\n\n<h1 class=\"wp-block-heading\">1. Inform\u00e1cie o spolo\u010dnosti<\/h1>\n\n\n\n<p>T\u00fato webov\u00fa str\u00e1nku prev\u00e1dzkuje <strong>Wireless CarPlay Solutions<\/strong>. Po celom webe sa term\u00edny \u201emy\u201c, \u201en\u00e1s\u201c a \u201ena\u0161e\u201c vz\u0165ahuj\u00fa na <strong>Wireless CarPlay Solutions<\/strong>.<\/p>\n\n\n\n<p>Nav\u0161t\u00edven\u00edm na\u0161ej str\u00e1nky a\/alebo n\u00e1kupom nie\u010doho od n\u00e1s sa zap\u00e1jate do na\u0161ich slu\u017eieb a s\u00fahlas\u00edte s t\u00fdm, \u017ee sa budete riadi\u0165 t\u00fdmito podmienkami a ustanoveniami.<\/p>\n\n\n\n<hr class=\"wp-block-separator has-alpha-channel-opacity\"\/>\n\n\n\n<h1 class=\"wp-block-heading\">2. Pou\u017e\u00edvanie webovej str\u00e1nky<\/h1>\n\n\n\n<p>Pou\u017e\u00edvan\u00edm tejto webovej str\u00e1nky potvrdzujete, \u017ee:<\/p>\n\n\n\n<ul class=\"wp-block-list\">\n<li>M\u00e1te aspo\u0148 vek plnoletosti vo va\u0161ej krajine bydliska<\/li>\n\n\n\n<li>Nez\u00edskate na\u0161e produkty na \u017eiadny nez\u00e1konn\u00fd alebo neopr\u00e1vnen\u00fd \u00fa\u010del<\/li>\n\n\n\n<li>Nezru\u0161\u00edte \u017eiadne platn\u00e9 z\u00e1kony vo va\u0161ej jurisdikcii<\/li>\n\n\n\n<li>Nepren\u00e1\u0161ate v\u00edrusy alebo \u0161kodliv\u00fd k\u00f3d<\/li>\n<\/ul>\n\n\n\n<p>Poru\u0161enie t\u00fdchto podmienok m\u00f4\u017ee vies\u0165 k ukon\u010deniu v\u00e1\u0161ho pr\u00edstupu k na\u0161im slu\u017eb\u00e1m.<\/p>\n\n\n\n<hr class=\"wp-block-separator has-alpha-channel-opacity\"\/>\n\n\n\n<h1 class=\"wp-block-heading\">3. Produkty a slu\u017eby<\/h1>\n\n\n\n<p><strong>Wireless CarPlay Solutions<\/strong> pred\u00e1va <strong>carplay-box<\/strong> produkty prostredn\u00edctvom modelu dropshipping.<\/p>\n\n\n\n<p>Preto\u017ee produkty s\u00fa dod\u00e1van\u00e9 tret\u00edmi v\u00fdrobcami a dod\u00e1vate\u013emi:<\/p>\n\n\n\n<ul class=\"wp-block-list\">\n<li>Dostupnos\u0165 produktov sa m\u00f4\u017ee zmeni\u0165 bez predch\u00e1dzaj\u00faceho upozornenia<\/li>\n\n\n\n<li>Popisy a obr\u00e1zky produktov sa m\u00f4\u017eu mierne l\u00ed\u0161i\u0165 od skuto\u010dn\u00e9ho produktu<\/li>\n\n\n\n<li>Vyhradzujeme si pr\u00e1vo obmedzi\u0165 mno\u017estv\u00e1 ak\u00fdchko\u013evek produktov<\/li>\n<\/ul>\n\n\n\n<p>Sna\u017e\u00edme sa zobrazi\u0165 presn\u00e9 inform\u00e1cie o produktoch, ale nem\u00f4\u017eeme zaru\u010di\u0165, \u017ee v\u0161etky podrobnosti s\u00fa v\u017edy \u00fapln\u00e9 alebo bez ch\u00fdb.<\/p>\n\n\n\n<hr class=\"wp-block-separator has-alpha-channel-opacity\"\/>\n\n\n\n<h1 class=\"wp-block-heading\">4. Proces objedn\u00e1vky<\/h1>\n\n\n\n<p>Ke\u010f zad\u00e1te objedn\u00e1vku prostredn\u00edctvom na\u0161ej webovej str\u00e1nky:<\/p>\n\n\n\n<ol class=\"wp-block-list\">\n<li>Vyberiete produkty a prid\u00e1te ich do svojho ko\u0161\u00edka<\/li>\n\n\n\n<li>Poskytnete inform\u00e1cie o dodan\u00ed a platbe<\/li>\n\n\n\n<li>Potvrd\u00edte a odo\u0161lete svoju objedn\u00e1vku<\/li>\n<\/ol>\n\n\n\n<p>Po zadan\u00ed objedn\u00e1vky:<\/p>\n\n\n\n<ul class=\"wp-block-list\">\n<li>Obdr\u017e\u00edte e-mail s potvrden\u00edm objedn\u00e1vky<\/li>\n\n\n\n<li>Objedn\u00e1vky sa spracov\u00e1vaj\u00fa po \u00faspe\u0161nom dokon\u010den\u00ed platby<\/li>\n\n\n\n<li>Vyhradzujeme si pr\u00e1vo odmietnu\u0165 alebo zru\u0161i\u0165 ak\u00fako\u013evek objedn\u00e1vku, ak je to potrebn\u00e9<\/li>\n<\/ul>\n\n\n\n<p>D\u00f4vody na zru\u0161enie m\u00f4\u017eu zah\u0155\u0148a\u0165:<\/p>\n\n\n\n<ul class=\"wp-block-list\">\n<li>Probl\u00e9my s dostupnos\u0165ou produktu<\/li>\n\n\n\n<li>Ne\u00faspe\u0161n\u00e1 autoriz\u00e1cia platby<\/li>\n\n\n\n<li>Podozrenie na podvod<\/li>\n\n\n\n<li>Chyby v inform\u00e1ci\u00e1ch o produkte alebo cen\u00e1ch<\/li>\n<\/ul>\n\n\n\n<p>Ak je objedn\u00e1vka zru\u0161en\u00e1 po platbe, bude vydan\u00e1 pln\u00e1 n\u00e1hrada.<\/p>\n\n\n\n<hr class=\"wp-block-separator has-alpha-channel-opacity\"\/>\n\n\n\n<h1 class=\"wp-block-heading\">5. Ceny a platby<\/h1>\n\n\n\n<p>V\u0161etky ceny zobrazen\u00e9 na webovej str\u00e1nke s\u00fa uveden\u00e9 v pr\u00edslu\u0161nej mene a m\u00f4\u017eu sa kedyko\u013evek zmeni\u0165 bez predch\u00e1dzaj\u00faceho upozornenia.<\/p>\n\n\n\n<p>Akceptujeme platby prostredn\u00edctvom zabezpe\u010den\u00fdch poskytovate\u013eov platobn\u00fdch slu\u017eieb tret\u00edch str\u00e1n.<\/p>\n\n\n\n<p>Odoslan\u00edm inform\u00e1ci\u00ed o platbe vyjadrujete a zaru\u010dujete, \u017ee:<\/p>\n\n\n\n<ul class=\"wp-block-list\">\n<li>Ste opr\u00e1vnen\u00ed pou\u017e\u00edva\u0165 sp\u00f4sob platby<\/li>\n\n\n\n<li>Poskytnut\u00e9 inform\u00e1cie s\u00fa presn\u00e9 a \u00fapln\u00e9<\/li>\n<\/ul>\n\n\n\n<p>Nie sme zodpovedn\u00ed za chyby pri spracovan\u00ed platieb sp\u00f4soben\u00e9 poskytovate\u013emi tret\u00edch str\u00e1n.<\/p>\n\n\n\n<hr class=\"wp-block-separator has-alpha-channel-opacity\"\/>\n\n\n\n<h1 class=\"wp-block-heading\">6. Doprava a dodanie<\/h1>\n\n\n\n<p><strong>Wireless CarPlay Solutions<\/strong> zasiela <strong>carplay-box<\/strong> produkty po celom svete.<\/p>\n\n\n\n<p>\u010casy dodania sa m\u00f4\u017eu l\u00ed\u0161i\u0165 v z\u00e1vislosti od:<\/p>\n\n\n\n<ul class=\"wp-block-list\">\n<li>Krajina ur\u010denia<\/li>\n\n\n\n<li>\u010cas spracovania dod\u00e1vate\u013ea<\/li>\n\n\n\n<li>Coln\u00e9 postupy<\/li>\n\n\n\n<li>Miestne po\u0161tov\u00e9 slu\u017eby<\/li>\n<\/ul>\n\n\n\n<p>Odhadovan\u00e9 dodacie lehoty s\u00fa poskytovan\u00e9 len na referen\u010dn\u00e9 \u00fa\u010dely a nie s\u00fa zaru\u010den\u00e9.<\/p>\n\n\n\n<p>Z\u00e1kazn\u00edci s\u00fa zodpovedn\u00ed za:<\/p>\n\n\n\n<ul class=\"wp-block-list\">\n<li>Poskytovanie presn\u00fdch inform\u00e1ci\u00ed o dodan\u00ed<\/li>\n\n\n\n<li>Platbu ak\u00fdchko\u013evek coln\u00fdch poplatkov alebo dovozn\u00fdch dan\u00ed po\u017eadovan\u00fdch ich krajinou<\/li>\n<\/ul>\n\n\n\n<p>Nie sme zodpovedn\u00ed za oneskorenia sp\u00f4soben\u00e9 coln\u00fdmi org\u00e1nmi, dopravcami alebo nepredv\u00eddan\u00fdmi logistick\u00fdmi probl\u00e9mami.<\/p>\n\n\n\n<hr class=\"wp-block-separator has-alpha-channel-opacity\"\/>\n\n\n\n<h1 class=\"wp-block-heading\">7. Vr\u00e1tenia a n\u00e1hrady<\/h1>\n\n\n\n<p>Spokojnos\u0165 z\u00e1kazn\u00edkov je pre n\u00e1s d\u00f4le\u017eit\u00e1. Ak nie ste spokojn\u00ed so svoj\u00edm n\u00e1kupom, pros\u00edm, kontaktujte n\u00e1s na <strong>contact@wireless-carplay-box.com<\/strong>.<\/p>\n\n\n\n<p>Opr\u00e1vnenos\u0165 na vr\u00e1tenie m\u00f4\u017ee z\u00e1visie\u0165 od:<\/p>\n\n\n\n<ul class=\"wp-block-list\">\n<li>Stav produktu<\/li>\n\n\n\n<li>\u010casov\u00fd r\u00e1mec na \u017eiados\u0165 o vr\u00e1tenie<\/li>\n\n\n\n<li>Politiky dod\u00e1vate\u013ea<\/li>\n<\/ul>\n\n\n\n<p>Polo\u017eky nemusia by\u0165 opr\u00e1vnen\u00e9 na vr\u00e1tenie, ak:<\/p>\n\n\n\n<ul class=\"wp-block-list\">\n<li>Bol pou\u017eit\u00fd alebo po\u0161koden\u00fd z\u00e1kazn\u00edkom<\/li>\n\n\n\n<li>Bol vr\u00e1ten\u00fd po uplynut\u00ed povolen\u00e9ho \u010dasov\u00e9ho r\u00e1mca<\/li>\n\n\n\n<li>Ide o nevratn\u00e9 produkty, ako s\u00fa ur\u010dit\u00e9 hygienick\u00e9 alebo osobn\u00e9 polo\u017eky<\/li>\n<\/ul>\n\n\n\n<p>N\u00e1hrady, ak s\u00fa schv\u00e1len\u00e9, bud\u00fa spracovan\u00e9 prostredn\u00edctvom p\u00f4vodn\u00e9ho sp\u00f4sobu platby.<\/p>\n\n\n\n<p>\u010casy spracovania n\u00e1hrad sa m\u00f4\u017eu l\u00ed\u0161i\u0165 v z\u00e1vislosti od poskytovate\u013ea platby.<\/p>\n\n\n\n<hr class=\"wp-block-separator has-alpha-channel-opacity\"\/>\n\n\n\n<h1 class=\"wp-block-heading\">8. Zmeny a zru\u0161enia objedn\u00e1vok<\/h1>\n\n\n\n<p>Objedn\u00e1vky je mo\u017en\u00e9 upravi\u0165 alebo zru\u0161i\u0165 len v obmedzenom \u010dase po ich zadan\u00ed.<\/p>\n\n\n\n<p>Ako n\u00e1hle bola objedn\u00e1vka spracovan\u00e1 alebo odoslan\u00e1, zru\u0161enie u\u017e nemus\u00ed by\u0165 mo\u017en\u00e9.<\/p>\n\n\n\n<p>Z\u00e1kazn\u00edci by mali okam\u017eite kontaktova\u0165 <strong>contact@wireless-carplay-box.com<\/strong>, ak potrebuj\u00fa pomoc so zmenami objedn\u00e1vky.<\/p>\n\n\n\n<hr class=\"wp-block-separator has-alpha-channel-opacity\"\/>\n\n\n\n<h1 class=\"wp-block-heading\">9. Du\u0161evn\u00e9 vlastn\u00edctvo<\/h1>\n\n\n\n<p>V\u0161etok obsah na tejto webovej str\u00e1nke je majetkom <strong>Wireless CarPlay Solutions<\/strong>, vr\u00e1tane, ale nie obmedzene na:<\/p>\n\n\n\n<ul class=\"wp-block-list\">\n<li>Log\u00e1<\/li>\n\n\n\n<li>Text<\/li>\n\n\n\n<li>Grafika<\/li>\n\n\n\n<li>Dizajn webovej str\u00e1nky<\/li>\n\n\n\n<li>Zoznam produktov<\/li>\n\n\n\n<li>Obr\u00e1zky<\/li>\n<\/ul>\n\n\n\n<p>Tento obsah je chr\u00e1nen\u00fd z\u00e1konmi o du\u0161evnom vlastn\u00edctve.<\/p>\n\n\n\n<p>Nesmiete reprodukova\u0165, distribuova\u0165, upravova\u0165 ani pou\u017e\u00edva\u0165 \u017eiadny obsah bez predch\u00e1dzaj\u00faceho p\u00edsomn\u00e9ho s\u00fahlasu od <strong>Wireless CarPlay Solutions<\/strong>.<\/p>\n\n\n\n<hr class=\"wp-block-separator has-alpha-channel-opacity\"\/>\n\n\n\n<h1 class=\"wp-block-heading\">10. Obmedzenie zodpovednosti<\/h1>\n\n\n\n<p>V maxim\u00e1lnom rozsahu povolenom z\u00e1konom, <strong>Wireless CarPlay Solutions<\/strong> nebude zodpovedn\u00fd za:<\/p>\n\n\n\n<ul class=\"wp-block-list\">\n<li>Nepriame alebo n\u00e1sledn\u00e9 \u0161kody<\/li>\n\n\n\n<li>Stratu ziskov alebo obchodn\u00fdch pr\u00edle\u017eitost\u00ed<\/li>\n\n\n\n<li>Oneskorenia dod\u00e1vok sp\u00f4soben\u00e9 tret\u00edmi stranami<\/li>\n\n\n\n<li>Zneu\u017eitie produktu z\u00e1kazn\u00edkmi<\/li>\n\n\n\n<li>Preru\u0161enia webovej str\u00e1nky alebo technick\u00e9 probl\u00e9my<\/li>\n<\/ul>\n\n\n\n<p>Na\u0161a zodpovednos\u0165 nebude presahova\u0165 sumu zaplaten\u00fa za zak\u00fapen\u00fd produkt.<\/p>\n\n\n\n<hr class=\"wp-block-separator has-alpha-channel-opacity\"\/>\n\n\n\n<h1 class=\"wp-block-heading\">11. Slu\u017eby tret\u00edch str\u00e1n<\/h1>\n\n\n\n<p>Na\u0161a webov\u00e1 str\u00e1nka m\u00f4\u017ee pou\u017e\u00edva\u0165 alebo odkazova\u0165 na slu\u017eby tret\u00edch str\u00e1n vr\u00e1tane:<\/p>\n\n\n\n<ul class=\"wp-block-list\">\n<li>Spracovatelia platieb<\/li>\n\n\n\n<li>Poskytovatelia dopravy<\/li>\n\n\n\n<li>N\u00e1stroje na anal\u00fdzu<\/li>\n\n\n\n<li>Marketingov\u00e9 platformy<\/li>\n<\/ul>\n\n\n\n<p>Nie sme zodpovedn\u00ed za politiky alebo praktiky slu\u017eieb tret\u00edch str\u00e1n.<\/p>\n\n\n\n<p>Pou\u017e\u00edvatelia by mali samostatne presk\u00fama\u0165 podmienky a politiky t\u00fdchto poskytovate\u013eov.<\/p>\n\n\n\n<hr class=\"wp-block-separator has-alpha-channel-opacity\"\/>\n\n\n\n<h1 class=\"wp-block-heading\">12. Ochrana osobn\u00fdch \u00fadajov<\/h1>\n\n\n\n<p>Va\u0161e pou\u017e\u00edvanie na\u0161ej webovej str\u00e1nky sa tie\u017e riadi na\u0161ou <strong>Politikou ochrany osobn\u00fdch \u00fadajov<\/strong>, ktor\u00e1 vysvet\u013euje, ako zhroma\u017e\u010fujeme, pou\u017e\u00edvame a chr\u00e1nime osobn\u00e9 \u00fadaje.<\/p>\n\n\n\n<hr class=\"wp-block-separator has-alpha-channel-opacity\"\/>\n\n\n\n<h1 class=\"wp-block-heading\">13. Zmeny t\u00fdchto podmienok<\/h1>\n\n\n\n<p>Vyhradzujeme si pr\u00e1vo aktualizova\u0165 alebo upravi\u0165 tieto podmienky a ustanovenia kedyko\u013evek.<\/p>\n\n\n\n<p>Zmeny nadobudn\u00fa \u00fa\u010dinnos\u0165 okam\u017eite po zverejnen\u00ed na webovej str\u00e1nke.<\/p>\n\n\n\n<p>Va\u0161e pokra\u010duj\u00face pou\u017e\u00edvanie webovej str\u00e1nky predstavuje akcept\u00e1ciu aktualizovan\u00fdch podmienok.<\/p>\n\n\n\n<hr class=\"wp-block-separator has-alpha-channel-opacity\"\/>\n\n\n\n<h1 class=\"wp-block-heading\">14. Rozhodn\u00e9 pr\u00e1vo<\/h1>\n\n\n\n<p>Tieto podmienky a ustanovenia sa bud\u00fa riadi\u0165 a vyklada\u0165 v s\u00falade s platn\u00fdmi medzin\u00e1rodn\u00fdmi z\u00e1konmi o elektronickom obchode a predpismi na ochranu spotrebite\u013ea.<\/p>\n\n\n\n<hr class=\"wp-block-separator has-alpha-channel-opacity\"\/>\n\n\n\n<h1 class=\"wp-block-heading\">15. Kontaktn\u00e9 inform\u00e1cie<\/h1>\n\n\n\n<p>Ak m\u00e1te ot\u00e1zky t\u00fdkaj\u00face sa t\u00fdchto podmienok a ustanoven\u00ed, pros\u00edm, kontaktujte n\u00e1s:<\/p>\n\n\n\n<p><strong>N\u00e1zov spolo\u010dnosti:<\/strong> Wireless CarPlay Solutions<br><strong>Email:<\/strong> contact@wireless-carplay-box.com<\/p>\n","protected":false},"excerpt":{"rendered":"<p>Vitajte na Wireless CarPlay Solutions. Tieto podmienky a ustanovenia upravuj\u00fa va\u0161e pou\u017e\u00edvanie na\u0161ej webovej str\u00e1nky a n\u00e1kup carplay-box produktov z n\u00e1\u0161ho online obchodu. Pr\u00edstupom na na\u0161u webov\u00fa str\u00e1nku alebo zadan\u00edm objedn\u00e1vky s\u00fahlas\u00edte s t\u00fdm, \u017ee sa budete riadi\u0165 t\u00fdmito podmienkami a ustanoveniami. Ak nes\u00fahlas\u00edte s t\u00fdmito podmienkami, pros\u00edm, nepou\u017e\u00edvajte na\u0161u webov\u00fa str\u00e1nku. Pre ak\u00e9ko\u013evek ot\u00e1zky [&hellip;]<\/p>\n","protected":false},"author":1,"featured_media":0,"parent":0,"menu_order":0,"comment_status":"closed","ping_status":"closed","template":"","meta":{"footnotes":""},"class_list":["post-7222","page","type-page","status-publish","hentry"],"_links":{"self":[{"href":"https:\/\/wireless-carplay-box.com\/sk\/wp-json\/wp\/v2\/pages\/7222","targetHints":{"allow":["GET"]}}],"collection":[{"href":"https:\/\/wireless-carplay-box.com\/sk\/wp-json\/wp\/v2\/pages"}],"about":[{"href":"https:\/\/wireless-carplay-box.com\/sk\/wp-json\/wp\/v2\/types\/page"}],"author":[{"embeddable":true,"href":"https:\/\/wireless-carplay-box.com\/sk\/wp-json\/wp\/v2\/users\/1"}],"replies":[{"embeddable":true,"href":"https:\/\/wireless-carplay-box.com\/sk\/wp-json\/wp\/v2\/comments?post=7222"}],"version-history":[{"count":3,"href":"https:\/\/wireless-carplay-box.com\/sk\/wp-json\/wp\/v2\/pages\/7222\/revisions"}],"predecessor-version":[{"id":8137,"href":"https:\/\/wireless-carplay-box.com\/sk\/wp-json\/wp\/v2\/pages\/7222\/revisions\/8137"}],"wp:attachment":[{"href":"https:\/\/wireless-carplay-box.com\/sk\/wp-json\/wp\/v2\/media?parent=7222"}],"curies":[{"name":"wp","href":"https:\/\/api.w.org\/{rel}","templated":true}]}}