{"id":7224,"date":"2026-03-13T22:52:42","date_gmt":"2026-03-13T22:52:42","guid":{"rendered":"https:\/\/master.birthday-gifts-her.com\/?page_id=7224"},"modified":"2026-04-04T03:10:27","modified_gmt":"2026-04-04T03:10:27","slug":"return-refund-policy","status":"publish","type":"page","link":"https:\/\/wireless-carplay-box.com\/sk\/return-refund-policy\/","title":{"rendered":"Politika Vr\u00e1tenia a N\u00e1hrady"},"content":{"rendered":"\n<p>V <strong>Wireless CarPlay Solutions<\/strong> chceme, aby ste sa c\u00edtili sebavedomo pri nakupovan\u00ed u n\u00e1s. Ak nie ste \u00faplne spokojn\u00ed so svoj\u00edm n\u00e1kupom, pon\u00fakame <strong>30-d\u0148ov\u00fa politiku vr\u00e1tenia tovaru<\/strong>, aby bol proces jednoduch\u00fd a spravodliv\u00fd.<\/p>\n\n\n\n<p>Ak m\u00e1te ak\u00e9ko\u013evek ot\u00e1zky, kontaktujte n\u00e1s na:<br><strong>Email:<\/strong> contact@wireless-carplay-box.com<\/p>\n\n\n\n<hr class=\"wp-block-separator has-alpha-channel-opacity\"\/>\n\n\n\n<h1 class=\"wp-block-heading\">1. Okno na vr\u00e1tenie<\/h1>\n\n\n\n<p>M\u00e1te <strong>30 dn\u00ed od d\u00e1tumu, kedy obdr\u017e\u00edte svoju objedn\u00e1vku<\/strong>, na to, aby ste po\u017eiadali o vr\u00e1tenie.<\/p>\n\n\n\n<p>Aby ste boli opr\u00e1vnen\u00ed na vr\u00e1tenie, polo\u017eky musia:<\/p>\n\n\n\n<ul class=\"wp-block-list\">\n<li>By\u0165 nepou\u017eit\u00e9 a v p\u00f4vodnom stave<\/li>\n\n\n\n<li>By\u0165 vr\u00e1ten\u00e9 v p\u00f4vodnom obale, ak je to mo\u017en\u00e9<\/li>\n\n\n\n<li>Obsahova\u0165 doklad o k\u00fape (\u010d\u00edslo objedn\u00e1vky alebo \u00fa\u010dtenku)<\/li>\n<\/ul>\n\n\n\n<p>Polo\u017eky vr\u00e1ten\u00e9 bez predch\u00e1dzaj\u00faceho schv\u00e1lenia nemusia by\u0165 akceptovan\u00e9.<\/p>\n\n\n\n<hr class=\"wp-block-separator has-alpha-channel-opacity\"\/>\n\n\n\n<h1 class=\"wp-block-heading\">2. Ako po\u017eiada\u0165 o vr\u00e1tenie<\/h1>\n\n\n\n<p>Vr\u00e1tenie polo\u017eky je jednoduch\u00e9. Postupujte pod\u013ea t\u00fdchto krokov:<\/p>\n\n\n\n<p><strong>Krok 1 \u2014 Kontaktujte n\u00e1s<\/strong><br>Po\u0161lite n\u00e1m email na <strong>contact@wireless-carplay-box.com<\/strong> s:<\/p>\n\n\n\n<ul class=\"wp-block-list\">\n<li>\u010c\u00edslo va\u0161ej objedn\u00e1vky<\/li>\n\n\n\n<li>Polo\u017eku, ktor\u00fa chcete vr\u00e1ti\u0165<\/li>\n\n\n\n<li>D\u00f4vod vr\u00e1tenia (volite\u013en\u00e9, ale u\u017eito\u010dn\u00e9)<\/li>\n<\/ul>\n\n\n\n<p><strong>Krok 2 \u2014 Pokyny na vr\u00e1tenie<\/strong><br>N\u00e1\u0161 podporn\u00fd t\u00edm presk\u00fama va\u0161u \u017eiados\u0165 a poskytne pokyny na vr\u00e1tenie.<\/p>\n\n\n\n<p><strong>Krok 3 \u2014 Po\u0161lite polo\u017eku sp\u00e4\u0165<\/strong><br>Ako n\u00e1hle bude schv\u00e1len\u00e9, po\u0161lite polo\u017eku na adresu na vr\u00e1tenie uveden\u00fa v na\u0161om emaili.<\/p>\n\n\n\n<hr class=\"wp-block-separator has-alpha-channel-opacity\"\/>\n\n\n\n<h1 class=\"wp-block-heading\">3. N\u00e1hrady<\/h1>\n\n\n\n<p>Ako n\u00e1hle obdr\u017e\u00edme a skontrolujeme va\u0161u vr\u00e1ten\u00fa polo\u017eku:<\/p>\n\n\n\n<ul class=\"wp-block-list\">\n<li>Ozn\u00e1mime v\u00e1m schv\u00e1lenie alebo zamietnutie va\u0161ej n\u00e1hrady.<\/li>\n\n\n\n<li>Ak bude schv\u00e1len\u00e9, va\u0161a n\u00e1hrada bude spracovan\u00e1 na va\u0161u <strong>p\u00f4vodn\u00fa platobn\u00fa met\u00f3du<\/strong>.<\/li>\n<\/ul>\n\n\n\n<p>Pros\u00edm, po\u010dkajte <strong>5\u201310 pracovn\u00fdch dn\u00ed<\/strong>, k\u00fdm sa n\u00e1hrada objav\u00ed vo va\u0161om \u00fa\u010dte, v z\u00e1vislosti od v\u00e1\u0161ho poskytovate\u013ea platby.<\/p>\n\n\n\n<hr class=\"wp-block-separator has-alpha-channel-opacity\"\/>\n\n\n\n<h1 class=\"wp-block-heading\">4. Po\u0161koden\u00e9 alebo nespr\u00e1vne polo\u017eky<\/h1>\n\n\n\n<p>Ak va\u0161a objedn\u00e1vka doraz\u00ed <strong>po\u0161koden\u00e1, chybn\u00e1 alebo nespr\u00e1vna<\/strong>, kontaktujte n\u00e1s pros\u00edm do <strong>7 dn\u00ed od doru\u010denia<\/strong>.<\/p>\n\n\n\n<p>Uve\u010fte:<\/p>\n\n\n\n<ul class=\"wp-block-list\">\n<li>\u010c\u00edslo va\u0161ej objedn\u00e1vky<\/li>\n\n\n\n<li>Popis probl\u00e9mu<\/li>\n\n\n\n<li>Fotografie polo\u017eky a obalu<\/li>\n<\/ul>\n\n\n\n<p>R\u00fdchlo zariadime <strong>n\u00e1hradu alebo pln\u00fa refund\u00e1ciu<\/strong>.<\/p>\n\n\n\n<hr class=\"wp-block-separator has-alpha-channel-opacity\"\/>\n\n\n\n<h1 class=\"wp-block-heading\">5. Nepodliehaj\u00face vr\u00e1teniu polo\u017eky<\/h1>\n\n\n\n<p>Niekter\u00e9 produkty nemusia by\u0165 opr\u00e1vnen\u00e9 na vr\u00e1tenie, vr\u00e1tane:<\/p>\n\n\n\n<ul class=\"wp-block-list\">\n<li>Polo\u017eky, ktor\u00e9 boli pou\u017eit\u00e9 alebo nosen\u00e9<\/li>\n\n\n\n<li>Polo\u017eky po\u0161koden\u00e9 po doru\u010den\u00ed<\/li>\n\n\n\n<li>Osobn\u00e9 alebo hygienick\u00e9 polo\u017eky (ak je to relevantn\u00e9)<\/li>\n<\/ul>\n\n\n\n<p>Ak si nie ste ist\u00ed, \u010di va\u0161a polo\u017eka sp\u013a\u0148a podmienky na vr\u00e1tenie, kontaktujte n\u00e1s.<\/p>\n\n\n\n<hr class=\"wp-block-separator has-alpha-channel-opacity\"\/>\n\n\n\n<h1 class=\"wp-block-heading\">6. N\u00e1klady na vr\u00e1tenie<\/h1>\n\n\n\n<p>Z\u00e1kazn\u00edci s\u00fa zodpovedn\u00ed za n\u00e1klady na vr\u00e1tenie, pokia\u013e:<\/p>\n\n\n\n<ul class=\"wp-block-list\">\n<li>Polo\u017eka dorazila po\u0161koden\u00e1<\/li>\n\n\n\n<li>Polo\u017eka je chybn\u00e1<\/li>\n\n\n\n<li>Nespr\u00e1vna polo\u017eka bola doru\u010den\u00e1<\/li>\n<\/ul>\n\n\n\n<p>N\u00e1klady na dopravu z p\u00f4vodnej objedn\u00e1vky s\u00fa <strong>nevratn\u00e9<\/strong>, pokia\u013e vr\u00e1tenie nie je sp\u00f4soben\u00e9 na\u0161ou chybou.<\/p>\n\n\n\n<hr class=\"wp-block-separator has-alpha-channel-opacity\"\/>\n\n\n\n<h1 class=\"wp-block-heading\">7. Zru\u0161enie objedn\u00e1vok<\/h1>\n\n\n\n<p>Objedn\u00e1vky m\u00f4\u017eu by\u0165 zru\u0161en\u00e9 <strong>do 12 hod\u00edn od n\u00e1kupu<\/strong>. Po tomto obdob\u00ed m\u00f4\u017ee by\u0165 objedn\u00e1vka u\u017e spracovan\u00e1 a pripraven\u00e1 na odoslanie.<\/p>\n\n\n\n<p>Aby ste po\u017eiadali o zru\u0161enie, kontaktujte n\u00e1s okam\u017eite na <strong>contact@wireless-carplay-box.com<\/strong>.<\/p>\n\n\n\n<hr class=\"wp-block-separator has-alpha-channel-opacity\"\/>\n\n\n\n<h1 class=\"wp-block-heading\">8. Celosvetov\u00e9 vr\u00e1tenia<\/h1>\n\n\n\n<p>Ke\u010f\u017ee <strong>Wireless CarPlay Solutions<\/strong> zasiela po celom svete, \u010dasy vr\u00e1tenia sa m\u00f4\u017eu l\u00ed\u0161i\u0165 v z\u00e1vislosti od va\u0161ej polohy. Odpor\u00fa\u010dame pou\u017ei\u0165 <strong>sledovaciu slu\u017ebu<\/strong> pri zasielan\u00ed polo\u017eiek sp\u00e4\u0165.<\/p>\n\n\n\n<hr class=\"wp-block-separator has-alpha-channel-opacity\"\/>\n\n\n\n<h1 class=\"wp-block-heading\">9. Kontaktujte n\u00e1s<\/h1>\n\n\n\n<p>Ak m\u00e1te ak\u00e9ko\u013evek ot\u00e1zky t\u00fdkaj\u00face sa vr\u00e1tenia alebo n\u00e1hrad, pros\u00edm, obr\u00e1\u0165te sa na n\u00e1\u0161 podporn\u00fd t\u00edm.<\/p>\n\n\n\n<p><strong>N\u00e1zov spolo\u010dnosti:<\/strong> Wireless CarPlay Solutions<br><strong>Email:<\/strong> contact@wireless-carplay-box.com<\/p>\n\n\n\n<p>Sme tu, aby sme pomohli a urob\u00edme v\u0161etko pre to, aby sme r\u00fdchlo vyrie\u0161ili ak\u00e9ko\u013evek probl\u00e9my.<\/p>\n","protected":false},"excerpt":{"rendered":"<p>V Wireless CarPlay Solutions chceme, aby ste sa c\u00edtili sebavedomo pri nakupovan\u00ed u n\u00e1s. Ak nie ste \u00faplne spokojn\u00ed so svoj\u00edm n\u00e1kupom, pon\u00fakame 30-d\u0148ov\u00fa politiku vr\u00e1tenia tovaru, aby bol proces jednoduch\u00fd a spravodliv\u00fd. Ak m\u00e1te ak\u00e9ko\u013evek ot\u00e1zky, kontaktujte n\u00e1s na:Email: contact@wireless-carplay-box.com 1. Okno na vr\u00e1tenie M\u00e1te 30 dn\u00ed od d\u00e1tumu, kedy obdr\u017e\u00edte svoju objedn\u00e1vku, na [&hellip;]<\/p>\n","protected":false},"author":1,"featured_media":0,"parent":0,"menu_order":0,"comment_status":"closed","ping_status":"closed","template":"","meta":{"footnotes":""},"class_list":["post-7224","page","type-page","status-publish","hentry"],"_links":{"self":[{"href":"https:\/\/wireless-carplay-box.com\/sk\/wp-json\/wp\/v2\/pages\/7224","targetHints":{"allow":["GET"]}}],"collection":[{"href":"https:\/\/wireless-carplay-box.com\/sk\/wp-json\/wp\/v2\/pages"}],"about":[{"href":"https:\/\/wireless-carplay-box.com\/sk\/wp-json\/wp\/v2\/types\/page"}],"author":[{"embeddable":true,"href":"https:\/\/wireless-carplay-box.com\/sk\/wp-json\/wp\/v2\/users\/1"}],"replies":[{"embeddable":true,"href":"https:\/\/wireless-carplay-box.com\/sk\/wp-json\/wp\/v2\/comments?post=7224"}],"version-history":[{"count":2,"href":"https:\/\/wireless-carplay-box.com\/sk\/wp-json\/wp\/v2\/pages\/7224\/revisions"}],"predecessor-version":[{"id":8138,"href":"https:\/\/wireless-carplay-box.com\/sk\/wp-json\/wp\/v2\/pages\/7224\/revisions\/8138"}],"wp:attachment":[{"href":"https:\/\/wireless-carplay-box.com\/sk\/wp-json\/wp\/v2\/media?parent=7224"}],"curies":[{"name":"wp","href":"https:\/\/api.w.org\/{rel}","templated":true}]}}