{"id":7226,"date":"2026-03-13T22:54:40","date_gmt":"2026-03-13T22:54:40","guid":{"rendered":"https:\/\/master.birthday-gifts-her.com\/?page_id=7226"},"modified":"2026-04-04T03:10:33","modified_gmt":"2026-04-04T03:10:33","slug":"cookie-policy","status":"publish","type":"page","link":"https:\/\/wireless-carplay-box.com\/sk\/cookie-policy\/","title":{"rendered":"Politika Cookies"},"content":{"rendered":"\n<p>Tento dokument o cookies vysvet\u013euje, ako <strong>Wireless CarPlay Solutions<\/strong> pou\u017e\u00edva cookies a podobn\u00e9 technol\u00f3gie, ke\u010f nav\u0161t\u00edvite na\u0161u webov\u00fa str\u00e1nku. Vysvet\u013euje, \u010do s\u00fa cookies, ako ich pou\u017e\u00edvame a ako ich m\u00f4\u017eete ovl\u00e1da\u0165.<\/p>\n\n\n\n<p>Pokra\u010dovan\u00edm v pou\u017e\u00edvan\u00ed na\u0161ej webovej str\u00e1nky s\u00fahlas\u00edte s pou\u017e\u00edvan\u00edm cookies v s\u00falade s touto politikou, pokia\u013e ich nevypln\u00edte prostredn\u00edctvom svojho prehliada\u010da alebo nastaven\u00ed cookies.<\/p>\n\n\n\n<hr class=\"wp-block-separator has-alpha-channel-opacity\"\/>\n\n\n\n<h1 class=\"wp-block-heading\">1. \u010co s\u00fa cookies<\/h1>\n\n\n\n<p>Cookies s\u00fa mal\u00e9 textov\u00e9 s\u00fabory, ktor\u00e9 sa ukladaj\u00fa na va\u0161e zariadenie (po\u010d\u00edta\u010d, tablet alebo smartf\u00f3n) pri n\u00e1v\u0161teve webovej str\u00e1nky. Pom\u00e1haj\u00fa webov\u00fdm str\u00e1nkam pam\u00e4ta\u0165 si inform\u00e1cie o va\u0161ej n\u00e1v\u0161teve, ako je v\u00e1\u0161 preferovan\u00fd jazyk, stav prihl\u00e1senia alebo polo\u017eky vo va\u0161om n\u00e1kupnom ko\u0161\u00edku.<\/p>\n\n\n\n<p>Cookies pom\u00e1haj\u00fa zlep\u0161i\u0165 funk\u010dnos\u0165, v\u00fdkon a pou\u017e\u00edvate\u013esk\u00fa sk\u00fasenos\u0165 webovej str\u00e1nky.<\/p>\n\n\n\n<p>Cookies m\u00f4\u017eu by\u0165:<\/p>\n\n\n\n<p><strong>S\u00fabory rel\u00e1cie<\/strong><br>Toto s\u00fa do\u010dasn\u00e9 cookies, ktor\u00e9 sa vyma\u017e\u00fa, ke\u010f zavriete svoj prehliada\u010d.<\/p>\n\n\n\n<p><strong>Trval\u00e9 cookies<\/strong><br>Tieto zost\u00e1vaj\u00fa na va\u0161om zariaden\u00ed po stanoven\u00fa dobu alebo a\u017e do ich vymazania.<\/p>\n\n\n\n<hr class=\"wp-block-separator has-alpha-channel-opacity\"\/>\n\n\n\n<h1 class=\"wp-block-heading\">2. Ako pou\u017e\u00edvame cookies<\/h1>\n\n\n\n<p><strong>Wireless CarPlay Solutions<\/strong> pou\u017e\u00edva cookies na:<\/p>\n\n\n\n<ul class=\"wp-block-list\">\n<li>Zabezpe\u010denie spr\u00e1vneho fungovania webovej str\u00e1nky<\/li>\n\n\n\n<li>Zapam\u00e4tanie v\u00e1\u0161ho n\u00e1kupn\u00e9ho ko\u0161\u00edka a preferenci\u00ed<\/li>\n\n\n\n<li>Zlep\u0161enie v\u00fdkonu a pou\u017eite\u013enosti webovej str\u00e1nky<\/li>\n\n\n\n<li>Anal\u00fdzu n\u00e1v\u0161tevnosti webovej str\u00e1nky a spr\u00e1vania n\u00e1v\u0161tevn\u00edkov<\/li>\n\n\n\n<li>Poskytovanie relevantnej reklamy a marketingu<\/li>\n<\/ul>\n\n\n\n<hr class=\"wp-block-separator has-alpha-channel-opacity\"\/>\n\n\n\n<h1 class=\"wp-block-heading\">3. Typy cookies, ktor\u00e9 pou\u017e\u00edvame<\/h1>\n\n\n\n<h2 class=\"wp-block-heading\">Z\u00e1kladn\u00e9 cookies<\/h2>\n\n\n\n<p>Tieto cookies s\u00fa nevyhnutn\u00e9 pre z\u00e1kladn\u00fa prev\u00e1dzku webovej str\u00e1nky.<\/p>\n\n\n\n<p>Umo\u017e\u0148uj\u00fa funkcie ako:<\/p>\n\n\n\n<ul class=\"wp-block-list\">\n<li>Funkcionalita n\u00e1kupn\u00e9ho ko\u0161\u00edka<\/li>\n\n\n\n<li>Bezpe\u010dn\u00e9 platenie<\/li>\n\n\n\n<li>Prihl\u00e1senie do \u00fa\u010dtu<\/li>\n\n\n\n<li>Navig\u00e1cia na str\u00e1nke<\/li>\n<\/ul>\n\n\n\n<p>Bez t\u00fdchto cookies nem\u00f4\u017ee webov\u00e1 str\u00e1nka spr\u00e1vne fungova\u0165.<\/p>\n\n\n\n<hr class=\"wp-block-separator has-alpha-channel-opacity\"\/>\n\n\n\n<h2 class=\"wp-block-heading\">Cookies v\u00fdkonu a anal\u00fdzy<\/h2>\n\n\n\n<p>Tieto cookies n\u00e1m pom\u00e1haj\u00fa pochopi\u0165, ako n\u00e1v\u0161tevn\u00edci interaguj\u00fa s na\u0161ou webovou str\u00e1nkou.<\/p>\n\n\n\n<p>Zhroma\u017e\u010fuj\u00fa inform\u00e1cie ako:<\/p>\n\n\n\n<ul class=\"wp-block-list\">\n<li>Nav\u0161t\u00edven\u00e9 str\u00e1nky<\/li>\n\n\n\n<li>\u010cas str\u00e1ven\u00fd na str\u00e1nke<\/li>\n\n\n\n<li>Chyby na webovej str\u00e1nke<\/li>\n\n\n\n<li>Zdroje n\u00e1v\u0161tevnosti<\/li>\n<\/ul>\n\n\n\n<p>Tieto inform\u00e1cie n\u00e1m pom\u00e1haj\u00fa zlep\u0161i\u0165 na\u0161u webov\u00fa str\u00e1nku a pou\u017e\u00edvate\u013esk\u00fa sk\u00fasenos\u0165.<\/p>\n\n\n\n<hr class=\"wp-block-separator has-alpha-channel-opacity\"\/>\n\n\n\n<h2 class=\"wp-block-heading\">Funk\u010dn\u00e9 cookies<\/h2>\n\n\n\n<p>Funk\u010dn\u00e9 cookies umo\u017e\u0148uj\u00fa webovej str\u00e1nke pam\u00e4ta\u0165 si va\u0161e preferencie a nastavenia.<\/p>\n\n\n\n<p>Pr\u00edklady zah\u0155\u0148aj\u00fa:<\/p>\n\n\n\n<ul class=\"wp-block-list\">\n<li>Preferencie jazyka<\/li>\n\n\n\n<li>Nastavenia regi\u00f3nu alebo polohy<\/li>\n\n\n\n<li>Predt\u00fdm zobrazen\u00e9 produkty<\/li>\n<\/ul>\n\n\n\n<p>Tieto cookies zlep\u0161uj\u00fa va\u0161u prehliadaciu sk\u00fasenos\u0165.<\/p>\n\n\n\n<hr class=\"wp-block-separator has-alpha-channel-opacity\"\/>\n\n\n\n<h2 class=\"wp-block-heading\">Marketingov\u00e9 a reklamn\u00e9 cookies<\/h2>\n\n\n\n<p>Marketingov\u00e9 cookies sa pou\u017e\u00edvaj\u00fa na zobrazovanie rekl\u00e1m, ktor\u00e9 s\u00fa relevantn\u00e9 pre va\u0161e z\u00e1ujmy.<\/p>\n\n\n\n<p>M\u00f4\u017eu sa pou\u017e\u00edva\u0165 na:<\/p>\n\n\n\n<ul class=\"wp-block-list\">\n<li>Meranie \u00fa\u010dinnosti reklamy<\/li>\n\n\n\n<li>Obmedzenie toho, ako \u010dasto vid\u00edte reklamu<\/li>\n\n\n\n<li>Doru\u010dovanie personalizovan\u00e9ho marketingov\u00e9ho obsahu<\/li>\n<\/ul>\n\n\n\n<p>Tieto cookies m\u00f4\u017eu nastavi\u0165 my alebo na\u0161i reklamn\u00ed partneri tret\u00edch str\u00e1n.<\/p>\n\n\n\n<hr class=\"wp-block-separator has-alpha-channel-opacity\"\/>\n\n\n\n<h1 class=\"wp-block-heading\">4. Cookies tret\u00edch str\u00e1n<\/h1>\n\n\n\n<p>Niekter\u00e9 cookies m\u00f4\u017eu by\u0165 umiestnen\u00e9 slu\u017ebami tret\u00edch str\u00e1n integrovan\u00fdmi do na\u0161ej webovej str\u00e1nky, ako s\u00fa:<\/p>\n\n\n\n<ul class=\"wp-block-list\">\n<li>Spracovatelia platieb<\/li>\n\n\n\n<li>Poskytovatelia analytiky webov\u00fdch str\u00e1nok<\/li>\n\n\n\n<li>Marketingov\u00e9 a reklamn\u00e9 platformy<\/li>\n\n\n\n<li>Integr\u00e1cie soci\u00e1lnych m\u00e9di\u00ed<\/li>\n<\/ul>\n\n\n\n<p>Tieto tretie strany m\u00f4\u017eu zhroma\u017e\u010fova\u0165 inform\u00e1cie o va\u0161ich online aktivit\u00e1ch na r\u00f4znych webov\u00fdch str\u00e1nkach.<\/p>\n\n\n\n<p>Odpor\u00fa\u010dame v\u00e1m presk\u00fama\u0165 ich z\u00e1sady ochrany osobn\u00fdch \u00fadajov, aby ste z\u00edskali viac inform\u00e1ci\u00ed o tom, ako pou\u017e\u00edvaj\u00fa cookies.<\/p>\n\n\n\n<hr class=\"wp-block-separator has-alpha-channel-opacity\"\/>\n\n\n\n<h1 class=\"wp-block-heading\">5. Spr\u00e1va a kontrola cookies<\/h1>\n\n\n\n<p>M\u00e1te pr\u00e1vo akceptova\u0165 alebo odmietnu\u0165 cookies.<\/p>\n\n\n\n<p>Cookies m\u00f4\u017eete spravova\u0165 r\u00f4znymi sp\u00f4sobmi:<\/p>\n\n\n\n<h3 class=\"wp-block-heading\">Nastavenia prehliada\u010da<\/h3>\n\n\n\n<p>V\u00e4\u010d\u0161ina webov\u00fdch prehliada\u010dov v\u00e1m umo\u017e\u0148uje:<\/p>\n\n\n\n<ul class=\"wp-block-list\">\n<li>Zobrazi\u0165 ulo\u017een\u00e9 cookies<\/li>\n\n\n\n<li>Vymaza\u0165 cookies<\/li>\n\n\n\n<li>\u00daplne zablokova\u0165 cookies<\/li>\n\n\n\n<li>Zablokova\u0165 cookies z konkr\u00e9tnych webov\u00fdch str\u00e1nok<\/li>\n<\/ul>\n\n\n\n<p>Upozor\u0148ujeme, \u017ee zak\u00e1zanie ur\u010dit\u00fdch cookies m\u00f4\u017ee ovplyvni\u0165 funk\u010dnos\u0165 webovej str\u00e1nky.<\/p>\n\n\n\n<hr class=\"wp-block-separator has-alpha-channel-opacity\"\/>\n\n\n\n<h3 class=\"wp-block-heading\">N\u00e1stroje na s\u00fahlas s cookies<\/h3>\n\n\n\n<p>Pri n\u00e1v\u0161teve na\u0161ej webovej str\u00e1nky m\u00f4\u017eete by\u0165 vystaven\u00ed banneru na s\u00fahlas s cookies, ktor\u00fd v\u00e1m umo\u017e\u0148uje:<\/p>\n\n\n\n<ul class=\"wp-block-list\">\n<li>Prija\u0165 v\u0161etky cookies<\/li>\n\n\n\n<li>Odmietnu\u0165 neesenci\u00e1lne cookies<\/li>\n\n\n\n<li>Prisp\u00f4sobi\u0165 preferencie cookies<\/li>\n<\/ul>\n\n\n\n<hr class=\"wp-block-separator has-alpha-channel-opacity\"\/>\n\n\n\n<h1 class=\"wp-block-heading\">6. Zmeny v tejto politike cookies<\/h1>\n\n\n\n<p><strong>Wireless CarPlay Solutions<\/strong> m\u00f4\u017ee \u010das od \u010dasu aktualizova\u0165 t\u00fato politiku cookies, aby odr\u00e1\u017eala zmeny v technol\u00f3gii, pr\u00e1vnych po\u017eiadavk\u00e1ch alebo na\u0161ich praktik\u00e1ch.<\/p>\n\n\n\n<p>Ak\u00e9ko\u013evek aktualiz\u00e1cie bud\u00fa zverejnen\u00e9 na tejto str\u00e1nke s aktualizovan\u00fdm <strong>D\u00e1tumom poslednej aktualiz\u00e1cie<\/strong>.<\/p>\n\n\n\n<hr class=\"wp-block-separator has-alpha-channel-opacity\"\/>\n\n\n\n<h1 class=\"wp-block-heading\">7. Kontaktn\u00e9 inform\u00e1cie<\/h1>\n\n\n\n<p>Ak m\u00e1te ak\u00e9ko\u013evek ot\u00e1zky t\u00fdkaj\u00face sa tejto politiky cookies alebo toho, ako sa cookies pou\u017e\u00edvaj\u00fa na na\u0161ej webovej str\u00e1nke, kontaktujte n\u00e1s:<\/p>\n\n\n\n<p><strong>N\u00e1zov spolo\u010dnosti:<\/strong> Wireless CarPlay Solutions<\/p>\n","protected":false},"excerpt":{"rendered":"<p>Tento dokument o cookies vysvet\u013euje, ako Wireless CarPlay Solutions pou\u017e\u00edva cookies a podobn\u00e9 technol\u00f3gie, ke\u010f nav\u0161t\u00edvite na\u0161u webov\u00fa str\u00e1nku. Vysvet\u013euje, \u010do s\u00fa cookies, ako ich pou\u017e\u00edvame a ako ich m\u00f4\u017eete ovl\u00e1da\u0165. Pokra\u010dovan\u00edm v pou\u017e\u00edvan\u00ed na\u0161ej webovej str\u00e1nky s\u00fahlas\u00edte s pou\u017e\u00edvan\u00edm cookies v s\u00falade s touto politikou, pokia\u013e ich nevypln\u00edte prostredn\u00edctvom svojho prehliada\u010da alebo nastaven\u00ed cookies. [&hellip;]<\/p>\n","protected":false},"author":1,"featured_media":0,"parent":0,"menu_order":0,"comment_status":"closed","ping_status":"closed","template":"","meta":{"footnotes":""},"class_list":["post-7226","page","type-page","status-publish","hentry"],"_links":{"self":[{"href":"https:\/\/wireless-carplay-box.com\/sk\/wp-json\/wp\/v2\/pages\/7226","targetHints":{"allow":["GET"]}}],"collection":[{"href":"https:\/\/wireless-carplay-box.com\/sk\/wp-json\/wp\/v2\/pages"}],"about":[{"href":"https:\/\/wireless-carplay-box.com\/sk\/wp-json\/wp\/v2\/types\/page"}],"author":[{"embeddable":true,"href":"https:\/\/wireless-carplay-box.com\/sk\/wp-json\/wp\/v2\/users\/1"}],"replies":[{"embeddable":true,"href":"https:\/\/wireless-carplay-box.com\/sk\/wp-json\/wp\/v2\/comments?post=7226"}],"version-history":[{"count":2,"href":"https:\/\/wireless-carplay-box.com\/sk\/wp-json\/wp\/v2\/pages\/7226\/revisions"}],"predecessor-version":[{"id":8139,"href":"https:\/\/wireless-carplay-box.com\/sk\/wp-json\/wp\/v2\/pages\/7226\/revisions\/8139"}],"wp:attachment":[{"href":"https:\/\/wireless-carplay-box.com\/sk\/wp-json\/wp\/v2\/media?parent=7226"}],"curies":[{"name":"wp","href":"https:\/\/api.w.org\/{rel}","templated":true}]}}