{"id":7231,"date":"2026-03-14T00:06:26","date_gmt":"2026-03-14T00:06:26","guid":{"rendered":"https:\/\/master.birthday-gifts-her.com\/?page_id=7231"},"modified":"2026-04-04T03:10:44","modified_gmt":"2026-04-04T03:10:44","slug":"frequently-asked-questions-faq","status":"publish","type":"page","link":"https:\/\/wireless-carplay-box.com\/sk\/frequently-asked-questions-faq\/","title":{"rendered":"\u010casto Kladen\u00e9 Ot\u00e1zky (FAQ)"},"content":{"rendered":"\n<p>Vitajte na str\u00e1nke FAQ <strong>Wireless CarPlay Solutions<\/strong>. Tu n\u00e1jdete odpovede na be\u017en\u00e9 ot\u00e1zky t\u00fdkaj\u00face sa objedn\u00e1vania, dopravy, vr\u00e1tenia a \u010fal\u0161\u00edch t\u00e9m. Ak nen\u00e1jdete odpove\u010f, ktor\u00fa h\u013ead\u00e1te, nev\u00e1hajte kontaktova\u0165 n\u00e1\u0161 t\u00edm podpory na <strong>contact@wireless-carplay-box.com<\/strong>.<\/p>\n\n\n\n<h1 class=\"wp-block-heading\">1. Ako dlho trv\u00e1 doprava?<\/h1>\n\n\n\n<p>Ke\u010f\u017ee <strong>Wireless CarPlay Solutions<\/strong> zasiela produkty po celom svete prostredn\u00edctvom d\u00f4veryhodn\u00fdch dod\u00e1vate\u013eov, dodacie lehoty sa m\u00f4\u017eu l\u00ed\u0161i\u0165 v z\u00e1vislosti od va\u0161ej lokality. Na <strong>Wireless CarPlay Solutions<\/strong> moment\u00e1lne zasielame po <strong>Eur\u00f3pe<\/strong> prostredn\u00edctvom na\u0161ich d\u00f4veryhodn\u00fdch logistick\u00fdch partnerov.<\/p>\n\n\n\n<p>Dodanie zvy\u010dajne trv\u00e1 <strong>5\u201310 pracovn\u00fdch dn\u00ed<\/strong>, v z\u00e1vislosti od va\u0161ej krajiny a miestnych podmienok dodania.<\/p>\n\n\n\n<p>Akon\u00e1hle bude va\u0161a objedn\u00e1vka odoslan\u00e1, obdr\u017e\u00edte <strong>potvrdenie e-mailom s \u010d\u00edslom na sledovanie<\/strong>, aby ste mohli sledova\u0165 svoj bal\u00edk.<\/p>\n\n\n\n<p>Upozor\u0148ujeme, \u017ee ob\u010dasn\u00e9 oneskorenia m\u00f4\u017eu nasta\u0165 z d\u00f4vodu probl\u00e9mov s prepravcom alebo po\u010das obdob\u00ed vysok\u00e9ho dopytu.<\/p>\n\n\n\n<hr class=\"wp-block-separator has-alpha-channel-opacity\"\/>\n\n\n\n<h1 class=\"wp-block-heading\">2. Ko\u013eko stoj\u00ed doprava?<\/h1>\n\n\n\n<p>N\u00e1klady na dopravu z\u00e1visia od va\u0161ej polohy a polo\u017eiek, ktor\u00e9 objedn\u00e1vate.<\/p>\n\n\n\n<p>Presn\u00e9 n\u00e1klady na dopravu uvid\u00edte <strong>pri pokladni<\/strong> pred dokon\u010den\u00edm n\u00e1kupu. Ob\u010das <strong>Wireless CarPlay Solutions<\/strong> m\u00f4\u017ee pon\u00faknu\u0165 akcie na bezplatn\u00fa dopravu.<\/p>\n\n\n\n<hr class=\"wp-block-separator has-alpha-channel-opacity\"\/>\n\n\n\n<h1 class=\"wp-block-heading\">3. Ako m\u00f4\u017eem sledova\u0165 svoju objedn\u00e1vku?<\/h1>\n\n\n\n<p>Akon\u00e1hle bude va\u0161a objedn\u00e1vka spracovan\u00e1 a odoslan\u00e1, obdr\u017e\u00edte <strong>potvrdenie o odoslan\u00ed e-mailom<\/strong> s \u010d\u00edslom na sledovanie.<\/p>\n\n\n\n<p>Toto \u010d\u00edslo na sledovanie m\u00f4\u017eete pou\u017ei\u0165 na sledovanie pokroku v\u00e1\u0161ho bal\u00edka na webovej str\u00e1nke prepravcu.<\/p>\n\n\n\n<p>Ak potrebujete pomoc pri h\u013eadan\u00ed inform\u00e1ci\u00ed o sledovan\u00ed, kontaktujte n\u00e1s na <strong>contact@wireless-carplay-box.com<\/strong>.<\/p>\n\n\n\n<hr class=\"wp-block-separator has-alpha-channel-opacity\"\/>\n\n\n\n<h1 class=\"wp-block-heading\">4. Ak\u00e9 platobn\u00e9 met\u00f3dy akceptujete?<\/h1>\n\n\n\n<p><strong>Wireless CarPlay Solutions<\/strong> akceptuje nieko\u013eko bezpe\u010dn\u00fdch platobn\u00fdch met\u00f3d, vr\u00e1tane:<\/p>\n\n\n\n<ul class=\"wp-block-list\">\n<li>Kreditn\u00e9 karty (Visa, Mastercard, American Express)<\/li>\n\n\n\n<li>Debetn\u00e9 karty<\/li>\n\n\n\n<li>Bezpe\u010dn\u00e9 online platobn\u00e9 slu\u017eby (v z\u00e1vislosti od mo\u017enost\u00ed pokladne)<\/li>\n<\/ul>\n\n\n\n<p>V\u0161etky platby s\u00fa spracov\u00e1van\u00e9 prostredn\u00edctvom bezpe\u010dn\u00fdch poskytovate\u013eov platieb, aby sa zabezpe\u010dilo, \u017ee va\u0161e inform\u00e1cie zostan\u00fa chr\u00e1nen\u00e9.<\/p>\n\n\n\n<hr class=\"wp-block-separator has-alpha-channel-opacity\"\/>\n\n\n\n<h1 class=\"wp-block-heading\">5. Ak\u00e1 je va\u0161a politika vr\u00e1tenia a refund\u00e1cie?<\/h1>\n\n\n\n<p>Pon\u00fakame <strong>30-d\u0148ov\u00fa politiku vr\u00e1tenia<\/strong> pre v\u00e4\u010d\u0161inu produktov.<\/p>\n\n\n\n<p>Ak nie ste spokojn\u00ed so svoj\u00edm n\u00e1kupom, m\u00f4\u017eete po\u017eiada\u0165 o vr\u00e1tenie do <strong>30 dn\u00ed od prijatia va\u0161ej objedn\u00e1vky<\/strong>. Polo\u017eky musia by\u0165 nepou\u017eit\u00e9 a v p\u00f4vodnom stave.<\/p>\n\n\n\n<p>Ak chcete za\u010da\u0165 vr\u00e1tenie, kontaktujte n\u00e1s na <strong>contact@wireless-carplay-box.com<\/strong> s va\u0161\u00edm \u010d\u00edslom objedn\u00e1vky.<\/p>\n\n\n\n<hr class=\"wp-block-separator has-alpha-channel-opacity\"\/>\n\n\n\n<h1 class=\"wp-block-heading\">6. \u010co m\u00e1m robi\u0165, ak m\u00f4j produkt doraz\u00ed po\u0161koden\u00fd?<\/h1>\n\n\n\n<p>Je n\u00e1m \u013e\u00fato, ak sa to stane. Ak v\u00e1\u0161 produkt doraz\u00ed <strong>po\u0161koden\u00fd alebo vadn\u00fd<\/strong>, pros\u00edm kontaktujte n\u00e1s do <strong>7 dn\u00ed od prijatia va\u0161ej objedn\u00e1vky<\/strong>.<\/p>\n\n\n\n<p>Uve\u010fte:<\/p>\n\n\n\n<ul class=\"wp-block-list\">\n<li>Va\u0161e \u010d\u00edslo objedn\u00e1vky<\/li>\n\n\n\n<li>Fotografie po\u0161koden\u00e9ho produktu<\/li>\n\n\n\n<li>Fotografie balenia<\/li>\n<\/ul>\n\n\n\n<p>N\u00e1\u0161 t\u00edm podpory zabezpe\u010d\u00ed <strong>n\u00e1hradu alebo refund\u00e1ciu<\/strong> \u010do najsk\u00f4r.<\/p>\n\n\n\n<hr class=\"wp-block-separator has-alpha-channel-opacity\"\/>\n\n\n\n<h1 class=\"wp-block-heading\">7. \u010co ak dostanem nespr\u00e1vny produkt?<\/h1>\n\n\n\n<p>Ak dostanete nespr\u00e1vny produkt, pros\u00edm kontaktujte <strong>contact@wireless-carplay-box.com<\/strong> s:<\/p>\n\n\n\n<ul class=\"wp-block-list\">\n<li>Va\u0161e \u010d\u00edslo objedn\u00e1vky<\/li>\n\n\n\n<li>Fotografie prijat\u00e9ho produktu<\/li>\n<\/ul>\n\n\n\n<p>Presk\u00famame probl\u00e9m a po\u0161leme spr\u00e1vny produkt alebo poskytneme vhodn\u00e9 rie\u0161enie.<\/p>\n\n\n\n<hr class=\"wp-block-separator has-alpha-channel-opacity\"\/>\n\n\n\n<h1 class=\"wp-block-heading\">8. M\u00f4\u017eem zru\u0161i\u0165 svoju objedn\u00e1vku?<\/h1>\n\n\n\n<p>Ano. Objedn\u00e1vky je mo\u017en\u00e9 zvy\u010dajne zru\u0161i\u0165 <strong>do 12 hod\u00edn od ich vytvorenia<\/strong>.<\/p>\n\n\n\n<p>Po uplynut\u00ed tejto doby m\u00f4\u017ee by\u0165 objedn\u00e1vka u\u017e spracovan\u00e1 a pripraven\u00e1 na odoslanie. Ak potrebujete zru\u0161i\u0165 svoju objedn\u00e1vku, kontaktujte n\u00e1s okam\u017eite na <strong>contact@wireless-carplay-box.com<\/strong>.<\/p>\n\n\n\n<hr class=\"wp-block-separator has-alpha-channel-opacity\"\/>\n\n\n\n<h1 class=\"wp-block-heading\">9. Pon\u00fakate z\u013eavov\u00e9 k\u00f3dy?<\/h1>\n\n\n\n<p>Ano! <strong>Wireless CarPlay Solutions<\/strong> ob\u010das pon\u00faka \u0161peci\u00e1lne akcie, z\u013eavy a \u010dasovo obmedzen\u00e9 ponuky.<\/p>\n\n\n\n<p>Z\u013eavov\u00e9 k\u00f3dy m\u00f4\u017eete uplatni\u0165 pri pokladni v <strong>pol\u00ed pre promo k\u00f3d<\/strong>. Nezabudnite sa prihl\u00e1si\u0165 na odber n\u00e1\u0161ho newslettera alebo sledova\u0165 na\u0161e aktualiz\u00e1cie, aby ste boli informovan\u00ed o nadch\u00e1dzaj\u00facich ponuk\u00e1ch.<\/p>\n\n\n\n<hr class=\"wp-block-separator has-alpha-channel-opacity\"\/>\n\n\n\n<h1 class=\"wp-block-heading\">10. Ako m\u00f4\u017eem kontaktova\u0165 z\u00e1kazn\u00edcku podporu?<\/h1>\n\n\n\n<p>N\u00e1\u0161 t\u00edm z\u00e1kazn\u00edckej podpory je tu, aby pomohol.<\/p>\n\n\n\n<p>Ak m\u00e1te ak\u00e9ko\u013evek ot\u00e1zky t\u00fdkaj\u00face sa objedn\u00e1vok, produktov, dopravy alebo vr\u00e1tenia, pros\u00edm kontaktujte n\u00e1s na:<\/p>\n\n\n\n<p><strong>Email:<\/strong> contact@wireless-carplay-box.com<\/p>\n\n\n\n<p>Sna\u017e\u00edme sa odpoveda\u0165 na v\u0161etky ot\u00e1zky do <strong>24\u201348 hod\u00edn<\/strong> po\u010das pracovn\u00fdch dn\u00ed.<\/p>\n\n\n\n<hr class=\"wp-block-separator has-alpha-channel-opacity\"\/>\n\n\n\n<p>\u010eakujeme, \u017ee nakupujete s <strong>Wireless CarPlay Solutions<\/strong>! V\u00e1\u017e\u00edme si va\u0161ej d\u00f4very a sme tu, aby sme pomohli.<\/p>\n","protected":false},"excerpt":{"rendered":"<p>Vitajte na str\u00e1nke FAQ Wireless CarPlay Solutions. Tu n\u00e1jdete odpovede na be\u017en\u00e9 ot\u00e1zky t\u00fdkaj\u00face sa objedn\u00e1vania, dopravy, vr\u00e1tenia a \u010fal\u0161\u00edch t\u00e9m. Ak nen\u00e1jdete odpove\u010f, ktor\u00fa h\u013ead\u00e1te, nev\u00e1hajte kontaktova\u0165 n\u00e1\u0161 t\u00edm podpory na contact@wireless-carplay-box.com. 1. Ako dlho trv\u00e1 doprava? Ke\u010f\u017ee Wireless CarPlay Solutions zasiela produkty po celom svete prostredn\u00edctvom d\u00f4veryhodn\u00fdch dod\u00e1vate\u013eov, dodacie lehoty sa m\u00f4\u017eu l\u00ed\u0161i\u0165 [&hellip;]<\/p>\n","protected":false},"author":1,"featured_media":0,"parent":0,"menu_order":0,"comment_status":"closed","ping_status":"closed","template":"","meta":{"footnotes":""},"class_list":["post-7231","page","type-page","status-publish","hentry"],"_links":{"self":[{"href":"https:\/\/wireless-carplay-box.com\/sk\/wp-json\/wp\/v2\/pages\/7231","targetHints":{"allow":["GET"]}}],"collection":[{"href":"https:\/\/wireless-carplay-box.com\/sk\/wp-json\/wp\/v2\/pages"}],"about":[{"href":"https:\/\/wireless-carplay-box.com\/sk\/wp-json\/wp\/v2\/types\/page"}],"author":[{"embeddable":true,"href":"https:\/\/wireless-carplay-box.com\/sk\/wp-json\/wp\/v2\/users\/1"}],"replies":[{"embeddable":true,"href":"https:\/\/wireless-carplay-box.com\/sk\/wp-json\/wp\/v2\/comments?post=7231"}],"version-history":[{"count":2,"href":"https:\/\/wireless-carplay-box.com\/sk\/wp-json\/wp\/v2\/pages\/7231\/revisions"}],"predecessor-version":[{"id":8141,"href":"https:\/\/wireless-carplay-box.com\/sk\/wp-json\/wp\/v2\/pages\/7231\/revisions\/8141"}],"wp:attachment":[{"href":"https:\/\/wireless-carplay-box.com\/sk\/wp-json\/wp\/v2\/media?parent=7231"}],"curies":[{"name":"wp","href":"https:\/\/api.w.org\/{rel}","templated":true}]}}