{"id":7858,"date":"2026-04-04T02:26:10","date_gmt":"2026-04-04T02:26:10","guid":{"rendered":"https:\/\/wireless-carplay-box.com\/sk\/?post_type=product&#038;p=7858"},"modified":"2026-04-04T02:26:19","modified_gmt":"2026-04-04T02:26:19","slug":"bezdrotovy-automobilovy-vysavac-2-v-1-vysavanie-a-fukanie","status":"publish","type":"product","link":"https:\/\/wireless-carplay-box.com\/sk\/product\/bezdrotovy-automobilovy-vysavac-2-v-1-vysavanie-a-fukanie\/","title":{"rendered":"Bezdr\u00f4tov\u00fd automobilov\u00fd vys\u00e1va\u010d 2 v 1: Vys\u00e1vanie a F\u00fakanie"},"content":{"rendered":"","protected":false},"excerpt":{"rendered":"","protected":false},"featured_media":7909,"comment_status":"closed","ping_status":"closed","template":"","meta":[],"product_brand":[],"product_cat":[],"product_tag":[],"class_list":{"0":"post-7858","1":"product","2":"type-product","3":"status-publish","4":"has-post-thumbnail","7":"first","8":"instock","9":"taxable","10":"shipping-taxable","11":"purchasable","12":"product-type-simple"},"_links":{"self":[{"href":"https:\/\/wireless-carplay-box.com\/sk\/wp-json\/wp\/v2\/product\/7858","targetHints":{"allow":["GET"]}}],"collection":[{"href":"https:\/\/wireless-carplay-box.com\/sk\/wp-json\/wp\/v2\/product"}],"about":[{"href":"https:\/\/wireless-carplay-box.com\/sk\/wp-json\/wp\/v2\/types\/product"}],"replies":[{"embeddable":true,"href":"https:\/\/wireless-carplay-box.com\/sk\/wp-json\/wp\/v2\/comments?post=7858"}],"wp:featuredmedia":[{"embeddable":true,"href":"https:\/\/wireless-carplay-box.com\/sk\/wp-json\/wp\/v2\/media\/7909"}],"wp:attachment":[{"href":"https:\/\/wireless-carplay-box.com\/sk\/wp-json\/wp\/v2\/media?parent=7858"}],"wp:term":[{"taxonomy":"product_brand","embeddable":true,"href":"https:\/\/wireless-carplay-box.com\/sk\/wp-json\/wp\/v2\/product_brand?post=7858"},{"taxonomy":"product_cat","embeddable":true,"href":"https:\/\/wireless-carplay-box.com\/sk\/wp-json\/wp\/v2\/product_cat?post=7858"},{"taxonomy":"product_tag","embeddable":true,"href":"https:\/\/wireless-carplay-box.com\/sk\/wp-json\/wp\/v2\/product_tag?post=7858"}],"curies":[{"name":"wp","href":"https:\/\/api.w.org\/{rel}","templated":true}]}}