{"id":7886,"date":"2026-04-04T02:26:14","date_gmt":"2026-04-04T02:26:14","guid":{"rendered":"https:\/\/wireless-carplay-box.com\/sk\/?post_type=product&#038;p=7886"},"modified":"2026-04-04T02:26:29","modified_gmt":"2026-04-04T02:26:29","slug":"suprava-na-demontaz","status":"publish","type":"product","link":"https:\/\/wireless-carplay-box.com\/sk\/product\/suprava-na-demontaz\/","title":{"rendered":"S\u00faprava na demont\u00e1\u017e"},"content":{"rendered":"","protected":false},"excerpt":{"rendered":"","protected":false},"featured_media":7937,"comment_status":"closed","ping_status":"closed","template":"","meta":[],"product_brand":[],"product_cat":[467],"product_tag":[],"class_list":{"0":"post-7886","1":"product","2":"type-product","3":"status-publish","4":"has-post-thumbnail","6":"product_cat-boxy-carplay","8":"first","9":"instock","10":"taxable","11":"shipping-taxable","12":"purchasable","13":"product-type-simple"},"_links":{"self":[{"href":"https:\/\/wireless-carplay-box.com\/sk\/wp-json\/wp\/v2\/product\/7886","targetHints":{"allow":["GET"]}}],"collection":[{"href":"https:\/\/wireless-carplay-box.com\/sk\/wp-json\/wp\/v2\/product"}],"about":[{"href":"https:\/\/wireless-carplay-box.com\/sk\/wp-json\/wp\/v2\/types\/product"}],"replies":[{"embeddable":true,"href":"https:\/\/wireless-carplay-box.com\/sk\/wp-json\/wp\/v2\/comments?post=7886"}],"wp:featuredmedia":[{"embeddable":true,"href":"https:\/\/wireless-carplay-box.com\/sk\/wp-json\/wp\/v2\/media\/7937"}],"wp:attachment":[{"href":"https:\/\/wireless-carplay-box.com\/sk\/wp-json\/wp\/v2\/media?parent=7886"}],"wp:term":[{"taxonomy":"product_brand","embeddable":true,"href":"https:\/\/wireless-carplay-box.com\/sk\/wp-json\/wp\/v2\/product_brand?post=7886"},{"taxonomy":"product_cat","embeddable":true,"href":"https:\/\/wireless-carplay-box.com\/sk\/wp-json\/wp\/v2\/product_cat?post=7886"},{"taxonomy":"product_tag","embeddable":true,"href":"https:\/\/wireless-carplay-box.com\/sk\/wp-json\/wp\/v2\/product_tag?post=7886"}],"curies":[{"name":"wp","href":"https:\/\/api.w.org\/{rel}","templated":true}]}}