{"id":7224,"date":"2026-03-13T22:52:42","date_gmt":"2026-03-13T22:52:42","guid":{"rendered":"https:\/\/master.birthday-gifts-her.com\/?page_id=7224"},"modified":"2026-04-04T03:09:36","modified_gmt":"2026-04-04T03:09:36","slug":"return-refund-policy","status":"publish","type":"page","link":"https:\/\/wireless-carplay-box.com\/sl\/return-refund-policy\/","title":{"rendered":"Politika Vra\u010dil in Povra\u010dil"},"content":{"rendered":"\n<p>Pri <strong>Wireless CarPlay Solutions<\/strong> \u017eelimo, da se pri nakupovanju pri nas po\u010dutite samozavestno. \u010ce niste popolnoma zadovoljni s svojim nakupom, ponujamo <strong>30-dnevno politiko vra\u010dila<\/strong>, da bo postopek preprost in po\u0161ten.<\/p>\n\n\n\n<p>\u010ce imate kakr\u0161na koli vpra\u0161anja, nas prosimo kontaktirajte na:<br><strong>Email:<\/strong> contact@wireless-carplay-box.com<\/p>\n\n\n\n<hr class=\"wp-block-separator has-alpha-channel-opacity\"\/>\n\n\n\n<h1 class=\"wp-block-heading\">1. Okno za vra\u010dilo<\/h1>\n\n\n\n<p>Imate <strong>30 dni od datuma, ko prejmete naro\u010dilo<\/strong>, da zahtevate vra\u010dilo.<\/p>\n\n\n\n<p>Da bi bili upravi\u010deni do vra\u010dila, morajo biti predmeti:<\/p>\n\n\n\n<ul class=\"wp-block-list\">\n<li>Biti neuporabljeni in v prvotnem stanju<\/li>\n\n\n\n<li>Biti vrnjeni v originalni embala\u017ei, kadar je to mogo\u010de<\/li>\n\n\n\n<li>Vklju\u010devati dokazilo o nakupu (\u0161tevilka naro\u010dila ali ra\u010dun)<\/li>\n<\/ul>\n\n\n\n<p>Predmeti, ki so vrnjeni brez predhodnega odobrenja, morda ne bodo sprejeti.<\/p>\n\n\n\n<hr class=\"wp-block-separator has-alpha-channel-opacity\"\/>\n\n\n\n<h1 class=\"wp-block-heading\">2. Kako zahtevati vra\u010dilo<\/h1>\n\n\n\n<p>Vra\u010dilo predmeta je preprosto. Sledite tem korakom:<\/p>\n\n\n\n<p><strong>Korak 1 \u2014 Kontaktirajte nas<\/strong><br>Po\u0161ljite nam email na <strong>contact@wireless-carplay-box.com<\/strong> z:<\/p>\n\n\n\n<ul class=\"wp-block-list\">\n<li>Va\u0161a \u0161tevilka naro\u010dila<\/li>\n\n\n\n<li>Predmet, ki ga \u017eelite vrniti<\/li>\n\n\n\n<li>Razlog za vra\u010dilo (neobvezno, a koristno)<\/li>\n<\/ul>\n\n\n\n<p><strong>Korak 2 \u2014 Navodila za vra\u010dilo<\/strong><br>Na\u0161a ekipa za podporo bo pregledala va\u0161o zahtevo in vam posredovala navodila za vra\u010dilo.<\/p>\n\n\n\n<p><strong>Korak 3 \u2014 Po\u0161ljite predmet nazaj<\/strong><br>Ko bo odobreno, po\u0161ljite predmet na naslov za vra\u010dilo, ki ga navedemo v na\u0161em emailu.<\/p>\n\n\n\n<hr class=\"wp-block-separator has-alpha-channel-opacity\"\/>\n\n\n\n<h1 class=\"wp-block-heading\">3. Vra\u010dila<\/h1>\n\n\n\n<p>Ko prejmemo in pregledamo va\u0161 vrnjen predmet:<\/p>\n\n\n\n<ul class=\"wp-block-list\">\n<li>Obvestili vas bomo o odobritvi ali zavrnitvi va\u0161ega vra\u010dila.<\/li>\n\n\n\n<li>\u010ce bo odobreno, bo va\u0161e vra\u010dilo obdelano na va\u0161o <strong>izvirno pla\u010dilno metodo<\/strong>.<\/li>\n<\/ul>\n\n\n\n<p>Prosimo, da omogo\u010dite <strong>5\u201310 delovnih dni<\/strong> za vra\u010dilo, da se prika\u017ee na va\u0161em ra\u010dunu, odvisno od va\u0161ega ponudnika pla\u010dil.<\/p>\n\n\n\n<hr class=\"wp-block-separator has-alpha-channel-opacity\"\/>\n\n\n\n<h1 class=\"wp-block-heading\">4. Po\u0161kodovani ali napa\u010dni predmeti<\/h1>\n\n\n\n<p>\u010ce va\u0161e naro\u010dilo prispe <strong>po\u0161kodovano, defektno ali napa\u010dno<\/strong>, nas prosimo kontaktirajte v <strong>7 dneh po dostavi<\/strong>.<\/p>\n\n\n\n<p>Vklju\u010dite:<\/p>\n\n\n\n<ul class=\"wp-block-list\">\n<li>Va\u0161a \u0161tevilka naro\u010dila<\/li>\n\n\n\n<li>Opis te\u017eave<\/li>\n\n\n\n<li>Fotografije predmeta in embala\u017ee<\/li>\n<\/ul>\n\n\n\n<p>Uredili bomo <strong>zamenjavo ali polno vra\u010dilo<\/strong> \u010dim prej.<\/p>\n\n\n\n<hr class=\"wp-block-separator has-alpha-channel-opacity\"\/>\n\n\n\n<h1 class=\"wp-block-heading\">5. Predmeti, ki jih ni mogo\u010de vrniti<\/h1>\n\n\n\n<p>Nekateri izdelki morda ne bodo upravi\u010deni do vra\u010dila, vklju\u010dno z:<\/p>\n\n\n\n<ul class=\"wp-block-list\">\n<li>Predmeti, ki so bili uporabljeni ali no\u0161eni<\/li>\n\n\n\n<li>Predmeti, po\u0161kodovani po dostavi<\/li>\n\n\n\n<li>Osebni ali higienski predmeti (kadar je to primerno)<\/li>\n<\/ul>\n\n\n\n<p>\u010ce niste prepri\u010dani, ali va\u0161 predmet ustreza vra\u010dilu, nas prosimo kontaktirajte.<\/p>\n\n\n\n<hr class=\"wp-block-separator has-alpha-channel-opacity\"\/>\n\n\n\n<h1 class=\"wp-block-heading\">6. Stro\u0161ki vra\u010dila<\/h1>\n\n\n\n<p>Stranke so odgovorne za stro\u0161ke vra\u010dila, razen \u010de:<\/p>\n\n\n\n<ul class=\"wp-block-list\">\n<li>Predmet je prispel po\u0161kodovan<\/li>\n\n\n\n<li>Predmet je defekten<\/li>\n\n\n\n<li>Napa\u010den predmet je bil dostavljen<\/li>\n<\/ul>\n\n\n\n<p>Stro\u0161ki po\u0161iljanja iz prvotnega naro\u010dila so <strong>nepovratni<\/strong>, razen \u010de je vra\u010dilo posledica na\u0161e napake.<\/p>\n\n\n\n<hr class=\"wp-block-separator has-alpha-channel-opacity\"\/>\n\n\n\n<h1 class=\"wp-block-heading\">7. Preklic naro\u010dila<\/h1>\n\n\n\n<p>Naro\u010dila je mogo\u010de preklicati <strong>v 12 urah po nakupu<\/strong>. Po tem obdobju je naro\u010dilo morda \u017ee obdelano in pripravljeno za po\u0161iljanje.<\/p>\n\n\n\n<p>Za zahtevo za preklic nas takoj kontaktirajte na <strong>contact@wireless-carplay-box.com<\/strong>.<\/p>\n\n\n\n<hr class=\"wp-block-separator has-alpha-channel-opacity\"\/>\n\n\n\n<h1 class=\"wp-block-heading\">8. Vra\u010dila po svetu<\/h1>\n\n\n\n<p>Ker <strong>Wireless CarPlay Solutions<\/strong> po\u0161ilja po vsem svetu, se lahko \u010dasi vra\u010dila razlikujejo glede na va\u0161o lokacijo. Priporo\u010damo uporabo <strong>sledljive po\u0161tne storitve<\/strong> pri vra\u010danju predmetov.<\/p>\n\n\n\n<hr class=\"wp-block-separator has-alpha-channel-opacity\"\/>\n\n\n\n<h1 class=\"wp-block-heading\">9. Kontaktirajte nas<\/h1>\n\n\n\n<p>\u010ce imate kakr\u0161na koli vpra\u0161anja glede vra\u010dil ali vra\u010dil denarja, se obrnite na na\u0161o podporno ekipo.<\/p>\n\n\n\n<p><strong>Ime podjetja:<\/strong> Wireless CarPlay Solutions<br><strong>Email:<\/strong> contact@wireless-carplay-box.com<\/p>\n\n\n\n<p>Tu smo, da vam pomagamo in bomo storili vse, kar je v na\u0161i mo\u010di, da hitro re\u0161imo morebitne te\u017eave.<\/p>\n","protected":false},"excerpt":{"rendered":"<p>Pri Wireless CarPlay Solutions \u017eelimo, da se pri nakupovanju pri nas po\u010dutite samozavestno. \u010ce niste popolnoma zadovoljni s svojim nakupom, ponujamo 30-dnevno politiko vra\u010dila, da bo postopek preprost in po\u0161ten. \u010ce imate kakr\u0161na koli vpra\u0161anja, nas prosimo kontaktirajte na:Email: contact@wireless-carplay-box.com 1. Okno za vra\u010dilo Imate 30 dni od datuma, ko prejmete naro\u010dilo, da zahtevate vra\u010dilo. [&hellip;]<\/p>\n","protected":false},"author":1,"featured_media":0,"parent":0,"menu_order":0,"comment_status":"closed","ping_status":"closed","template":"","meta":{"footnotes":""},"class_list":["post-7224","page","type-page","status-publish","hentry"],"_links":{"self":[{"href":"https:\/\/wireless-carplay-box.com\/sl\/wp-json\/wp\/v2\/pages\/7224","targetHints":{"allow":["GET"]}}],"collection":[{"href":"https:\/\/wireless-carplay-box.com\/sl\/wp-json\/wp\/v2\/pages"}],"about":[{"href":"https:\/\/wireless-carplay-box.com\/sl\/wp-json\/wp\/v2\/types\/page"}],"author":[{"embeddable":true,"href":"https:\/\/wireless-carplay-box.com\/sl\/wp-json\/wp\/v2\/users\/1"}],"replies":[{"embeddable":true,"href":"https:\/\/wireless-carplay-box.com\/sl\/wp-json\/wp\/v2\/comments?post=7224"}],"version-history":[{"count":2,"href":"https:\/\/wireless-carplay-box.com\/sl\/wp-json\/wp\/v2\/pages\/7224\/revisions"}],"predecessor-version":[{"id":8138,"href":"https:\/\/wireless-carplay-box.com\/sl\/wp-json\/wp\/v2\/pages\/7224\/revisions\/8138"}],"wp:attachment":[{"href":"https:\/\/wireless-carplay-box.com\/sl\/wp-json\/wp\/v2\/media?parent=7224"}],"curies":[{"name":"wp","href":"https:\/\/api.w.org\/{rel}","templated":true}]}}