{"id":7231,"date":"2026-03-14T00:06:26","date_gmt":"2026-03-14T00:06:26","guid":{"rendered":"https:\/\/master.birthday-gifts-her.com\/?page_id=7231"},"modified":"2026-04-04T03:09:52","modified_gmt":"2026-04-04T03:09:52","slug":"frequently-asked-questions-faq","status":"publish","type":"page","link":"https:\/\/wireless-carplay-box.com\/sl\/frequently-asked-questions-faq\/","title":{"rendered":"Pogosto Zastavljena Vpra\u0161anja (FAQ)"},"content":{"rendered":"\n<p>Dobrodo\u0161li na stran s pogostimi vpra\u0161anji <strong>Wireless CarPlay Solutions<\/strong>. Tukaj boste na\u0161li odgovore na pogosta vpra\u0161anja o naro\u010danju, po\u0161iljanju, vra\u010dilih in \u0161e ve\u010d. \u010ce ne najdete odgovora, ki ga i\u0161\u010dete, se obrnite na na\u0161o podporo na <strong>contact@wireless-carplay-box.com<\/strong>.<\/p>\n\n\n\n<h1 class=\"wp-block-heading\">1. Koliko \u010dasa traja po\u0161iljanje?<\/h1>\n\n\n\n<p>Ker <strong>Wireless CarPlay Solutions<\/strong> po\u0161ilja izdelke po vsem svetu preko zaupanja vrednih dobaviteljev, se lahko \u010das dostave razlikuje glede na va\u0161o lokacijo. Pri <strong>Wireless CarPlay Solutions<\/strong> trenutno po\u0161iljamo po <strong>Evropi<\/strong> preko na\u0161ih zaupanja vrednih logisti\u010dnih partnerjev.<\/p>\n\n\n\n<p>Dostava obi\u010dajno traja <strong>5\u201310 delovnih dni<\/strong>, odvisno od va\u0161e dr\u017eave in lokalnih dostavnih pogojev.<\/p>\n\n\n\n<p>Ko bo va\u0161e naro\u010dilo odposlano, boste prejeli <strong>potrdilni e-po\u0161tni naslov s \u0161tevilko za sledenje<\/strong>, da boste lahko spremljali svoj paket.<\/p>\n\n\n\n<p>Upo\u0161tevajte, da lahko ob\u010dasno pride do zamud zaradi te\u017eav s prevozniki ali obdobij visoke povpra\u0161evanja.<\/p>\n\n\n\n<hr class=\"wp-block-separator has-alpha-channel-opacity\"\/>\n\n\n\n<h1 class=\"wp-block-heading\">2. Koliko stane po\u0161iljanje?<\/h1>\n\n\n\n<p>Stro\u0161ki po\u0161iljanja so odvisni od va\u0161e lokacije in predmetov, ki jih naro\u010dite.<\/p>\n\n\n\n<p>Na <strong>natan\u010dne stro\u0161ke po\u0161iljanja boste naleteli pri blagajni<\/strong> pred dokon\u010danjem nakupa. Ob\u010dasno <strong>Wireless CarPlay Solutions<\/strong> ponuja promocije brezpla\u010dnega po\u0161iljanja.<\/p>\n\n\n\n<hr class=\"wp-block-separator has-alpha-channel-opacity\"\/>\n\n\n\n<h1 class=\"wp-block-heading\">3. Kako lahko spremljam svoje naro\u010dilo?<\/h1>\n\n\n\n<p>Ko bo va\u0161e naro\u010dilo obdelano in odposlano, boste prejeli <strong>e-po\u0161tno sporo\u010dilo o potrditvi po\u0161iljanja<\/strong> s \u0161tevilko za sledenje.<\/p>\n\n\n\n<p>To \u0161tevilko za sledenje lahko uporabite za spremljanje napredka va\u0161ega paketa preko spletne strani prevoznika.<\/p>\n\n\n\n<p>\u010ce potrebujete pomo\u010d pri iskanju informacij o sledenju, nas kontaktirajte na <strong>contact@wireless-carplay-box.com<\/strong>.<\/p>\n\n\n\n<hr class=\"wp-block-separator has-alpha-channel-opacity\"\/>\n\n\n\n<h1 class=\"wp-block-heading\">4. Katere na\u010dine pla\u010dila sprejemate?<\/h1>\n\n\n\n<p><strong>Wireless CarPlay Solutions<\/strong> sprejema ve\u010d varnih na\u010dinov pla\u010dila, vklju\u010dno z:<\/p>\n\n\n\n<ul class=\"wp-block-list\">\n<li>Kreditne kartice (Visa, Mastercard, American Express)<\/li>\n\n\n\n<li>Debetne kartice<\/li>\n\n\n\n<li>Varne spletne pla\u010dilne storitve (odvisno od mo\u017enosti blagajne)<\/li>\n<\/ul>\n\n\n\n<p>Vsa pla\u010dila se obdelujejo preko varnih pla\u010dilnih ponudnikov, da zagotovimo, da so va\u0161e informacije za\u0161\u010ditene.<\/p>\n\n\n\n<hr class=\"wp-block-separator has-alpha-channel-opacity\"\/>\n\n\n\n<h1 class=\"wp-block-heading\">5. Kak\u0161na je va\u0161a politika vra\u010dil in povra\u010dil?<\/h1>\n\n\n\n<p>Ponujamo <strong>30-dnevno politiko vra\u010dila<\/strong> za ve\u010dino izdelkov.<\/p>\n\n\n\n<p>\u010ce niste zadovoljni s svojim nakupom, lahko zahtevate vra\u010dilo v <strong>30 dneh po prejemu naro\u010dila<\/strong>. Predmeti morajo biti neuporabljeni in v prvotnem stanju.<\/p>\n\n\n\n<p>Za za\u010detek vra\u010dila nas kontaktirajte na <strong>contact@wireless-carplay-box.com<\/strong> s \u0161tevilko naro\u010dila.<\/p>\n\n\n\n<hr class=\"wp-block-separator has-alpha-channel-opacity\"\/>\n\n\n\n<h1 class=\"wp-block-heading\">6. Kaj naj storim, \u010de moj izdelek prispe po\u0161kodovan?<\/h1>\n\n\n\n<p>\u017dal nam je, \u010de se to zgodi. \u010ce va\u0161 izdelek prispe <strong>po\u0161kodovan ali defekten<\/strong>, nas prosimo kontaktirajte v <strong>7 dneh po prejemu naro\u010dila<\/strong>.<\/p>\n\n\n\n<p>Vklju\u010dite:<\/p>\n\n\n\n<ul class=\"wp-block-list\">\n<li>Va\u0161a \u0161tevilka naro\u010dila<\/li>\n\n\n\n<li>Fotografije po\u0161kodovanega izdelka<\/li>\n\n\n\n<li>Fotografije embala\u017ee<\/li>\n<\/ul>\n\n\n\n<p>Na\u0161a podpora bo \u010dim prej uredila <strong>zamenjavo ali povra\u010dilo<\/strong>.<\/p>\n\n\n\n<hr class=\"wp-block-separator has-alpha-channel-opacity\"\/>\n\n\n\n<h1 class=\"wp-block-heading\">7. Kaj \u010de prejmem napa\u010den izdelek?<\/h1>\n\n\n\n<p>\u010ce prejmete napa\u010den izdelek, nas prosimo kontaktirajte na <strong>contact@wireless-carplay-box.com<\/strong> z:<\/p>\n\n\n\n<ul class=\"wp-block-list\">\n<li>Va\u0161a \u0161tevilka naro\u010dila<\/li>\n\n\n\n<li>Fotografije prejetega izdelka<\/li>\n<\/ul>\n\n\n\n<p>Preverili bomo te\u017eavo in poslali pravilen izdelek ali ponudili ustrezno re\u0161itev.<\/p>\n\n\n\n<hr class=\"wp-block-separator has-alpha-channel-opacity\"\/>\n\n\n\n<h1 class=\"wp-block-heading\">8. Ali lahko prekli\u010dem svoje naro\u010dilo?<\/h1>\n\n\n\n<p>Da. Naro\u010dila je obi\u010dajno mogo\u010de preklicati <strong>v 12 urah po oddaji<\/strong>.<\/p>\n\n\n\n<p>Po tem \u010dasu je naro\u010dilo morda \u017ee obdelano in pripravljeno za po\u0161iljanje. \u010ce morate preklicati svoje naro\u010dilo, nas takoj kontaktirajte na <strong>contact@wireless-carplay-box.com<\/strong>.<\/p>\n\n\n\n<hr class=\"wp-block-separator has-alpha-channel-opacity\"\/>\n\n\n\n<h1 class=\"wp-block-heading\">9. Ali ponujate kode za popust?<\/h1>\n\n\n\n<p>Da! <strong>Wireless CarPlay Solutions<\/strong> ob\u010dasno ponuja posebne promocije, popuste in omejene ponudbe.<\/p>\n\n\n\n<p>Kode za popust lahko uporabite med blagajno v <strong>polju za promocijsko kodo<\/strong>. Prepri\u010dajte se, da se prijavite na na\u0161e novice ali sledite na\u0161im posodobitvam, da boste obve\u0161\u010deni o prihajajo\u010dih ponudbah.<\/p>\n\n\n\n<hr class=\"wp-block-separator has-alpha-channel-opacity\"\/>\n\n\n\n<h1 class=\"wp-block-heading\">10. Kako lahko kontaktiram podporo strankam?<\/h1>\n\n\n\n<p>Na\u0161a ekipa za podporo strankam je tukaj, da pomaga.<\/p>\n\n\n\n<p>\u010ce imate kakr\u0161na koli vpra\u0161anja o naro\u010dilih, izdelkih, po\u0161iljanju ali vra\u010dilih, nas prosimo kontaktirajte na:<\/p>\n\n\n\n<p><strong>E-po\u0161ta:<\/strong> contact@wireless-carplay-box.com<\/p>\n\n\n\n<p>Trudimo se, da na vsa vpra\u0161anja odgovorimo v <strong>24\u201348 urah<\/strong> med delovnimi dnevi.<\/p>\n\n\n\n<hr class=\"wp-block-separator has-alpha-channel-opacity\"\/>\n\n\n\n<p>Hvala, da nakupujete pri <strong>Wireless CarPlay Solutions<\/strong>! Cenimo va\u0161e zaupanje in smo vedno tukaj, da pomagamo.<\/p>\n","protected":false},"excerpt":{"rendered":"<p>Dobrodo\u0161li na stran s pogostimi vpra\u0161anji Wireless CarPlay Solutions. Tukaj boste na\u0161li odgovore na pogosta vpra\u0161anja o naro\u010danju, po\u0161iljanju, vra\u010dilih in \u0161e ve\u010d. \u010ce ne najdete odgovora, ki ga i\u0161\u010dete, se obrnite na na\u0161o podporo na contact@wireless-carplay-box.com. 1. Koliko \u010dasa traja po\u0161iljanje? Ker Wireless CarPlay Solutions po\u0161ilja izdelke po vsem svetu preko zaupanja vrednih dobaviteljev, [&hellip;]<\/p>\n","protected":false},"author":1,"featured_media":0,"parent":0,"menu_order":0,"comment_status":"closed","ping_status":"closed","template":"","meta":{"footnotes":""},"class_list":["post-7231","page","type-page","status-publish","hentry"],"_links":{"self":[{"href":"https:\/\/wireless-carplay-box.com\/sl\/wp-json\/wp\/v2\/pages\/7231","targetHints":{"allow":["GET"]}}],"collection":[{"href":"https:\/\/wireless-carplay-box.com\/sl\/wp-json\/wp\/v2\/pages"}],"about":[{"href":"https:\/\/wireless-carplay-box.com\/sl\/wp-json\/wp\/v2\/types\/page"}],"author":[{"embeddable":true,"href":"https:\/\/wireless-carplay-box.com\/sl\/wp-json\/wp\/v2\/users\/1"}],"replies":[{"embeddable":true,"href":"https:\/\/wireless-carplay-box.com\/sl\/wp-json\/wp\/v2\/comments?post=7231"}],"version-history":[{"count":2,"href":"https:\/\/wireless-carplay-box.com\/sl\/wp-json\/wp\/v2\/pages\/7231\/revisions"}],"predecessor-version":[{"id":8141,"href":"https:\/\/wireless-carplay-box.com\/sl\/wp-json\/wp\/v2\/pages\/7231\/revisions\/8141"}],"wp:attachment":[{"href":"https:\/\/wireless-carplay-box.com\/sl\/wp-json\/wp\/v2\/media?parent=7231"}],"curies":[{"name":"wp","href":"https:\/\/api.w.org\/{rel}","templated":true}]}}